{"id":9485,"date":"2023-02-01T13:01:20","date_gmt":"2023-02-01T12:01:20","guid":{"rendered":"https:\/\/nmsstleonhard-forst.ac.at\/?page_id=9485"},"modified":"2023-02-01T13:02:26","modified_gmt":"2023-02-01T12:02:26","slug":"informative-links-zur-berufsorientierung","status":"publish","type":"page","link":"https:\/\/nmsstleonhard-forst.ac.at\/?page_id=9485","title":{"rendered":"Informative Links zur Berufsorientierung"},"content":{"rendered":"\n<p class=\"has-large-font-size\"><\/p>\n\n\n\n<div class=\"wp-block-columns is-layout-flex wp-container-core-columns-is-layout-9d6595d7 wp-block-columns-is-layout-flex\">\n<div class=\"wp-block-column is-layout-flow wp-block-column-is-layout-flow\" style=\"flex-basis:50%\">\n<p>Tipps f\u00fcr Bildungsentscheidungsprozesse<\/p>\n<\/div>\n\n\n\n<div class=\"wp-block-column is-layout-flow wp-block-column-is-layout-flow\" style=\"flex-basis:50%\">\n<p><a href=\"http:\/\/www.schulpsychologie.at\/\">http:\/\/www.schulpsychologie.at\/<\/a><\/p>\n<\/div>\n<\/div>\n\n\n\n<div class=\"wp-block-columns is-layout-flex wp-container-core-columns-is-layout-9d6595d7 wp-block-columns-is-layout-flex\">\n<div class=\"wp-block-column is-layout-flow wp-block-column-is-layout-flow\" style=\"flex-basis:50%\">\n<p>Internationales Berufsbilder-Lexikon<\/p>\n<\/div>\n\n\n\n<div class=\"wp-block-column is-layout-flow wp-block-column-is-layout-flow\" style=\"flex-basis:50%\">\n<p><a href=\"http:\/\/www.berufskunde.at\/\">http:\/\/www.berufskunde.at\/<\/a><\/p>\n<\/div>\n<\/div>\n\n\n\n<div class=\"wp-block-columns is-layout-flex wp-container-core-columns-is-layout-9d6595d7 wp-block-columns-is-layout-flex\">\n<div class=\"wp-block-column is-layout-flow wp-block-column-is-layout-flow\" style=\"flex-basis:50%\">\n<p>Entscheidungshilfen zur Berufswahl<\/p>\n<\/div>\n\n\n\n<div class=\"wp-block-column is-layout-flow wp-block-column-is-layout-flow\" style=\"flex-basis:50%\">\n<p><a href=\"http:\/\/www.berufsbilder.at\">http:\/\/www.berufsbilder.at<\/a><\/p>\n<\/div>\n<\/div>\n\n\n\n<div class=\"wp-block-columns is-layout-flex wp-container-core-columns-is-layout-9d6595d7 wp-block-columns-is-layout-flex\">\n<div class=\"wp-block-column is-layout-flow wp-block-column-is-layout-flow\" style=\"flex-basis:50%\">\n<p>WKO<\/p>\n<\/div>\n\n\n\n<div class=\"wp-block-column is-layout-flow wp-block-column-is-layout-flow\" style=\"flex-basis:50%\">\n<p><a href=\"http:\/\/www.lehre-respekt.at\">http:\/\/www.lehre-respekt.at<\/a><\/p>\n<\/div>\n<\/div>\n\n\n\n<p>Das <strong>Bewerbungsportal <\/strong>(<a href=\"http:\/\/www.ams.at\/bewerbung\">http:\/\/www.ams.at\/bewerbung<\/a>sportal) unterst\u00fctzt im gesamten Bewerbungsprozess \u2013 on der Standortanalyse \u00fcber Erstellung der Bewerbungsunterlagen bis zu Vertragsverhandlung.<\/p>\n\n\n\n<p>Der <strong>Berufskompass<\/strong> (<a href=\"http:\/\/www.berufskompass.at\">http:\/\/www.berufskompass.at<\/a>) ist das optimale Tool f\u00fcr die Berufsorientierung. Nach der anonymen Beantwortung des Fragebogens erh\u00e4lt man ein individuelles Ergebnisprofil sowie eine Liste passender Berufsvorschl\u00e4ge.<\/p>\n\n\n\n<p>Der <strong>Lehrlingskompass<\/strong> (<a href=\"http:\/\/www.berufskompass.at\/lehre\">http:\/\/www.berufskompass.at\/lehre<\/a>) ist ein Berufsorientierungstest f\u00fcr Lehrstellen-Interessierte. In ca. 15 Minuten erh\u00e4lt man ein individuelles Ergebnisprofil und eine Liste mit passenden Lehrberufen.<\/p>\n\n\n\n<p>Der<strong> Karrierekompass <\/strong>(<a href=\"http:\/\/www.karrierekompass.at\/\">http:\/\/www.karrierekompass.at\/<\/a>)<strong> <\/strong>ist das Einstiegs- und Informationsportal zu den Online Tools des AMS. Er liefert Ausk\u00fcnfte zu Aus- und Weiterbildungsm\u00f6glichkeiten, Bewerbungen, Arbeitsmarktdaten, Geh\u00e4lter und Chancen.<\/p>\n\n\n\n<p>Der<strong> Ausbildungskompass <\/strong>(<a href=\"http:\/\/www.ausbildungskompass.at\/\">http:\/\/www.ausbildungskompass.at\/<\/a>)&nbsp; bietet eine \u00fcbersichtliche, aber sehr detaillierte Darstellung des \u00f6sterreichischen Bildungssystems und verkn\u00fcpft Berufsbilder mit den dazu passenden Ausbildungsm\u00f6glichkeiten.<\/p>\n\n\n\n<p>Das <strong>Arbeitszimmer<\/strong> (<a href=\"http:\/\/www.arbeitszimmer.cc\/\">http:\/\/www.arbeitszimmer.cc<\/a>) ist die Jugendplattform rund um die Themen Ausbildung, Beruf und Bewerbung \u2013 Sie erhalten umfassende Informationen sowie News und Eventank\u00fcndigungen.<\/p>\n\n\n\n<p>Das <strong>Qualifikations-Barometer<\/strong> (<a href=\"http:\/\/www.ams.or.at\/qualifikationsbarometer\/\">http:\/\/www.ams.or.at\/qualifikationsbarometer\/<\/a>) zeigt aktuelle Arbeitsmarkt- und Qualifikationstrends auf und erm\u00f6glicht so die Einsch\u00e4tzung von Jobchancen und Qualifizierungsbedarf in unterschiedlichen Branchen und Berufen.<\/p>\n\n\n\n<p>Die <strong>Weiterbildungsdatenbank<\/strong> (<a href=\"http:\/\/www.weiterbildungsdatenbank.at\/\">http:\/\/www.weiterbildungsdatenbank.at\/<\/a>) erm\u00f6glicht die individuelle Suche nach Weiterbildungsangeboten in ganz \u00d6sterreich.<\/p>\n\n\n\n<p>Bildungsdirektion f\u00fcr N\u00d6: <a href=\"http:\/\/www.lsr-noe.gv.at\/\">http:\/\/www.lsr-noe.gv.at<\/a><\/p>\n\n\n\n<p>Berufsbildende Schulen: <a href=\"http:\/\/www.berufsbildendeschulen.at\/\">http:\/\/www.berufsbildendeschulen.at<\/a><\/p>\n\n\n\n<p>Technische u. gewerbliche Lehranstalten:<br \/><a href=\"http:\/\/htl.noeschule.at\/\">http:\/\/htl.noeschule.at<\/a><br \/><br \/>Fachhochschule, Universit\u00e4t, P\u00e4dagogische Hochschulen etc.:<br \/><a href=\"http:\/\/www.studienwahl.at\/\">http:\/\/www.studienwahl.at<\/a>, <a href=\"http:\/\/www.univie.ac.at\/\">http:\/\/www.univie.ac.at<\/a><br \/><\/p>\n","protected":false},"excerpt":{"rendered":"<p>Tipps f\u00fcr Bildungsentscheidungsprozesse http:\/\/www.schulpsychologie.at\/ Internationales Berufsbilder-Lexikon http:\/\/www.berufskunde.at\/ Entscheidungshilfen zur Berufswahl http:\/\/www.berufsbilder.at WKO http:\/\/www.lehre-respekt.at Das Bewerbungsportal (http:\/\/www.ams.at\/bewerbungsportal) unterst\u00fctzt im gesamten Bewerbungsprozess \u2013 on der Standortanalyse \u00fcber Erstellung der Bewerbungsunterlagen bis zu Vertragsverhandlung. Der Berufskompass (http:\/\/www.berufskompass.at) ist das optimale Tool f\u00fcr die Berufsorientierung. Nach der anonymen Beantwortung <a class=\"more-link\" href=\"https:\/\/nmsstleonhard-forst.ac.at\/?page_id=9485\">Weiterlesen\u00a0\u2026<\/a><\/p>\n","protected":false},"author":1,"featured_media":0,"parent":1978,"menu_order":3,"comment_status":"closed","ping_status":"closed","template":"","meta":{"footnotes":""},"class_list":["post-9485","page","type-page","status-publish","hentry"],"_links":{"self":[{"href":"https:\/\/nmsstleonhard-forst.ac.at\/index.php?rest_route=\/wp\/v2\/pages\/9485","targetHints":{"allow":["GET"]}}],"collection":[{"href":"https:\/\/nmsstleonhard-forst.ac.at\/index.php?rest_route=\/wp\/v2\/pages"}],"about":[{"href":"https:\/\/nmsstleonhard-forst.ac.at\/index.php?rest_route=\/wp\/v2\/types\/page"}],"author":[{"embeddable":true,"href":"https:\/\/nmsstleonhard-forst.ac.at\/index.php?rest_route=\/wp\/v2\/users\/1"}],"replies":[{"embeddable":true,"href":"https:\/\/nmsstleonhard-forst.ac.at\/index.php?rest_route=%2Fwp%2Fv2%2Fcomments&post=9485"}],"version-history":[{"count":2,"href":"https:\/\/nmsstleonhard-forst.ac.at\/index.php?rest_route=\/wp\/v2\/pages\/9485\/revisions"}],"predecessor-version":[{"id":9488,"href":"https:\/\/nmsstleonhard-forst.ac.at\/index.php?rest_route=\/wp\/v2\/pages\/9485\/revisions\/9488"}],"up":[{"embeddable":true,"href":"https:\/\/nmsstleonhard-forst.ac.at\/index.php?rest_route=\/wp\/v2\/pages\/1978"}],"wp:attachment":[{"href":"https:\/\/nmsstleonhard-forst.ac.at\/index.php?rest_route=%2Fwp%2Fv2%2Fmedia&parent=9485"}],"curies":[{"name":"wp","href":"https:\/\/api.w.org\/{rel}","templated":true}]}}