{"id":93,"date":"2010-09-29T16:08:40","date_gmt":"2010-09-29T14:08:40","guid":{"rendered":"http:\/\/hsstleonhard-forst.ac.at\/?page_id=93"},"modified":"2025-09-23T09:06:15","modified_gmt":"2025-09-23T07:06:15","slug":"lehrer","status":"publish","type":"page","link":"https:\/\/nmsstleonhard-forst.ac.at\/?page_id=93","title":{"rendered":"LehrerInnen"},"content":{"rendered":"<h2><\/h2>\n<h2 style=\"text-align: center;\">Schuljahr 2025-26<\/h2>\n<p><img loading=\"lazy\" decoding=\"async\" class=\"size-full wp-image-10900\" src=\"https:\/\/nmsstleonhard-forst.ac.at\/wp-content\/uploads\/2025\/09\/Lehrer_2025.jpg\" alt=\"\" width=\"1300\" height=\"939\" srcset=\"https:\/\/nmsstleonhard-forst.ac.at\/wp-content\/uploads\/2025\/09\/Lehrer_2025.jpg 1300w, https:\/\/nmsstleonhard-forst.ac.at\/wp-content\/uploads\/2025\/09\/Lehrer_2025-768x555.jpg 768w\" sizes=\"auto, (max-width: 1300px) 100vw, 1300px\" \/><\/p>\n<h2><\/h2>\n<h2 style=\"text-align: center;\">Schuljahr 2024-25<\/h2>\n<p><img loading=\"lazy\" decoding=\"async\" class=\"alignnone size-full wp-image-10285\" src=\"https:\/\/nmsstleonhard-forst.ac.at\/wp-content\/uploads\/2024\/09\/Schj.24-25-Lehrer-Logo.jpg\" alt=\"\" width=\"1024\" height=\"681\" srcset=\"https:\/\/nmsstleonhard-forst.ac.at\/wp-content\/uploads\/2024\/09\/Schj.24-25-Lehrer-Logo.jpg 1024w, https:\/\/nmsstleonhard-forst.ac.at\/wp-content\/uploads\/2024\/09\/Schj.24-25-Lehrer-Logo-768x511.jpg 768w\" sizes=\"auto, (max-width: 1024px) 100vw, 1024px\" \/><\/p>\n<h2 style=\"text-align: center;\">Schuljahr 2023-24<\/h2>\n<p><img loading=\"lazy\" decoding=\"async\" class=\"size-full wp-image-9832\" src=\"https:\/\/nmsstleonhard-forst.ac.at\/wp-content\/uploads\/2023\/09\/KOLLEGIUM-\u00a9MACHERfotografie.jpg\" alt=\"\" width=\"1024\" height=\"739\" srcset=\"https:\/\/nmsstleonhard-forst.ac.at\/wp-content\/uploads\/2023\/09\/KOLLEGIUM-\u00a9MACHERfotografie.jpg 1024w, https:\/\/nmsstleonhard-forst.ac.at\/wp-content\/uploads\/2023\/09\/KOLLEGIUM-\u00a9MACHERfotografie-768x554.jpg 768w\" sizes=\"auto, (max-width: 1024px) 100vw, 1024px\" \/><\/p>\n<p style=\"text-align: center;\">Dieses Bild und die Klassenfotos unserer Sch\u00fclerinnen und Sch\u00fcler wurde heuer zur Verf\u00fcgung gestellt von MACHERfotografie<\/p>\n<h2 style=\"text-align: center;\">Schuljahr 2022\/23<\/h2>\n<p><img loading=\"lazy\" decoding=\"async\" class=\"alignnone size-full wp-image-9063\" src=\"https:\/\/nmsstleonhard-forst.ac.at\/wp-content\/uploads\/2022\/09\/NMS-2022-23-5607-Lehrer-HP.jpg\" alt=\"\" width=\"1024\" height=\"551\" srcset=\"https:\/\/nmsstleonhard-forst.ac.at\/wp-content\/uploads\/2022\/09\/NMS-2022-23-5607-Lehrer-HP.jpg 1024w, https:\/\/nmsstleonhard-forst.ac.at\/wp-content\/uploads\/2022\/09\/NMS-2022-23-5607-Lehrer-HP-768x413.jpg 768w\" sizes=\"auto, (max-width: 1024px) 100vw, 1024px\" \/><\/p>\n<h2 style=\"text-align: center;\">Schuljahr 2021\/22<\/h2>\n<p><img decoding=\"async\" src=\"https:\/\/nmsstleonhard-forst.ac.at\/wp-content\/uploads\/2021\/09\/PJH_9159hp.jpg\" \/><\/p>\n<h2 style=\"text-align: center;\">Schuljahr 2020\/21<\/h2>\n<p><img loading=\"lazy\" decoding=\"async\" class=\"alignnone size-full wp-image-7741\" src=\"https:\/\/nmsstleonhard-forst.ac.at\/wp-content\/uploads\/2020\/09\/Lehrerteam-1.jpg\" alt=\"\" width=\"1024\" height=\"482\" srcset=\"https:\/\/nmsstleonhard-forst.ac.at\/wp-content\/uploads\/2020\/09\/Lehrerteam-1.jpg 1024w, https:\/\/nmsstleonhard-forst.ac.at\/wp-content\/uploads\/2020\/09\/Lehrerteam-1-768x362.jpg 768w\" sizes=\"auto, (max-width: 1024px) 100vw, 1024px\" \/><\/p>\n<p style=\"text-align: center;\">Dieses Bild und die Klassenfotos unserer Sch\u00fclerinnen und Sch\u00fcler wurde auch heuer wieder zur Verf\u00fcgung gestellt von GMR Fotografen GmbH<\/p>\n<h2 style=\"text-align: center;\">Schuljahr 2019\/20<\/h2>\n<p><img loading=\"lazy\" decoding=\"async\" class=\"alignnone wp-image-6765 size-full\" src=\"https:\/\/nmsstleonhard-forst.ac.at\/wp-content\/uploads\/2019\/09\/Lehrerfoto.jpg\" alt=\"\" width=\"1050\" height=\"700\" srcset=\"https:\/\/nmsstleonhard-forst.ac.at\/wp-content\/uploads\/2019\/09\/Lehrerfoto.jpg 1050w, https:\/\/nmsstleonhard-forst.ac.at\/wp-content\/uploads\/2019\/09\/Lehrerfoto-300x200.jpg 300w, https:\/\/nmsstleonhard-forst.ac.at\/wp-content\/uploads\/2019\/09\/Lehrerfoto-768x512.jpg 768w, https:\/\/nmsstleonhard-forst.ac.at\/wp-content\/uploads\/2019\/09\/Lehrerfoto-1024x683.jpg 1024w\" sizes=\"auto, (max-width: 1050px) 100vw, 1050px\" \/><\/p>\n<p style=\"text-align: center;\">Dieses Bild und die Klassenfotos unserer Sch\u00fclerinnen und Sch\u00fcler wurde auch heuer wieder zur Verf\u00fcgung gestellt von GMR Fotografen GmbH<\/p>\n<h2 style=\"text-align: center;\">Schuljahr 2018\/19<\/h2>\n<p><img loading=\"lazy\" decoding=\"async\" class=\"alignnone size-full wp-image-6020\" src=\"https:\/\/nmsstleonhard-forst.ac.at\/wp-content\/uploads\/2018\/09\/PK01B006hp.jpg\" alt=\"\" width=\"1024\" height=\"771\" srcset=\"https:\/\/nmsstleonhard-forst.ac.at\/wp-content\/uploads\/2018\/09\/PK01B006hp.jpg 1024w, https:\/\/nmsstleonhard-forst.ac.at\/wp-content\/uploads\/2018\/09\/PK01B006hp-300x226.jpg 300w, https:\/\/nmsstleonhard-forst.ac.at\/wp-content\/uploads\/2018\/09\/PK01B006hp-768x578.jpg 768w\" sizes=\"auto, (max-width: 1024px) 100vw, 1024px\" \/><\/p>\n<p>Dieses Bild und die Klassenfotos unserer Sch\u00fclerinnen und Sch\u00fcler wurde auch heuer wieder zur Verf\u00fcgung gestellt von GMR Fotografen GmbH<\/p>\n<h2 style=\"text-align: center;\">Schuljahr 2017\/18<\/h2>\n<p><a href=\"https:\/\/nmsstleonhard-forst.ac.at\/wp-content\/uploads\/2010\/09\/PK01B009a.jpg\"><img loading=\"lazy\" decoding=\"async\" class=\"alignnone size-full wp-image-5393\" src=\"https:\/\/nmsstleonhard-forst.ac.at\/wp-content\/uploads\/2010\/09\/PK01B009a.jpg\" alt=\"\" width=\"1024\" height=\"770\" srcset=\"https:\/\/nmsstleonhard-forst.ac.at\/wp-content\/uploads\/2010\/09\/PK01B009a.jpg 1024w, https:\/\/nmsstleonhard-forst.ac.at\/wp-content\/uploads\/2010\/09\/PK01B009a-300x226.jpg 300w, https:\/\/nmsstleonhard-forst.ac.at\/wp-content\/uploads\/2010\/09\/PK01B009a-768x578.jpg 768w\" sizes=\"auto, (max-width: 1024px) 100vw, 1024px\" \/><\/a><\/p>\n<p style=\"text-align: center;\">Dieses Bild und die Klassenfotos unserer Sch\u00fclerinnen und Sch\u00fcler wurde auch heuer wieder zur Verf\u00fcgung gestellt von GMR Fotografen GmbH<\/p>\n<h2 style=\"text-align: center;\">Schuljahr 2016\/17<\/h2>\n<p><a href=\"https:\/\/nmsstleonhard-forst.ac.at\/wp-content\/uploads\/2010\/09\/Schulfotos2016_Lehrer.jpg\"><img loading=\"lazy\" decoding=\"async\" class=\"aligncenter size-large wp-image-4518\" src=\"https:\/\/nmsstleonhard-forst.ac.at\/wp-content\/uploads\/2010\/09\/Schulfotos2016_Lehrer-1024x688.jpg\" alt=\"schulfotos2016_lehrer\" width=\"780\" height=\"524\" srcset=\"https:\/\/nmsstleonhard-forst.ac.at\/wp-content\/uploads\/2010\/09\/Schulfotos2016_Lehrer-1024x688.jpg 1024w, https:\/\/nmsstleonhard-forst.ac.at\/wp-content\/uploads\/2010\/09\/Schulfotos2016_Lehrer-300x201.jpg 300w, https:\/\/nmsstleonhard-forst.ac.at\/wp-content\/uploads\/2010\/09\/Schulfotos2016_Lehrer-768x516.jpg 768w, https:\/\/nmsstleonhard-forst.ac.at\/wp-content\/uploads\/2010\/09\/Schulfotos2016_Lehrer.jpg 1084w\" sizes=\"auto, (max-width: 780px) 100vw, 780px\" \/><\/a><\/p>\n<p style=\"text-align: center;\">Bild zur Verf\u00fcgung gestellt von GMR Fotografen GmbH<\/p>\n<h2 style=\"text-align: center;\"><\/h2>\n<h2 style=\"text-align: center;\">Schuljahr 2015\/16<\/h2>\n<p style=\"text-align: center;\"><a href=\"https:\/\/nmsstleonhard-forst.ac.at\/wp-content\/uploads\/2010\/09\/Lehrer15-16.jpg\"><img loading=\"lazy\" decoding=\"async\" class=\"alignnone size-full wp-image-3722\" src=\"https:\/\/nmsstleonhard-forst.ac.at\/wp-content\/uploads\/2010\/09\/Lehrer15-16.jpg\" alt=\"Lehrer15-16\" width=\"1024\" height=\"770\" srcset=\"https:\/\/nmsstleonhard-forst.ac.at\/wp-content\/uploads\/2010\/09\/Lehrer15-16.jpg 1024w, https:\/\/nmsstleonhard-forst.ac.at\/wp-content\/uploads\/2010\/09\/Lehrer15-16-300x226.jpg 300w\" sizes=\"auto, (max-width: 1024px) 100vw, 1024px\" \/><\/a><\/p>\n<p style=\"text-align: center;\">Bild zur Verf\u00fcgung gestellt von GMR Fotografen GmbH<\/p>\n<h2 style=\"text-align: center;\"><\/h2>\n<h2 style=\"text-align: center;\">Schuljahr 2014\/15<\/h2>\n<p style=\"text-align: center;\"><a href=\"https:\/\/nmsstleonhard-forst.ac.at\/wp-content\/uploads\/2010\/09\/Lehrer14-15.jpg\"><img loading=\"lazy\" decoding=\"async\" class=\"aligncenter wp-image-3028 size-full\" title=\"Lehrer14-15\" src=\"https:\/\/nmsstleonhard-forst.ac.at\/wp-content\/uploads\/2010\/09\/Lehrer14-15.jpg\" alt=\"\" width=\"1024\" height=\"770\" srcset=\"https:\/\/nmsstleonhard-forst.ac.at\/wp-content\/uploads\/2010\/09\/Lehrer14-15.jpg 1024w, https:\/\/nmsstleonhard-forst.ac.at\/wp-content\/uploads\/2010\/09\/Lehrer14-15-300x225.jpg 300w\" sizes=\"auto, (max-width: 1024px) 100vw, 1024px\" \/><\/a><\/p>\n<h2 style=\"text-align: center;\"><\/h2>\n<h2 style=\"text-align: center;\">Schuljahr 2013\/14<\/h2>\n<p style=\"text-align: center;\"><a href=\"https:\/\/nmsstleonhard-forst.ac.at\/wp-content\/uploads\/2010\/09\/Lehrer.jpg\"><img loading=\"lazy\" decoding=\"async\" class=\"aligncenter wp-image-1897 size-full\" title=\"Lehrer\" src=\"https:\/\/nmsstleonhard-forst.ac.at\/wp-content\/uploads\/2010\/09\/Lehrer.jpg\" alt=\"\" width=\"800\" height=\"533\" srcset=\"https:\/\/nmsstleonhard-forst.ac.at\/wp-content\/uploads\/2010\/09\/Lehrer.jpg 800w, https:\/\/nmsstleonhard-forst.ac.at\/wp-content\/uploads\/2010\/09\/Lehrer-300x199.jpg 300w\" sizes=\"auto, (max-width: 800px) 100vw, 800px\" \/><\/a><\/p>\n<h2 style=\"text-align: center;\"><\/h2>\n<h2 style=\"text-align: center;\">Schuljahr 2012\/13<\/h2>\n<p style=\"text-align: center;\"><a href=\"https:\/\/nmsstleonhard-forst.ac.at\/wp-content\/uploads\/2010\/09\/Lehrer12-13.jpg\"><img loading=\"lazy\" decoding=\"async\" class=\"wp-image-1283 size-full aligncenter\" title=\"Lehrer12-13\" src=\"https:\/\/nmsstleonhard-forst.ac.at\/wp-content\/uploads\/2010\/09\/Lehrer12-13.jpg\" alt=\"\" width=\"1024\" height=\"771\" srcset=\"https:\/\/nmsstleonhard-forst.ac.at\/wp-content\/uploads\/2010\/09\/Lehrer12-13.jpg 1024w, https:\/\/nmsstleonhard-forst.ac.at\/wp-content\/uploads\/2010\/09\/Lehrer12-13-300x225.jpg 300w\" sizes=\"auto, (max-width: 1024px) 100vw, 1024px\" \/><\/a><\/p>\n<p style=\"text-align: center;\">Die neuen <a href=\"?p=1245\" target=\"_blank\" rel=\"noopener noreferrer\">KollegInnen<\/a> im Schuljahr 2012\/13<\/p>\n<h2 style=\"text-align: center;\">*****<\/h2>\n<h2 style=\"text-align: center;\">Schuljahr 2011\/12<\/h2>\n<p style=\"text-align: center;\"><a href=\"https:\/\/nmsstleonhard-forst.ac.at\/wp-content\/uploads\/2010\/09\/PJH_1424c.jpg\"><img loading=\"lazy\" decoding=\"async\" class=\"aligncenter wp-image-709 size-full\" title=\"PJH_1424c\" src=\"https:\/\/nmsstleonhard-forst.ac.at\/wp-content\/uploads\/2010\/09\/PJH_1424c.jpg\" alt=\"\" width=\"1024\" height=\"643\" srcset=\"https:\/\/nmsstleonhard-forst.ac.at\/wp-content\/uploads\/2010\/09\/PJH_1424c.jpg 1024w, https:\/\/nmsstleonhard-forst.ac.at\/wp-content\/uploads\/2010\/09\/PJH_1424c-300x188.jpg 300w\" sizes=\"auto, (max-width: 1024px) 100vw, 1024px\" \/><\/a><\/p>\n<p style=\"text-align: center;\">Nicht auf dem Bild:<br \/>\nOLfWE Erna Gastecker<br \/>\nOLfWE Josefa Winter<\/p>\n<p style=\"text-align: center;\">Die neuen <a href=\"?p=650\">Kolleginnen<\/a> im Schuljahr 2011\/12<\/p>\n<h2 style=\"text-align: center;\"><\/h2>\n<h2 style=\"text-align: center;\">Schuljahr 2010\/11<\/h2>\n<p style=\"text-align: center;\"><a href=\"https:\/\/nmsstleonhard-forst.ac.at\/wp-content\/uploads\/2010\/09\/Lehrer10-11.jpg\"><img loading=\"lazy\" decoding=\"async\" class=\"wp-image-74 size-full aligncenter\" title=\"Lehrer10-11\" src=\"https:\/\/nmsstleonhard-forst.ac.at\/wp-content\/uploads\/2010\/09\/Lehrer10-11.jpg\" alt=\"\" width=\"700\" height=\"411\" srcset=\"https:\/\/nmsstleonhard-forst.ac.at\/wp-content\/uploads\/2010\/09\/Lehrer10-11.jpg 700w, https:\/\/nmsstleonhard-forst.ac.at\/wp-content\/uploads\/2010\/09\/Lehrer10-11-300x176.jpg 300w\" sizes=\"auto, (max-width: 700px) 100vw, 700px\" \/><\/a><\/p>\n","protected":false},"excerpt":{"rendered":"<p>Schuljahr 2025-26 Schuljahr 2024-25 Schuljahr 2023-24 Dieses Bild und die Klassenfotos unserer Sch\u00fclerinnen und Sch\u00fcler wurde heuer zur Verf\u00fcgung gestellt von MACHERfotografie Schuljahr 2022\/23 Schuljahr 2021\/22 Schuljahr 2020\/21 Dieses Bild und die Klassenfotos unserer Sch\u00fclerinnen und Sch\u00fcler wurde auch heuer wieder zur Verf\u00fcgung gestellt von <a class=\"more-link\" href=\"https:\/\/nmsstleonhard-forst.ac.at\/?page_id=93\">Weiterlesen\u00a0\u2026<\/a><\/p>\n","protected":false},"author":2,"featured_media":0,"parent":96,"menu_order":0,"comment_status":"closed","ping_status":"closed","template":"","meta":{"footnotes":""},"class_list":["post-93","page","type-page","status-publish","hentry"],"_links":{"self":[{"href":"https:\/\/nmsstleonhard-forst.ac.at\/index.php?rest_route=\/wp\/v2\/pages\/93","targetHints":{"allow":["GET"]}}],"collection":[{"href":"https:\/\/nmsstleonhard-forst.ac.at\/index.php?rest_route=\/wp\/v2\/pages"}],"about":[{"href":"https:\/\/nmsstleonhard-forst.ac.at\/index.php?rest_route=\/wp\/v2\/types\/page"}],"author":[{"embeddable":true,"href":"https:\/\/nmsstleonhard-forst.ac.at\/index.php?rest_route=\/wp\/v2\/users\/2"}],"replies":[{"embeddable":true,"href":"https:\/\/nmsstleonhard-forst.ac.at\/index.php?rest_route=%2Fwp%2Fv2%2Fcomments&post=93"}],"version-history":[{"count":41,"href":"https:\/\/nmsstleonhard-forst.ac.at\/index.php?rest_route=\/wp\/v2\/pages\/93\/revisions"}],"predecessor-version":[{"id":10903,"href":"https:\/\/nmsstleonhard-forst.ac.at\/index.php?rest_route=\/wp\/v2\/pages\/93\/revisions\/10903"}],"up":[{"embeddable":true,"href":"https:\/\/nmsstleonhard-forst.ac.at\/index.php?rest_route=\/wp\/v2\/pages\/96"}],"wp:attachment":[{"href":"https:\/\/nmsstleonhard-forst.ac.at\/index.php?rest_route=%2Fwp%2Fv2%2Fmedia&parent=93"}],"curies":[{"name":"wp","href":"https:\/\/api.w.org\/{rel}","templated":true}]}}