{"id":9283,"date":"2022-12-08T10:49:54","date_gmt":"2022-12-08T09:49:54","guid":{"rendered":"https:\/\/nmsstleonhard-forst.ac.at\/?page_id=9283"},"modified":"2022-12-08T11:12:40","modified_gmt":"2022-12-08T10:12:40","slug":"schuljahr-2020-21","status":"publish","type":"page","link":"https:\/\/nmsstleonhard-forst.ac.at\/?page_id=9283","title":{"rendered":"Schuljahr 2020\/21"},"content":{"rendered":"\n<h2 class=\"wp-block-heading\"><strong>1a<\/strong><br \/>KV: vLNMS Susanne Schweinzer<br \/>Stv.: vLNMS Rene Karner<\/h2>\n\n\n\n<figure class=\"wp-block-image\"><img loading=\"lazy\" decoding=\"async\" width=\"1024\" height=\"770\" src=\"https:\/\/nmsstleonhard-forst.ac.at\/wp-content\/uploads\/2020\/09\/1a.jpg\" alt=\"\" class=\"wp-image-7708\" srcset=\"https:\/\/nmsstleonhard-forst.ac.at\/wp-content\/uploads\/2020\/09\/1a.jpg 1024w, https:\/\/nmsstleonhard-forst.ac.at\/wp-content\/uploads\/2020\/09\/1a-768x578.jpg 768w\" sizes=\"auto, (max-width: 1024px) 100vw, 1024px\" \/><\/figure>\n\n\n\n<h3 class=\"wp-block-heading\"><strong>1b<\/strong><br \/>KV: Mag. Ingrid Gr\u00f6ger<br \/>Stv.: Dipl.-P\u00e4d. OLNMS Heidemarie Gruber<\/h3>\n\n\n\n<figure class=\"wp-block-image\"><img loading=\"lazy\" decoding=\"async\" width=\"1024\" height=\"770\" src=\"https:\/\/nmsstleonhard-forst.ac.at\/wp-content\/uploads\/2020\/09\/1b.jpg\" alt=\"\" class=\"wp-image-7709\" srcset=\"https:\/\/nmsstleonhard-forst.ac.at\/wp-content\/uploads\/2020\/09\/1b.jpg 1024w, https:\/\/nmsstleonhard-forst.ac.at\/wp-content\/uploads\/2020\/09\/1b-768x578.jpg 768w\" sizes=\"auto, (max-width: 1024px) 100vw, 1024px\" \/><\/figure>\n\n\n\n<h3 class=\"wp-block-heading\"><strong>2a<\/strong><br \/>KV: Prof. Astrid Schweighofer<br \/>Stv.: Prof. Lisa Wippel<\/h3>\n\n\n\n<figure class=\"wp-block-image\"><img loading=\"lazy\" decoding=\"async\" width=\"1024\" height=\"770\" src=\"https:\/\/nmsstleonhard-forst.ac.at\/wp-content\/uploads\/2020\/09\/2a.jpg\" alt=\"\" class=\"wp-image-7704\" srcset=\"https:\/\/nmsstleonhard-forst.ac.at\/wp-content\/uploads\/2020\/09\/2a.jpg 1024w, https:\/\/nmsstleonhard-forst.ac.at\/wp-content\/uploads\/2020\/09\/2a-768x578.jpg 768w\" sizes=\"auto, (max-width: 1024px) 100vw, 1024px\" \/><\/figure>\n\n\n\n<h3 class=\"wp-block-heading\"><strong>2b<\/strong><br \/>KV: Prof. Viktoria H\u00f6bling<br \/>Stv.: Dipl.-P\u00e4d. vLNMS Adele Callenberg<\/h3>\n\n\n\n<figure class=\"wp-block-image\"><img loading=\"lazy\" decoding=\"async\" width=\"1024\" height=\"771\" src=\"https:\/\/nmsstleonhard-forst.ac.at\/wp-content\/uploads\/2020\/09\/2b.jpg\" alt=\"\" class=\"wp-image-7705\" srcset=\"https:\/\/nmsstleonhard-forst.ac.at\/wp-content\/uploads\/2020\/09\/2b.jpg 1024w, https:\/\/nmsstleonhard-forst.ac.at\/wp-content\/uploads\/2020\/09\/2b-768x578.jpg 768w\" sizes=\"auto, (max-width: 1024px) 100vw, 1024px\" \/><\/figure>\n\n\n\n<h3 class=\"wp-block-heading\"><strong>3a<\/strong><br \/>KV: Prof. Roland W\u00f6grath<br \/>Stv.: Dipl.-P\u00e4d. SOL Sabine Resel<\/h3>\n\n\n\n<figure class=\"wp-block-image\"><img loading=\"lazy\" decoding=\"async\" width=\"1024\" height=\"770\" src=\"https:\/\/nmsstleonhard-forst.ac.at\/wp-content\/uploads\/2020\/09\/3a.jpg\" alt=\"\" class=\"wp-image-7706\" srcset=\"https:\/\/nmsstleonhard-forst.ac.at\/wp-content\/uploads\/2020\/09\/3a.jpg 1024w, https:\/\/nmsstleonhard-forst.ac.at\/wp-content\/uploads\/2020\/09\/3a-768x578.jpg 768w\" sizes=\"auto, (max-width: 1024px) 100vw, 1024px\" \/><\/figure>\n\n\n\n<h3 class=\"wp-block-heading\"><strong>3b<\/strong><br \/>KV: Prof. Cornelia Pfeffer<br \/>Stv.: Prof. Sophie Scherrer<\/h3>\n\n\n\n<figure class=\"wp-block-image\"><img loading=\"lazy\" decoding=\"async\" width=\"1024\" height=\"725\" src=\"https:\/\/nmsstleonhard-forst.ac.at\/wp-content\/uploads\/2020\/09\/3b.jpg\" alt=\"\" class=\"wp-image-7707\" srcset=\"https:\/\/nmsstleonhard-forst.ac.at\/wp-content\/uploads\/2020\/09\/3b.jpg 1024w, https:\/\/nmsstleonhard-forst.ac.at\/wp-content\/uploads\/2020\/09\/3b-768x544.jpg 768w\" sizes=\"auto, (max-width: 1024px) 100vw, 1024px\" \/><\/figure>\n\n\n\n<h3 class=\"wp-block-heading\"><strong>4a<\/strong><br \/>KV: Dipl.-P\u00e4d. OLNMS Brigitte Haag<br \/>Stv.: Prof. Bianca Riegler<\/h3>\n\n\n\n<figure class=\"wp-block-image\"><img loading=\"lazy\" decoding=\"async\" width=\"1024\" height=\"770\" src=\"https:\/\/nmsstleonhard-forst.ac.at\/wp-content\/uploads\/2020\/09\/4a.jpg\" alt=\"\" class=\"wp-image-7745\" srcset=\"https:\/\/nmsstleonhard-forst.ac.at\/wp-content\/uploads\/2020\/09\/4a.jpg 1024w, https:\/\/nmsstleonhard-forst.ac.at\/wp-content\/uploads\/2020\/09\/4a-768x578.jpg 768w\" sizes=\"auto, (max-width: 1024px) 100vw, 1024px\" \/><\/figure>\n\n\n\n<h3 class=\"wp-block-heading\"><strong>4b<\/strong><br \/>KV: Dipl.-P\u00e4d. OLNMS Regina Scheichelbauer<br \/>Stv.: Dipl.-P\u00e4d. OLNMS Marianne Berger<\/h3>\n\n\n\n<figure class=\"wp-block-image\"><img loading=\"lazy\" decoding=\"async\" width=\"1024\" height=\"770\" src=\"https:\/\/nmsstleonhard-forst.ac.at\/wp-content\/uploads\/2020\/09\/4b.jpg\" alt=\"\" class=\"wp-image-7744\" srcset=\"https:\/\/nmsstleonhard-forst.ac.at\/wp-content\/uploads\/2020\/09\/4b.jpg 1024w, https:\/\/nmsstleonhard-forst.ac.at\/wp-content\/uploads\/2020\/09\/4b-768x578.jpg 768w\" sizes=\"auto, (max-width: 1024px) 100vw, 1024px\" \/><\/figure>\n","protected":false},"excerpt":{"rendered":"<p>1aKV: vLNMS Susanne SchweinzerStv.: vLNMS Rene Karner 1bKV: Mag. Ingrid Gr\u00f6gerStv.: Dipl.-P\u00e4d. OLNMS Heidemarie Gruber 2aKV: Prof. Astrid SchweighoferStv.: Prof. Lisa Wippel 2bKV: Prof. Viktoria H\u00f6blingStv.: Dipl.-P\u00e4d. vLNMS Adele Callenberg 3aKV: Prof. Roland W\u00f6grathStv.: Dipl.-P\u00e4d. SOL Sabine Resel 3bKV: Prof. Cornelia PfefferStv.: Prof. Sophie Scherrer <a class=\"more-link\" href=\"https:\/\/nmsstleonhard-forst.ac.at\/?page_id=9283\">Weiterlesen\u00a0\u2026<\/a><\/p>\n","protected":false},"author":2,"featured_media":0,"parent":62,"menu_order":0,"comment_status":"closed","ping_status":"closed","template":"","meta":{"footnotes":""},"class_list":["post-9283","page","type-page","status-publish","hentry"],"_links":{"self":[{"href":"https:\/\/nmsstleonhard-forst.ac.at\/index.php?rest_route=\/wp\/v2\/pages\/9283","targetHints":{"allow":["GET"]}}],"collection":[{"href":"https:\/\/nmsstleonhard-forst.ac.at\/index.php?rest_route=\/wp\/v2\/pages"}],"about":[{"href":"https:\/\/nmsstleonhard-forst.ac.at\/index.php?rest_route=\/wp\/v2\/types\/page"}],"author":[{"embeddable":true,"href":"https:\/\/nmsstleonhard-forst.ac.at\/index.php?rest_route=\/wp\/v2\/users\/2"}],"replies":[{"embeddable":true,"href":"https:\/\/nmsstleonhard-forst.ac.at\/index.php?rest_route=%2Fwp%2Fv2%2Fcomments&post=9283"}],"version-history":[{"count":2,"href":"https:\/\/nmsstleonhard-forst.ac.at\/index.php?rest_route=\/wp\/v2\/pages\/9283\/revisions"}],"predecessor-version":[{"id":9290,"href":"https:\/\/nmsstleonhard-forst.ac.at\/index.php?rest_route=\/wp\/v2\/pages\/9283\/revisions\/9290"}],"up":[{"embeddable":true,"href":"https:\/\/nmsstleonhard-forst.ac.at\/index.php?rest_route=\/wp\/v2\/pages\/62"}],"wp:attachment":[{"href":"https:\/\/nmsstleonhard-forst.ac.at\/index.php?rest_route=%2Fwp%2Fv2%2Fmedia&parent=9283"}],"curies":[{"name":"wp","href":"https:\/\/api.w.org\/{rel}","templated":true}]}}