{"id":9281,"date":"2022-12-08T10:49:35","date_gmt":"2022-12-08T09:49:35","guid":{"rendered":"https:\/\/nmsstleonhard-forst.ac.at\/?page_id=9281"},"modified":"2022-12-08T11:13:13","modified_gmt":"2022-12-08T10:13:13","slug":"schuljahr-2019-20","status":"publish","type":"page","link":"https:\/\/nmsstleonhard-forst.ac.at\/?page_id=9281","title":{"rendered":"Schuljahr 2019\/20"},"content":{"rendered":"\n<h3 class=\"wp-block-heading\"><strong>1a<\/strong><br \/>KV: Prof. Astrid Schweighofer<br \/>Stv.: Prof. Lisa Wippel<\/h3>\n\n\n\n<h3 class=\"wp-block-heading\"><img loading=\"lazy\" decoding=\"async\" class=\"alignnone size-large wp-image-6761\" src=\"https:\/\/nmsstleonhard-forst.ac.at\/wp-content\/uploads\/2019\/09\/1a-1024x770.jpg\" alt=\"\" width=\"780\" height=\"587\" srcset=\"https:\/\/nmsstleonhard-forst.ac.at\/wp-content\/uploads\/2019\/09\/1a.jpg 1024w, https:\/\/nmsstleonhard-forst.ac.at\/wp-content\/uploads\/2019\/09\/1a-300x226.jpg 300w, https:\/\/nmsstleonhard-forst.ac.at\/wp-content\/uploads\/2019\/09\/1a-768x578.jpg 768w\" sizes=\"auto, (max-width: 780px) 100vw, 780px\" \/><\/h3>\n\n\n\n<h3 class=\"wp-block-heading\"><strong>1b<\/strong><br \/>KV: Prof. Viktoria H\u00f6bling<br \/>Stv.: vLNMS Susanne Schweinzer<\/h3>\n\n\n\n<figure class=\"wp-block-image\"><img loading=\"lazy\" decoding=\"async\" width=\"1024\" height=\"771\" src=\"https:\/\/nmsstleonhard-forst.ac.at\/wp-content\/uploads\/2019\/09\/1b-1024x771.jpg\" alt=\"\" class=\"wp-image-6762\" srcset=\"https:\/\/nmsstleonhard-forst.ac.at\/wp-content\/uploads\/2019\/09\/1b.jpg 1024w, https:\/\/nmsstleonhard-forst.ac.at\/wp-content\/uploads\/2019\/09\/1b-300x226.jpg 300w, https:\/\/nmsstleonhard-forst.ac.at\/wp-content\/uploads\/2019\/09\/1b-768x578.jpg 768w\" sizes=\"auto, (max-width: 1024px) 100vw, 1024px\" \/><\/figure>\n\n\n\n<h3 class=\"wp-block-heading\"><strong>2a<\/strong><br \/>KV: Prof. Roland W\u00f6grath<br \/>Stv.: Dipl.-P\u00e4d. SOL Sabine Resel<\/h3>\n\n\n\n<figure class=\"wp-block-image\"><img loading=\"lazy\" decoding=\"async\" width=\"1024\" height=\"682\" src=\"https:\/\/nmsstleonhard-forst.ac.at\/wp-content\/uploads\/2019\/09\/2a.jpg\" alt=\"\" class=\"wp-image-6837\" srcset=\"https:\/\/nmsstleonhard-forst.ac.at\/wp-content\/uploads\/2019\/09\/2a.jpg 1024w, https:\/\/nmsstleonhard-forst.ac.at\/wp-content\/uploads\/2019\/09\/2a-768x512.jpg 768w\" sizes=\"auto, (max-width: 1024px) 100vw, 1024px\" \/><\/figure>\n\n\n\n<h3 class=\"wp-block-heading\"><strong>2b<\/strong><br \/>KV: Prof. Cornelia Pfeffer<br \/>Stv.: Prof. Sophie Scherrer<\/h3>\n\n\n\n<figure class=\"wp-block-image\"><img loading=\"lazy\" decoding=\"async\" width=\"1024\" height=\"770\" src=\"https:\/\/nmsstleonhard-forst.ac.at\/wp-content\/uploads\/2019\/09\/2b-2-1024x770.jpg\" alt=\"\" class=\"wp-image-6757\" srcset=\"https:\/\/nmsstleonhard-forst.ac.at\/wp-content\/uploads\/2019\/09\/2b-2.jpg 1024w, https:\/\/nmsstleonhard-forst.ac.at\/wp-content\/uploads\/2019\/09\/2b-2-300x226.jpg 300w, https:\/\/nmsstleonhard-forst.ac.at\/wp-content\/uploads\/2019\/09\/2b-2-768x578.jpg 768w\" sizes=\"auto, (max-width: 1024px) 100vw, 1024px\" \/><\/figure>\n\n\n\n<h3 class=\"wp-block-heading\"><strong>3a<\/strong><br \/>KV: Dipl.-P\u00e4d. OLNMS Brigitte Haag<br \/>Stv.: Prof. Bianca Riegler<\/h3>\n\n\n\n<figure class=\"wp-block-image\"><img loading=\"lazy\" decoding=\"async\" width=\"1024\" height=\"771\" src=\"https:\/\/nmsstleonhard-forst.ac.at\/wp-content\/uploads\/2019\/09\/3a-1024x771.jpg\" alt=\"\" class=\"wp-image-6758\" srcset=\"https:\/\/nmsstleonhard-forst.ac.at\/wp-content\/uploads\/2019\/09\/3a.jpg 1024w, https:\/\/nmsstleonhard-forst.ac.at\/wp-content\/uploads\/2019\/09\/3a-300x226.jpg 300w, https:\/\/nmsstleonhard-forst.ac.at\/wp-content\/uploads\/2019\/09\/3a-768x578.jpg 768w\" sizes=\"auto, (max-width: 1024px) 100vw, 1024px\" \/><\/figure>\n\n\n\n<h3 class=\"wp-block-heading\"><strong>3b<\/strong><br \/>KV: Dipl.-P\u00e4d. OLNMS Regina Scheichelbauer<br \/>Stv.: Dipl.-P\u00e4d. OLNMS Marianne Berger<\/h3>\n\n\n\n<h3 class=\"wp-block-heading\"><img loading=\"lazy\" decoding=\"async\" class=\"alignnone size-full wp-image-6836\" src=\"https:\/\/nmsstleonhard-forst.ac.at\/wp-content\/uploads\/2019\/09\/3b.jpg\" alt=\"\" width=\"1024\" height=\"682\" srcset=\"https:\/\/nmsstleonhard-forst.ac.at\/wp-content\/uploads\/2019\/09\/3b.jpg 1024w, https:\/\/nmsstleonhard-forst.ac.at\/wp-content\/uploads\/2019\/09\/3b-768x512.jpg 768w\" sizes=\"auto, (max-width: 1024px) 100vw, 1024px\" \/><\/h3>\n\n\n\n<h3 class=\"wp-block-heading\"><strong>4a<br \/><\/strong>KV: Dipl.-P\u00e4d. vLNMS Adele Callenberg<br \/>Stv.: Dipl.-P\u00e4d. OLNMS Heidemarie Gruber<\/h3>\n\n\n\n<figure class=\"wp-block-image\"><img loading=\"lazy\" decoding=\"async\" width=\"1024\" height=\"771\" src=\"https:\/\/nmsstleonhard-forst.ac.at\/wp-content\/uploads\/2019\/09\/4a-1024x771.jpg\" alt=\"\" class=\"wp-image-6759\" srcset=\"https:\/\/nmsstleonhard-forst.ac.at\/wp-content\/uploads\/2019\/09\/4a.jpg 1024w, https:\/\/nmsstleonhard-forst.ac.at\/wp-content\/uploads\/2019\/09\/4a-300x226.jpg 300w, https:\/\/nmsstleonhard-forst.ac.at\/wp-content\/uploads\/2019\/09\/4a-768x578.jpg 768w\" sizes=\"auto, (max-width: 1024px) 100vw, 1024px\" \/><\/figure>\n\n\n\n<h3 class=\"wp-block-heading\"><strong>4b<\/strong><br \/>KV: Dipl.-P\u00e4d. OLNMS Anna Pichelmann<br \/>Stv.: Dipl.-P\u00e4d. OLNMS Beate Janisch<\/h3>\n\n\n\n<h2 class=\"wp-block-heading\"><img loading=\"lazy\" decoding=\"async\" class=\"alignnone size-large wp-image-6760\" src=\"https:\/\/nmsstleonhard-forst.ac.at\/wp-content\/uploads\/2019\/09\/4b-1024x771.jpg\" alt=\"\" width=\"780\" height=\"587\" srcset=\"https:\/\/nmsstleonhard-forst.ac.at\/wp-content\/uploads\/2019\/09\/4b.jpg 1024w, https:\/\/nmsstleonhard-forst.ac.at\/wp-content\/uploads\/2019\/09\/4b-300x226.jpg 300w, https:\/\/nmsstleonhard-forst.ac.at\/wp-content\/uploads\/2019\/09\/4b-768x578.jpg 768w\" sizes=\"auto, (max-width: 780px) 100vw, 780px\" \/><\/h2>\n","protected":false},"excerpt":{"rendered":"<p>1aKV: Prof. Astrid SchweighoferStv.: Prof. Lisa Wippel 1bKV: Prof. Viktoria H\u00f6blingStv.: vLNMS Susanne Schweinzer 2aKV: Prof. Roland W\u00f6grathStv.: Dipl.-P\u00e4d. SOL Sabine Resel 2bKV: Prof. Cornelia PfefferStv.: Prof. Sophie Scherrer 3aKV: Dipl.-P\u00e4d. OLNMS Brigitte HaagStv.: Prof. Bianca Riegler 3bKV: Dipl.-P\u00e4d. OLNMS Regina ScheichelbauerStv.: Dipl.-P\u00e4d. OLNMS Marianne <a class=\"more-link\" href=\"https:\/\/nmsstleonhard-forst.ac.at\/?page_id=9281\">Weiterlesen\u00a0\u2026<\/a><\/p>\n","protected":false},"author":2,"featured_media":0,"parent":62,"menu_order":0,"comment_status":"closed","ping_status":"closed","template":"","meta":{"footnotes":""},"class_list":["post-9281","page","type-page","status-publish","hentry"],"_links":{"self":[{"href":"https:\/\/nmsstleonhard-forst.ac.at\/index.php?rest_route=\/wp\/v2\/pages\/9281","targetHints":{"allow":["GET"]}}],"collection":[{"href":"https:\/\/nmsstleonhard-forst.ac.at\/index.php?rest_route=\/wp\/v2\/pages"}],"about":[{"href":"https:\/\/nmsstleonhard-forst.ac.at\/index.php?rest_route=\/wp\/v2\/types\/page"}],"author":[{"embeddable":true,"href":"https:\/\/nmsstleonhard-forst.ac.at\/index.php?rest_route=\/wp\/v2\/users\/2"}],"replies":[{"embeddable":true,"href":"https:\/\/nmsstleonhard-forst.ac.at\/index.php?rest_route=%2Fwp%2Fv2%2Fcomments&post=9281"}],"version-history":[{"count":3,"href":"https:\/\/nmsstleonhard-forst.ac.at\/index.php?rest_route=\/wp\/v2\/pages\/9281\/revisions"}],"predecessor-version":[{"id":9307,"href":"https:\/\/nmsstleonhard-forst.ac.at\/index.php?rest_route=\/wp\/v2\/pages\/9281\/revisions\/9307"}],"up":[{"embeddable":true,"href":"https:\/\/nmsstleonhard-forst.ac.at\/index.php?rest_route=\/wp\/v2\/pages\/62"}],"wp:attachment":[{"href":"https:\/\/nmsstleonhard-forst.ac.at\/index.php?rest_route=%2Fwp%2Fv2%2Fmedia&parent=9281"}],"curies":[{"name":"wp","href":"https:\/\/api.w.org\/{rel}","templated":true}]}}