{"id":9279,"date":"2022-12-08T10:49:13","date_gmt":"2022-12-08T09:49:13","guid":{"rendered":"https:\/\/nmsstleonhard-forst.ac.at\/?page_id=9279"},"modified":"2022-12-08T11:14:30","modified_gmt":"2022-12-08T10:14:30","slug":"schuljahr-2018-19","status":"publish","type":"page","link":"https:\/\/nmsstleonhard-forst.ac.at\/?page_id=9279","title":{"rendered":"Schuljahr 2018\/19"},"content":{"rendered":"\n<h3 class=\"wp-block-heading\"><strong>1a<\/strong><br \/>KV: Prof. Roland W\u00f6grath<br \/>Stv.: Dipl.-P\u00e4d. SOL Sabine Resel<\/h3>\n\n\n\n<figure class=\"wp-block-image\"><img loading=\"lazy\" decoding=\"async\" width=\"1024\" height=\"770\" src=\"https:\/\/nmsstleonhard-forst.ac.at\/wp-content\/uploads\/2018\/09\/1a-.jpg\" alt=\"\" class=\"wp-image-6022\" srcset=\"https:\/\/nmsstleonhard-forst.ac.at\/wp-content\/uploads\/2018\/09\/1a-.jpg 1024w, https:\/\/nmsstleonhard-forst.ac.at\/wp-content\/uploads\/2018\/09\/1a--300x226.jpg 300w, https:\/\/nmsstleonhard-forst.ac.at\/wp-content\/uploads\/2018\/09\/1a--768x578.jpg 768w\" sizes=\"auto, (max-width: 1024px) 100vw, 1024px\" \/><\/figure>\n\n\n\n<h3 class=\"wp-block-heading\"><strong>1b<\/strong><br \/>KV: Prof. Cornelia Pfeffer<br \/>Stv.: Prof. Bianca Riegler, Prof. Sophie Scherrer<\/h3>\n\n\n\n<figure class=\"wp-block-image\"><img loading=\"lazy\" decoding=\"async\" width=\"1024\" height=\"770\" src=\"https:\/\/nmsstleonhard-forst.ac.at\/wp-content\/uploads\/2018\/09\/1b.jpg\" alt=\"\" class=\"wp-image-6023\" srcset=\"https:\/\/nmsstleonhard-forst.ac.at\/wp-content\/uploads\/2018\/09\/1b.jpg 1024w, https:\/\/nmsstleonhard-forst.ac.at\/wp-content\/uploads\/2018\/09\/1b-300x226.jpg 300w, https:\/\/nmsstleonhard-forst.ac.at\/wp-content\/uploads\/2018\/09\/1b-768x578.jpg 768w\" sizes=\"auto, (max-width: 1024px) 100vw, 1024px\" \/><\/figure>\n\n\n\n<h3 class=\"wp-block-heading\"><strong>2a<\/strong><br \/>KV: Dipl.-P\u00e4d. OLNMS Brigitte Haag<br \/>Stv.: Dipl.-P\u00e4d. OLNMS Ernestine Linsberger<\/h3>\n\n\n\n<figure class=\"wp-block-image\"><img loading=\"lazy\" decoding=\"async\" width=\"1024\" height=\"770\" src=\"https:\/\/nmsstleonhard-forst.ac.at\/wp-content\/uploads\/2018\/09\/2a.jpg\" alt=\"\" class=\"wp-image-6024\" srcset=\"https:\/\/nmsstleonhard-forst.ac.at\/wp-content\/uploads\/2018\/09\/2a.jpg 1024w, https:\/\/nmsstleonhard-forst.ac.at\/wp-content\/uploads\/2018\/09\/2a-300x226.jpg 300w, https:\/\/nmsstleonhard-forst.ac.at\/wp-content\/uploads\/2018\/09\/2a-768x578.jpg 768w\" sizes=\"auto, (max-width: 1024px) 100vw, 1024px\" \/><\/figure>\n\n\n\n<h3 class=\"wp-block-heading\"><strong>2b<\/strong><br \/>KV: Dipl.-P\u00e4d. OLNMS Regina Scheichelbauer<br \/>Stv.: Prof. Magdalena Szelegowitz<\/h3>\n\n\n\n<figure class=\"wp-block-image\"><img loading=\"lazy\" decoding=\"async\" width=\"1024\" height=\"770\" src=\"https:\/\/nmsstleonhard-forst.ac.at\/wp-content\/uploads\/2018\/09\/2b.jpg\" alt=\"\" class=\"wp-image-6025\" srcset=\"https:\/\/nmsstleonhard-forst.ac.at\/wp-content\/uploads\/2018\/09\/2b.jpg 1024w, https:\/\/nmsstleonhard-forst.ac.at\/wp-content\/uploads\/2018\/09\/2b-300x226.jpg 300w, https:\/\/nmsstleonhard-forst.ac.at\/wp-content\/uploads\/2018\/09\/2b-768x578.jpg 768w\" sizes=\"auto, (max-width: 1024px) 100vw, 1024px\" \/><\/figure>\n\n\n\n<h3 class=\"wp-block-heading\"><strong>3a<br \/><\/strong>KV: Dipl.-P\u00e4d. LNMS Adele Callenberg<br \/>Stv.: Dipl.-P\u00e4d. OLNMS Heidemarie Gruber<\/h3>\n\n\n\n<figure class=\"wp-block-image\"><img loading=\"lazy\" decoding=\"async\" width=\"1024\" height=\"770\" src=\"https:\/\/nmsstleonhard-forst.ac.at\/wp-content\/uploads\/2018\/09\/3a.jpg\" alt=\"\" class=\"wp-image-6026\" srcset=\"https:\/\/nmsstleonhard-forst.ac.at\/wp-content\/uploads\/2018\/09\/3a.jpg 1024w, https:\/\/nmsstleonhard-forst.ac.at\/wp-content\/uploads\/2018\/09\/3a-300x226.jpg 300w, https:\/\/nmsstleonhard-forst.ac.at\/wp-content\/uploads\/2018\/09\/3a-768x578.jpg 768w\" sizes=\"auto, (max-width: 1024px) 100vw, 1024px\" \/><\/figure>\n\n\n\n<h3 class=\"wp-block-heading\">3b<br \/>KV: Dipl.-P\u00e4d. OLNMS Anna Pichelmann<br \/>Stv.: Prof. Astrid Schweighofer<\/h3>\n\n\n\n<figure class=\"wp-block-image\"><img loading=\"lazy\" decoding=\"async\" width=\"1024\" height=\"770\" src=\"https:\/\/nmsstleonhard-forst.ac.at\/wp-content\/uploads\/2018\/09\/3b.jpg\" alt=\"\" class=\"wp-image-6027\" srcset=\"https:\/\/nmsstleonhard-forst.ac.at\/wp-content\/uploads\/2018\/09\/3b.jpg 1024w, https:\/\/nmsstleonhard-forst.ac.at\/wp-content\/uploads\/2018\/09\/3b-300x226.jpg 300w, https:\/\/nmsstleonhard-forst.ac.at\/wp-content\/uploads\/2018\/09\/3b-768x578.jpg 768w\" sizes=\"auto, (max-width: 1024px) 100vw, 1024px\" \/><\/figure>\n\n\n\n<h3 class=\"wp-block-heading\"><strong>4a<\/strong><br \/>KV: SR Ulrike Zeilinger<br \/>Stv.: Dipl.-P\u00e4d. OLNMS Beate Janisch<\/h3>\n\n\n\n<figure class=\"wp-block-image\"><img loading=\"lazy\" decoding=\"async\" width=\"1024\" height=\"770\" src=\"https:\/\/nmsstleonhard-forst.ac.at\/wp-content\/uploads\/2018\/09\/4a.jpg\" alt=\"\" class=\"wp-image-6028\" srcset=\"https:\/\/nmsstleonhard-forst.ac.at\/wp-content\/uploads\/2018\/09\/4a.jpg 1024w, https:\/\/nmsstleonhard-forst.ac.at\/wp-content\/uploads\/2018\/09\/4a-300x226.jpg 300w, https:\/\/nmsstleonhard-forst.ac.at\/wp-content\/uploads\/2018\/09\/4a-768x578.jpg 768w\" sizes=\"auto, (max-width: 1024px) 100vw, 1024px\" \/><\/figure>\n\n\n\n<h3 class=\"wp-block-heading\"><strong>4b<\/strong><br \/>KV: Dipl.-P\u00e4d. OLNMS Marianne Berger<br \/>Stv.: Prof. Viktoria H\u00fcrner<\/h3>\n\n\n\n<h3 class=\"wp-block-heading\"><img loading=\"lazy\" decoding=\"async\" width=\"1024\" height=\"770\" class=\"alignnone size-full wp-image-6029\" src=\"https:\/\/nmsstleonhard-forst.ac.at\/wp-content\/uploads\/2018\/09\/4b.jpg\" alt=\"\" srcset=\"https:\/\/nmsstleonhard-forst.ac.at\/wp-content\/uploads\/2018\/09\/4b.jpg 1024w, https:\/\/nmsstleonhard-forst.ac.at\/wp-content\/uploads\/2018\/09\/4b-300x226.jpg 300w, https:\/\/nmsstleonhard-forst.ac.at\/wp-content\/uploads\/2018\/09\/4b-768x578.jpg 768w\" sizes=\"auto, (max-width: 1024px) 100vw, 1024px\" \/><\/h3>\n","protected":false},"excerpt":{"rendered":"<p>1aKV: Prof. Roland W\u00f6grathStv.: Dipl.-P\u00e4d. SOL Sabine Resel 1bKV: Prof. Cornelia PfefferStv.: Prof. Bianca Riegler, Prof. Sophie Scherrer 2aKV: Dipl.-P\u00e4d. OLNMS Brigitte HaagStv.: Dipl.-P\u00e4d. OLNMS Ernestine Linsberger 2bKV: Dipl.-P\u00e4d. OLNMS Regina ScheichelbauerStv.: Prof. Magdalena Szelegowitz 3aKV: Dipl.-P\u00e4d. LNMS Adele CallenbergStv.: Dipl.-P\u00e4d. OLNMS Heidemarie Gruber 3bKV: <a class=\"more-link\" href=\"https:\/\/nmsstleonhard-forst.ac.at\/?page_id=9279\">Weiterlesen\u00a0\u2026<\/a><\/p>\n","protected":false},"author":2,"featured_media":0,"parent":62,"menu_order":0,"comment_status":"closed","ping_status":"closed","template":"","meta":{"footnotes":""},"class_list":["post-9279","page","type-page","status-publish","hentry"],"_links":{"self":[{"href":"https:\/\/nmsstleonhard-forst.ac.at\/index.php?rest_route=\/wp\/v2\/pages\/9279","targetHints":{"allow":["GET"]}}],"collection":[{"href":"https:\/\/nmsstleonhard-forst.ac.at\/index.php?rest_route=\/wp\/v2\/pages"}],"about":[{"href":"https:\/\/nmsstleonhard-forst.ac.at\/index.php?rest_route=\/wp\/v2\/types\/page"}],"author":[{"embeddable":true,"href":"https:\/\/nmsstleonhard-forst.ac.at\/index.php?rest_route=\/wp\/v2\/users\/2"}],"replies":[{"embeddable":true,"href":"https:\/\/nmsstleonhard-forst.ac.at\/index.php?rest_route=%2Fwp%2Fv2%2Fcomments&post=9279"}],"version-history":[{"count":3,"href":"https:\/\/nmsstleonhard-forst.ac.at\/index.php?rest_route=\/wp\/v2\/pages\/9279\/revisions"}],"predecessor-version":[{"id":9309,"href":"https:\/\/nmsstleonhard-forst.ac.at\/index.php?rest_route=\/wp\/v2\/pages\/9279\/revisions\/9309"}],"up":[{"embeddable":true,"href":"https:\/\/nmsstleonhard-forst.ac.at\/index.php?rest_route=\/wp\/v2\/pages\/62"}],"wp:attachment":[{"href":"https:\/\/nmsstleonhard-forst.ac.at\/index.php?rest_route=%2Fwp%2Fv2%2Fmedia&parent=9279"}],"curies":[{"name":"wp","href":"https:\/\/api.w.org\/{rel}","templated":true}]}}