{"id":9277,"date":"2022-12-08T10:48:54","date_gmt":"2022-12-08T09:48:54","guid":{"rendered":"https:\/\/nmsstleonhard-forst.ac.at\/?page_id=9277"},"modified":"2022-12-08T11:17:28","modified_gmt":"2022-12-08T10:17:28","slug":"schuljahr-2017-18","status":"publish","type":"page","link":"https:\/\/nmsstleonhard-forst.ac.at\/?page_id=9277","title":{"rendered":"Schuljahr 2017\/18"},"content":{"rendered":"\n<h3 class=\"wp-block-heading\"><strong>1a<\/strong><br \/>KV: Dipl.-P\u00e4d. OLNMS Brigitte Haag<br \/>Stv.: Dipl.-P\u00e4d. OLNMS Ernestine Linsberger<\/h3>\n\n\n\n<figure class=\"wp-block-image\"><img loading=\"lazy\" decoding=\"async\" width=\"1024\" height=\"771\" src=\"https:\/\/nmsstleonhard-forst.ac.at\/wp-content\/uploads\/2010\/09\/PK08B003a.jpg\" alt=\"\" class=\"wp-image-5400\" srcset=\"https:\/\/nmsstleonhard-forst.ac.at\/wp-content\/uploads\/2010\/09\/PK08B003a.jpg 1024w, https:\/\/nmsstleonhard-forst.ac.at\/wp-content\/uploads\/2010\/09\/PK08B003a-300x226.jpg 300w, https:\/\/nmsstleonhard-forst.ac.at\/wp-content\/uploads\/2010\/09\/PK08B003a-768x578.jpg 768w\" sizes=\"auto, (max-width: 1024px) 100vw, 1024px\" \/><\/figure>\n\n\n\n<h3 class=\"wp-block-heading\"><strong>1b<\/strong><br \/>KV: Dipl.-P\u00e4d. OLNMS Regina Scheichelbauer<br \/>Stv.: Prof. Magdalena Szelegowitz<\/h3>\n\n\n\n<figure class=\"wp-block-image\"><a href=\"https:\/\/nmsstleonhard-forst.ac.at\/wp-content\/uploads\/2010\/09\/PK09B003a.jpg\"><img loading=\"lazy\" decoding=\"async\" width=\"1024\" height=\"771\" src=\"https:\/\/nmsstleonhard-forst.ac.at\/wp-content\/uploads\/2010\/09\/PK09B003a.jpg\" alt=\"\" class=\"wp-image-5405\" srcset=\"https:\/\/nmsstleonhard-forst.ac.at\/wp-content\/uploads\/2010\/09\/PK09B003a.jpg 1024w, https:\/\/nmsstleonhard-forst.ac.at\/wp-content\/uploads\/2010\/09\/PK09B003a-300x226.jpg 300w, https:\/\/nmsstleonhard-forst.ac.at\/wp-content\/uploads\/2010\/09\/PK09B003a-768x578.jpg 768w\" sizes=\"auto, (max-width: 1024px) 100vw, 1024px\" \/><\/a><\/figure>\n\n\n\n<h3 class=\"wp-block-heading\"><strong>2a<br \/><\/strong>KV: Dipl.-P\u00e4d. LNMS Adele Callenberg<br \/>Stv.: Prof. Roland W\u00f6grath<\/h3>\n\n\n\n<figure class=\"wp-block-image\"><a href=\"https:\/\/nmsstleonhard-forst.ac.at\/wp-content\/uploads\/2010\/09\/PK06B010a.jpg\"><img loading=\"lazy\" decoding=\"async\" width=\"1024\" height=\"771\" src=\"https:\/\/nmsstleonhard-forst.ac.at\/wp-content\/uploads\/2010\/09\/PK06B010a.jpg\" alt=\"\" class=\"wp-image-5395\" srcset=\"https:\/\/nmsstleonhard-forst.ac.at\/wp-content\/uploads\/2010\/09\/PK06B010a.jpg 1024w, https:\/\/nmsstleonhard-forst.ac.at\/wp-content\/uploads\/2010\/09\/PK06B010a-300x226.jpg 300w, https:\/\/nmsstleonhard-forst.ac.at\/wp-content\/uploads\/2010\/09\/PK06B010a-768x578.jpg 768w\" sizes=\"auto, (max-width: 1024px) 100vw, 1024px\" \/><\/a><\/figure>\n\n\n\n<h3 class=\"wp-block-heading\">2b<br \/>KV: Dipl.-P\u00e4d. OLNMS Anna Pichelmann<br \/>Stv.: Prof. Astrid Schweighofer<\/h3>\n\n\n\n<figure class=\"wp-block-image\"><a href=\"https:\/\/nmsstleonhard-forst.ac.at\/wp-content\/uploads\/2010\/09\/PK05B005a.jpg\"><img loading=\"lazy\" decoding=\"async\" width=\"1024\" height=\"770\" src=\"https:\/\/nmsstleonhard-forst.ac.at\/wp-content\/uploads\/2010\/09\/PK05B005a.jpg\" alt=\"\" class=\"wp-image-5396\" srcset=\"https:\/\/nmsstleonhard-forst.ac.at\/wp-content\/uploads\/2010\/09\/PK05B005a.jpg 1024w, https:\/\/nmsstleonhard-forst.ac.at\/wp-content\/uploads\/2010\/09\/PK05B005a-300x226.jpg 300w, https:\/\/nmsstleonhard-forst.ac.at\/wp-content\/uploads\/2010\/09\/PK05B005a-768x578.jpg 768w\" sizes=\"auto, (max-width: 1024px) 100vw, 1024px\" \/><\/a><\/figure>\n\n\n\n<h3 class=\"wp-block-heading\"><strong>3a<\/strong><br \/>KV: SR Ulrike Zeilinger<br \/>Stv.: Dipl.-P\u00e4d. SOL Sabine Resel<\/h3>\n\n\n\n<figure class=\"wp-block-image\"><a href=\"https:\/\/nmsstleonhard-forst.ac.at\/wp-content\/uploads\/2010\/09\/PK07B005a.jpg\"><img loading=\"lazy\" decoding=\"async\" width=\"1024\" height=\"771\" src=\"https:\/\/nmsstleonhard-forst.ac.at\/wp-content\/uploads\/2010\/09\/PK07B005a.jpg\" alt=\"\" class=\"wp-image-5397\" srcset=\"https:\/\/nmsstleonhard-forst.ac.at\/wp-content\/uploads\/2010\/09\/PK07B005a.jpg 1024w, https:\/\/nmsstleonhard-forst.ac.at\/wp-content\/uploads\/2010\/09\/PK07B005a-300x226.jpg 300w, https:\/\/nmsstleonhard-forst.ac.at\/wp-content\/uploads\/2010\/09\/PK07B005a-768x578.jpg 768w\" sizes=\"auto, (max-width: 1024px) 100vw, 1024px\" \/><\/a><\/figure>\n\n\n\n<h3 class=\"wp-block-heading\"><strong>3b<\/strong><br \/>KV: Dipl.-P\u00e4d. OLNMS Marianne Berger<br \/>Stv.: Prof. Viktoria H\u00fcrner<\/h3>\n\n\n\n<h3 class=\"wp-block-heading\"><a href=\"https:\/\/nmsstleonhard-forst.ac.at\/wp-content\/uploads\/2010\/09\/PK04B007a.jpg\"><img loading=\"lazy\" decoding=\"async\" width=\"1024\" height=\"770\" class=\"alignnone size-full wp-image-5398\" src=\"https:\/\/nmsstleonhard-forst.ac.at\/wp-content\/uploads\/2010\/09\/PK04B007a.jpg\" alt=\"\" srcset=\"https:\/\/nmsstleonhard-forst.ac.at\/wp-content\/uploads\/2010\/09\/PK04B007a.jpg 1024w, https:\/\/nmsstleonhard-forst.ac.at\/wp-content\/uploads\/2010\/09\/PK04B007a-300x226.jpg 300w, https:\/\/nmsstleonhard-forst.ac.at\/wp-content\/uploads\/2010\/09\/PK04B007a-768x578.jpg 768w\" sizes=\"auto, (max-width: 1024px) 100vw, 1024px\" \/><\/a><\/h3>\n\n\n\n<h3 class=\"wp-block-heading\"><strong>4a<\/strong><br \/>KV: Dipl.-P\u00e4d. OLNMS Heidemarie Gruber<br \/>Stv.: Dipl. P\u00e4d. OLNMS Rudolf Engelbrechtsm\u00fcller<\/h3>\n\n\n\n<figure class=\"wp-block-image\"><a href=\"https:\/\/nmsstleonhard-forst.ac.at\/wp-content\/uploads\/2010\/09\/PK02B010a.jpg\"><img loading=\"lazy\" decoding=\"async\" width=\"1024\" height=\"770\" src=\"https:\/\/nmsstleonhard-forst.ac.at\/wp-content\/uploads\/2010\/09\/PK02B010a.jpg\" alt=\"\" class=\"wp-image-5399\" srcset=\"https:\/\/nmsstleonhard-forst.ac.at\/wp-content\/uploads\/2010\/09\/PK02B010a.jpg 1024w, https:\/\/nmsstleonhard-forst.ac.at\/wp-content\/uploads\/2010\/09\/PK02B010a-300x226.jpg 300w, https:\/\/nmsstleonhard-forst.ac.at\/wp-content\/uploads\/2010\/09\/PK02B010a-768x578.jpg 768w\" sizes=\"auto, (max-width: 1024px) 100vw, 1024px\" \/><\/a><\/figure>\n\n\n\n<h3 class=\"wp-block-heading\"><strong>4b<\/strong><br \/>KV: Dipl.-P\u00e4d. OLNMS Beate Janisch<br \/>Stv.: Dipl.P\u00e4d. SR Peter J. Hamberger<\/h3>\n\n\n\n<figure class=\"wp-block-image\"><a href=\"https:\/\/nmsstleonhard-forst.ac.at\/wp-content\/uploads\/2010\/09\/PK03B023a.jpg\"><img loading=\"lazy\" decoding=\"async\" width=\"1024\" height=\"771\" src=\"https:\/\/nmsstleonhard-forst.ac.at\/wp-content\/uploads\/2010\/09\/PK03B023a.jpg\" alt=\"\" class=\"wp-image-5402\" srcset=\"https:\/\/nmsstleonhard-forst.ac.at\/wp-content\/uploads\/2010\/09\/PK03B023a.jpg 1024w, https:\/\/nmsstleonhard-forst.ac.at\/wp-content\/uploads\/2010\/09\/PK03B023a-300x226.jpg 300w, https:\/\/nmsstleonhard-forst.ac.at\/wp-content\/uploads\/2010\/09\/PK03B023a-768x578.jpg 768w\" sizes=\"auto, (max-width: 1024px) 100vw, 1024px\" \/><\/a><\/figure>\n","protected":false},"excerpt":{"rendered":"<p>1aKV: Dipl.-P\u00e4d. OLNMS Brigitte HaagStv.: Dipl.-P\u00e4d. OLNMS Ernestine Linsberger 1bKV: Dipl.-P\u00e4d. OLNMS Regina ScheichelbauerStv.: Prof. Magdalena Szelegowitz 2aKV: Dipl.-P\u00e4d. LNMS Adele CallenbergStv.: Prof. Roland W\u00f6grath 2bKV: Dipl.-P\u00e4d. OLNMS Anna PichelmannStv.: Prof. Astrid Schweighofer 3aKV: SR Ulrike ZeilingerStv.: Dipl.-P\u00e4d. SOL Sabine Resel 3bKV: Dipl.-P\u00e4d. OLNMS Marianne <a class=\"more-link\" href=\"https:\/\/nmsstleonhard-forst.ac.at\/?page_id=9277\">Weiterlesen\u00a0\u2026<\/a><\/p>\n","protected":false},"author":2,"featured_media":0,"parent":62,"menu_order":0,"comment_status":"closed","ping_status":"closed","template":"","meta":{"footnotes":""},"class_list":["post-9277","page","type-page","status-publish","hentry"],"_links":{"self":[{"href":"https:\/\/nmsstleonhard-forst.ac.at\/index.php?rest_route=\/wp\/v2\/pages\/9277","targetHints":{"allow":["GET"]}}],"collection":[{"href":"https:\/\/nmsstleonhard-forst.ac.at\/index.php?rest_route=\/wp\/v2\/pages"}],"about":[{"href":"https:\/\/nmsstleonhard-forst.ac.at\/index.php?rest_route=\/wp\/v2\/types\/page"}],"author":[{"embeddable":true,"href":"https:\/\/nmsstleonhard-forst.ac.at\/index.php?rest_route=\/wp\/v2\/users\/2"}],"replies":[{"embeddable":true,"href":"https:\/\/nmsstleonhard-forst.ac.at\/index.php?rest_route=%2Fwp%2Fv2%2Fcomments&post=9277"}],"version-history":[{"count":4,"href":"https:\/\/nmsstleonhard-forst.ac.at\/index.php?rest_route=\/wp\/v2\/pages\/9277\/revisions"}],"predecessor-version":[{"id":9321,"href":"https:\/\/nmsstleonhard-forst.ac.at\/index.php?rest_route=\/wp\/v2\/pages\/9277\/revisions\/9321"}],"up":[{"embeddable":true,"href":"https:\/\/nmsstleonhard-forst.ac.at\/index.php?rest_route=\/wp\/v2\/pages\/62"}],"wp:attachment":[{"href":"https:\/\/nmsstleonhard-forst.ac.at\/index.php?rest_route=%2Fwp%2Fv2%2Fmedia&parent=9277"}],"curies":[{"name":"wp","href":"https:\/\/api.w.org\/{rel}","templated":true}]}}