{"id":9275,"date":"2022-12-08T10:48:34","date_gmt":"2022-12-08T09:48:34","guid":{"rendered":"https:\/\/nmsstleonhard-forst.ac.at\/?page_id=9275"},"modified":"2022-12-08T11:18:26","modified_gmt":"2022-12-08T10:18:26","slug":"schuljahr-2016-17","status":"publish","type":"page","link":"https:\/\/nmsstleonhard-forst.ac.at\/?page_id=9275","title":{"rendered":"Schuljahr 2016\/17"},"content":{"rendered":"\n<h3 class=\"wp-block-heading\"><strong>1a<\/strong><br \/>KV Dipl.-P\u00e4d. LNMS Adele Callenberg<br \/>Stv.: Dipl.-P\u00e4d. vLNMS Roland W\u00f6grath<\/h3>\n\n\n\n<figure class=\"wp-block-image\"><a href=\"https:\/\/nmsstleonhard-forst.ac.at\/wp-content\/uploads\/2010\/09\/PP-PK08B003.jpg\"><img loading=\"lazy\" decoding=\"async\" width=\"1084\" height=\"728\" src=\"https:\/\/nmsstleonhard-forst.ac.at\/wp-content\/uploads\/2010\/09\/PP-PK08B003.jpg\" alt=\"pp-pk08b003\" class=\"wp-image-4567\" srcset=\"https:\/\/nmsstleonhard-forst.ac.at\/wp-content\/uploads\/2010\/09\/PP-PK08B003.jpg 1084w, https:\/\/nmsstleonhard-forst.ac.at\/wp-content\/uploads\/2010\/09\/PP-PK08B003-300x201.jpg 300w, https:\/\/nmsstleonhard-forst.ac.at\/wp-content\/uploads\/2010\/09\/PP-PK08B003-768x516.jpg 768w, https:\/\/nmsstleonhard-forst.ac.at\/wp-content\/uploads\/2010\/09\/PP-PK08B003-1024x688.jpg 1024w\" sizes=\"auto, (max-width: 1084px) 100vw, 1084px\" \/><\/a><\/figure>\n\n\n\n<h3 class=\"wp-block-heading\">1b<br \/>KV Dipl.-P\u00e4d. OLNMS Anna Pichelmann<br \/>Stv.: Dipl. P\u00e4d. Astrid Schweighofer<\/h3>\n\n\n\n<figure class=\"wp-block-image\"><a href=\"https:\/\/nmsstleonhard-forst.ac.at\/wp-content\/uploads\/2010\/09\/PP-PK09B002.jpg\"><img loading=\"lazy\" decoding=\"async\" width=\"1084\" height=\"728\" src=\"https:\/\/nmsstleonhard-forst.ac.at\/wp-content\/uploads\/2010\/09\/PP-PK09B002.jpg\" alt=\"pp-pk09b002\" class=\"wp-image-4568\" srcset=\"https:\/\/nmsstleonhard-forst.ac.at\/wp-content\/uploads\/2010\/09\/PP-PK09B002.jpg 1084w, https:\/\/nmsstleonhard-forst.ac.at\/wp-content\/uploads\/2010\/09\/PP-PK09B002-300x201.jpg 300w, https:\/\/nmsstleonhard-forst.ac.at\/wp-content\/uploads\/2010\/09\/PP-PK09B002-768x516.jpg 768w, https:\/\/nmsstleonhard-forst.ac.at\/wp-content\/uploads\/2010\/09\/PP-PK09B002-1024x688.jpg 1024w\" sizes=\"auto, (max-width: 1084px) 100vw, 1084px\" \/><\/a><\/figure>\n\n\n\n<h3 class=\"wp-block-heading\"><strong>2a<\/strong><br \/>KV Dipl.-P\u00e4d. OLNMS Ulrike Zeilinger<br \/>Stv.: Dipl.-P\u00e4d. SOL Sabine Resel<\/h3>\n\n\n\n<figure class=\"wp-block-image\"><a href=\"https:\/\/nmsstleonhard-forst.ac.at\/wp-content\/uploads\/2010\/09\/PP-PK06B002.jpg\"><img loading=\"lazy\" decoding=\"async\" width=\"1084\" height=\"728\" src=\"https:\/\/nmsstleonhard-forst.ac.at\/wp-content\/uploads\/2010\/09\/PP-PK06B002.jpg\" alt=\"pp-pk06b002\" class=\"wp-image-4565\" srcset=\"https:\/\/nmsstleonhard-forst.ac.at\/wp-content\/uploads\/2010\/09\/PP-PK06B002.jpg 1084w, https:\/\/nmsstleonhard-forst.ac.at\/wp-content\/uploads\/2010\/09\/PP-PK06B002-300x201.jpg 300w, https:\/\/nmsstleonhard-forst.ac.at\/wp-content\/uploads\/2010\/09\/PP-PK06B002-768x516.jpg 768w, https:\/\/nmsstleonhard-forst.ac.at\/wp-content\/uploads\/2010\/09\/PP-PK06B002-1024x688.jpg 1024w\" sizes=\"auto, (max-width: 1084px) 100vw, 1084px\" \/><\/a><\/figure>\n\n\n\n<h3 class=\"wp-block-heading\"><strong>2b<\/strong><br \/>KV Dipl.-P\u00e4d. OLNMS Marianne Berger<br \/>Stv.: Dipl.-P\u00e4d. Viktoria H\u00fcrner<\/h3>\n\n\n\n<h3 class=\"wp-block-heading\"><a href=\"https:\/\/nmsstleonhard-forst.ac.at\/wp-content\/uploads\/2010\/09\/PP-PK07B009.jpg\"><img loading=\"lazy\" decoding=\"async\" class=\"alignnone size-full wp-image-4566\" src=\"https:\/\/nmsstleonhard-forst.ac.at\/wp-content\/uploads\/2010\/09\/PP-PK07B009.jpg\" alt=\"pp-pk07b009\" width=\"1084\" height=\"728\" srcset=\"https:\/\/nmsstleonhard-forst.ac.at\/wp-content\/uploads\/2010\/09\/PP-PK07B009.jpg 1084w, https:\/\/nmsstleonhard-forst.ac.at\/wp-content\/uploads\/2010\/09\/PP-PK07B009-300x201.jpg 300w, https:\/\/nmsstleonhard-forst.ac.at\/wp-content\/uploads\/2010\/09\/PP-PK07B009-768x516.jpg 768w, https:\/\/nmsstleonhard-forst.ac.at\/wp-content\/uploads\/2010\/09\/PP-PK07B009-1024x688.jpg 1024w\" sizes=\"auto, (max-width: 1084px) 100vw, 1084px\" \/><\/a><\/h3>\n\n\n\n<h3 class=\"wp-block-heading\"><strong>3a<\/strong><br \/>KV Dipl.-P\u00e4d. OLNMS Heidemarie Gruber<br \/>Stv.: Dipl. P\u00e4d. OLNMS Rudolf Engelbrechtsm\u00fcller<\/h3>\n\n\n\n<figure class=\"wp-block-image\"><a href=\"https:\/\/nmsstleonhard-forst.ac.at\/wp-content\/uploads\/2010\/09\/PP-PK04B002.jpg\"><img loading=\"lazy\" decoding=\"async\" width=\"1084\" height=\"728\" src=\"https:\/\/nmsstleonhard-forst.ac.at\/wp-content\/uploads\/2010\/09\/PP-PK04B002.jpg\" alt=\"pp-pk04b002\" class=\"wp-image-4561\" srcset=\"https:\/\/nmsstleonhard-forst.ac.at\/wp-content\/uploads\/2010\/09\/PP-PK04B002.jpg 1084w, https:\/\/nmsstleonhard-forst.ac.at\/wp-content\/uploads\/2010\/09\/PP-PK04B002-300x201.jpg 300w, https:\/\/nmsstleonhard-forst.ac.at\/wp-content\/uploads\/2010\/09\/PP-PK04B002-768x516.jpg 768w, https:\/\/nmsstleonhard-forst.ac.at\/wp-content\/uploads\/2010\/09\/PP-PK04B002-1024x688.jpg 1024w\" sizes=\"auto, (max-width: 1084px) 100vw, 1084px\" \/><\/a><\/figure>\n\n\n\n<h3 class=\"wp-block-heading\"><strong>3b<\/strong><br \/>KV Dipl.-P\u00e4d. LNMS Karin Schafranek<br \/>Stv.: Dipl.-P\u00e4d.OLNMS Beate Janisch<\/h3>\n\n\n\n<figure class=\"wp-block-image\"><a href=\"https:\/\/nmsstleonhard-forst.ac.at\/wp-content\/uploads\/2010\/09\/PP-PK05B005.jpg\"><img loading=\"lazy\" decoding=\"async\" width=\"1084\" height=\"728\" src=\"https:\/\/nmsstleonhard-forst.ac.at\/wp-content\/uploads\/2010\/09\/PP-PK05B005.jpg\" alt=\"pp-pk05b005\" class=\"wp-image-4563\" srcset=\"https:\/\/nmsstleonhard-forst.ac.at\/wp-content\/uploads\/2010\/09\/PP-PK05B005.jpg 1084w, https:\/\/nmsstleonhard-forst.ac.at\/wp-content\/uploads\/2010\/09\/PP-PK05B005-300x201.jpg 300w, https:\/\/nmsstleonhard-forst.ac.at\/wp-content\/uploads\/2010\/09\/PP-PK05B005-768x516.jpg 768w, https:\/\/nmsstleonhard-forst.ac.at\/wp-content\/uploads\/2010\/09\/PP-PK05B005-1024x688.jpg 1024w\" sizes=\"auto, (max-width: 1084px) 100vw, 1084px\" \/><\/a><\/figure>\n\n\n\n<h3 class=\"wp-block-heading\"><strong>4a<\/strong><br \/>KV Dipl.-P\u00e4d. OLNMS Brigitte Haag<br \/>Stv.: Dipl.-P\u00e4d. OLNMS Ernestine Linsberger<\/h3>\n\n\n\n<figure class=\"wp-block-image\"><a href=\"https:\/\/nmsstleonhard-forst.ac.at\/wp-content\/uploads\/2010\/09\/PP-PK02B014.jpg\"><img loading=\"lazy\" decoding=\"async\" width=\"1084\" height=\"728\" src=\"https:\/\/nmsstleonhard-forst.ac.at\/wp-content\/uploads\/2010\/09\/PP-PK02B014.jpg\" alt=\"pp-pk02b014\" class=\"wp-image-4558\" srcset=\"https:\/\/nmsstleonhard-forst.ac.at\/wp-content\/uploads\/2010\/09\/PP-PK02B014.jpg 1084w, https:\/\/nmsstleonhard-forst.ac.at\/wp-content\/uploads\/2010\/09\/PP-PK02B014-300x201.jpg 300w, https:\/\/nmsstleonhard-forst.ac.at\/wp-content\/uploads\/2010\/09\/PP-PK02B014-768x516.jpg 768w, https:\/\/nmsstleonhard-forst.ac.at\/wp-content\/uploads\/2010\/09\/PP-PK02B014-1024x688.jpg 1024w\" sizes=\"auto, (max-width: 1084px) 100vw, 1084px\" \/><\/a><\/figure>\n\n\n\n<h3 class=\"wp-block-heading\"><strong>4b<\/strong><br \/>KV Dipl.-P\u00e4d. OLNMS Regina Scheichelbauer<br \/>Stv.: Dipl.-P\u00e4d. SR Peter J. Hamberger<\/h3>\n\n\n\n<figure class=\"wp-block-image\"><a href=\"https:\/\/nmsstleonhard-forst.ac.at\/wp-content\/uploads\/2010\/09\/PP-PK03B007.jpg\"><img loading=\"lazy\" decoding=\"async\" width=\"1084\" height=\"728\" src=\"https:\/\/nmsstleonhard-forst.ac.at\/wp-content\/uploads\/2010\/09\/PP-PK03B007.jpg\" alt=\"pp-pk03b007\" class=\"wp-image-4559\" srcset=\"https:\/\/nmsstleonhard-forst.ac.at\/wp-content\/uploads\/2010\/09\/PP-PK03B007.jpg 1084w, https:\/\/nmsstleonhard-forst.ac.at\/wp-content\/uploads\/2010\/09\/PP-PK03B007-300x201.jpg 300w, https:\/\/nmsstleonhard-forst.ac.at\/wp-content\/uploads\/2010\/09\/PP-PK03B007-768x516.jpg 768w, https:\/\/nmsstleonhard-forst.ac.at\/wp-content\/uploads\/2010\/09\/PP-PK03B007-1024x688.jpg 1024w\" sizes=\"auto, (max-width: 1084px) 100vw, 1084px\" \/><\/a><\/figure>\n","protected":false},"excerpt":{"rendered":"<p>1aKV Dipl.-P\u00e4d. LNMS Adele CallenbergStv.: Dipl.-P\u00e4d. vLNMS Roland W\u00f6grath 1bKV Dipl.-P\u00e4d. OLNMS Anna PichelmannStv.: Dipl. P\u00e4d. Astrid Schweighofer 2aKV Dipl.-P\u00e4d. OLNMS Ulrike ZeilingerStv.: Dipl.-P\u00e4d. SOL Sabine Resel 2bKV Dipl.-P\u00e4d. OLNMS Marianne BergerStv.: Dipl.-P\u00e4d. Viktoria H\u00fcrner 3aKV Dipl.-P\u00e4d. OLNMS Heidemarie GruberStv.: Dipl. P\u00e4d. OLNMS Rudolf Engelbrechtsm\u00fcller <a class=\"more-link\" href=\"https:\/\/nmsstleonhard-forst.ac.at\/?page_id=9275\">Weiterlesen\u00a0\u2026<\/a><\/p>\n","protected":false},"author":2,"featured_media":0,"parent":62,"menu_order":0,"comment_status":"closed","ping_status":"closed","template":"","meta":{"footnotes":""},"class_list":["post-9275","page","type-page","status-publish","hentry"],"_links":{"self":[{"href":"https:\/\/nmsstleonhard-forst.ac.at\/index.php?rest_route=\/wp\/v2\/pages\/9275","targetHints":{"allow":["GET"]}}],"collection":[{"href":"https:\/\/nmsstleonhard-forst.ac.at\/index.php?rest_route=\/wp\/v2\/pages"}],"about":[{"href":"https:\/\/nmsstleonhard-forst.ac.at\/index.php?rest_route=\/wp\/v2\/types\/page"}],"author":[{"embeddable":true,"href":"https:\/\/nmsstleonhard-forst.ac.at\/index.php?rest_route=\/wp\/v2\/users\/2"}],"replies":[{"embeddable":true,"href":"https:\/\/nmsstleonhard-forst.ac.at\/index.php?rest_route=%2Fwp%2Fv2%2Fcomments&post=9275"}],"version-history":[{"count":3,"href":"https:\/\/nmsstleonhard-forst.ac.at\/index.php?rest_route=\/wp\/v2\/pages\/9275\/revisions"}],"predecessor-version":[{"id":9322,"href":"https:\/\/nmsstleonhard-forst.ac.at\/index.php?rest_route=\/wp\/v2\/pages\/9275\/revisions\/9322"}],"up":[{"embeddable":true,"href":"https:\/\/nmsstleonhard-forst.ac.at\/index.php?rest_route=\/wp\/v2\/pages\/62"}],"wp:attachment":[{"href":"https:\/\/nmsstleonhard-forst.ac.at\/index.php?rest_route=%2Fwp%2Fv2%2Fmedia&parent=9275"}],"curies":[{"name":"wp","href":"https:\/\/api.w.org\/{rel}","templated":true}]}}