{"id":9271,"date":"2022-12-08T10:46:36","date_gmt":"2022-12-08T09:46:36","guid":{"rendered":"https:\/\/nmsstleonhard-forst.ac.at\/?page_id=9271"},"modified":"2022-12-08T11:24:45","modified_gmt":"2022-12-08T10:24:45","slug":"schuljahr-2014-15","status":"publish","type":"page","link":"https:\/\/nmsstleonhard-forst.ac.at\/?page_id=9271","title":{"rendered":"Schuljahr 2014\/15"},"content":{"rendered":"\n<h3 class=\"wp-block-heading\"><strong>1a<\/strong><br \/>KV Dipl.-P\u00e4d. HOL Heidemarie Gruber<\/h3>\n\n\n<div class=\"wp-block-image\">\n<figure class=\"alignleft\"><a href=\"https:\/\/nmsstleonhard-forst.ac.at\/wp-content\/uploads\/2010\/09\/1a14-15.jpg\"><img loading=\"lazy\" decoding=\"async\" width=\"1024\" height=\"770\" src=\"https:\/\/nmsstleonhard-forst.ac.at\/wp-content\/uploads\/2010\/09\/1a14-15.jpg\" alt=\"\" class=\"wp-image-3030\" title=\"1a14-15\" srcset=\"https:\/\/nmsstleonhard-forst.ac.at\/wp-content\/uploads\/2010\/09\/1a14-15.jpg 1024w, https:\/\/nmsstleonhard-forst.ac.at\/wp-content\/uploads\/2010\/09\/1a14-15-300x225.jpg 300w\" sizes=\"auto, (max-width: 1024px) 100vw, 1024px\" \/><\/a><\/figure>\n<\/div>\n\n\n<p><\/p>\n\n\n\n<h3 class=\"wp-block-heading\"><strong>1b<\/strong><br \/>KV Dipl.-P\u00e4d. HL Karin Schafranek<\/h3>\n\n\n<div class=\"wp-block-image\">\n<figure class=\"aligncenter\"><a href=\"https:\/\/nmsstleonhard-forst.ac.at\/wp-content\/uploads\/2010\/09\/1b14-15.jpg\"><img loading=\"lazy\" decoding=\"async\" width=\"1024\" height=\"770\" src=\"https:\/\/nmsstleonhard-forst.ac.at\/wp-content\/uploads\/2010\/09\/1b14-15.jpg\" alt=\"\" class=\"wp-image-3031\" title=\"1b14-15\" srcset=\"https:\/\/nmsstleonhard-forst.ac.at\/wp-content\/uploads\/2010\/09\/1b14-15.jpg 1024w, https:\/\/nmsstleonhard-forst.ac.at\/wp-content\/uploads\/2010\/09\/1b14-15-300x225.jpg 300w\" sizes=\"auto, (max-width: 1024px) 100vw, 1024px\" \/><\/a><\/figure>\n<\/div>\n\n\n<h3 class=\"wp-block-heading\"><strong>2a<\/strong><br \/>KV Dipl.-P\u00e4d. HOL Brigitte Haag<br \/>Stv.: Dipl.-P\u00e4d. HOL Ernestine Linsberger<a href=\"https:\/\/nmsstleonhard-forst.ac.at\/wp-content\/uploads\/2010\/09\/2a14-15.jpg\"><img loading=\"lazy\" decoding=\"async\" title=\"2a14-15\" class=\"aligncenter wp-image-3038 size-full\" src=\"https:\/\/nmsstleonhard-forst.ac.at\/wp-content\/uploads\/2010\/09\/2a14-15.jpg\" alt=\"\" width=\"1024\" height=\"770\" srcset=\"https:\/\/nmsstleonhard-forst.ac.at\/wp-content\/uploads\/2010\/09\/2a14-15.jpg 1024w, https:\/\/nmsstleonhard-forst.ac.at\/wp-content\/uploads\/2010\/09\/2a14-15-300x225.jpg 300w\" sizes=\"auto, (max-width: 1024px) 100vw, 1024px\" \/><\/a><\/h3>\n\n\n\n<h3 class=\"wp-block-heading\"><strong>2b<\/strong><br \/>KV Dipl.-P\u00e4d. HOL Regina Scheichelbauer<\/h3>\n\n\n<div class=\"wp-block-image\">\n<figure class=\"aligncenter\"><a href=\"https:\/\/nmsstleonhard-forst.ac.at\/wp-content\/uploads\/2010\/09\/2b14-15.jpg\"><img loading=\"lazy\" decoding=\"async\" width=\"1024\" height=\"770\" src=\"https:\/\/nmsstleonhard-forst.ac.at\/wp-content\/uploads\/2010\/09\/2b14-15.jpg\" alt=\"\" class=\"wp-image-3037\" title=\"2b14-15\" srcset=\"https:\/\/nmsstleonhard-forst.ac.at\/wp-content\/uploads\/2010\/09\/2b14-15.jpg 1024w, https:\/\/nmsstleonhard-forst.ac.at\/wp-content\/uploads\/2010\/09\/2b14-15-300x225.jpg 300w\" sizes=\"auto, (max-width: 1024px) 100vw, 1024px\" \/><\/a><\/figure>\n<\/div>\n\n\n<h3 class=\"wp-block-heading\"><strong>3a<\/strong><br \/>KV Dipl.-P\u00e4d. SL Sabine Witha<br \/>KV Dipl.-P\u00e4d. HL Adele Derfler<br \/>St\u00fctzkraft: Frau Andrea Hahn<\/h3>\n\n\n<div class=\"wp-block-image\">\n<figure class=\"aligncenter\"><a href=\"https:\/\/nmsstleonhard-forst.ac.at\/wp-content\/uploads\/2010\/09\/3a14-15.jpg\"><img loading=\"lazy\" decoding=\"async\" width=\"1024\" height=\"771\" src=\"https:\/\/nmsstleonhard-forst.ac.at\/wp-content\/uploads\/2010\/09\/3a14-15.jpg\" alt=\"\" class=\"wp-image-3036\" title=\"3a14-15\" srcset=\"https:\/\/nmsstleonhard-forst.ac.at\/wp-content\/uploads\/2010\/09\/3a14-15.jpg 1024w, https:\/\/nmsstleonhard-forst.ac.at\/wp-content\/uploads\/2010\/09\/3a14-15-300x225.jpg 300w\" sizes=\"auto, (max-width: 1024px) 100vw, 1024px\" \/><\/a><\/figure>\n<\/div>\n\n\n<h3 class=\"wp-block-heading\"><strong>3b<\/strong><br \/>KV Dipl.-P\u00e4d. HOL Gisela Daurer<\/h3>\n\n\n<div class=\"wp-block-image\">\n<figure class=\"aligncenter\"><a href=\"https:\/\/nmsstleonhard-forst.ac.at\/wp-content\/uploads\/2010\/09\/3b14-15.jpg\"><img loading=\"lazy\" decoding=\"async\" width=\"1024\" height=\"770\" src=\"https:\/\/nmsstleonhard-forst.ac.at\/wp-content\/uploads\/2010\/09\/3b14-15.jpg\" alt=\"\" class=\"wp-image-3035\" title=\"3b14-15\" srcset=\"https:\/\/nmsstleonhard-forst.ac.at\/wp-content\/uploads\/2010\/09\/3b14-15.jpg 1024w, https:\/\/nmsstleonhard-forst.ac.at\/wp-content\/uploads\/2010\/09\/3b14-15-300x225.jpg 300w\" sizes=\"auto, (max-width: 1024px) 100vw, 1024px\" \/><\/a><\/figure>\n<\/div>\n\n\n<h3 class=\"wp-block-heading\"><strong>4a<\/strong><br \/>KV Dipl.-P\u00e4d. SR Hilde Weinerer<br \/>KV Dipl.-P\u00e4d. HOL Marianne Berger<\/h3>\n\n\n<div class=\"wp-block-image\">\n<figure class=\"aligncenter\"><a href=\"https:\/\/nmsstleonhard-forst.ac.at\/wp-content\/uploads\/2010\/09\/4a14-15.jpg\"><img loading=\"lazy\" decoding=\"async\" width=\"1024\" height=\"770\" src=\"https:\/\/nmsstleonhard-forst.ac.at\/wp-content\/uploads\/2010\/09\/4a14-15.jpg\" alt=\"\" class=\"wp-image-3034\" title=\"4a14-15\" srcset=\"https:\/\/nmsstleonhard-forst.ac.at\/wp-content\/uploads\/2010\/09\/4a14-15.jpg 1024w, https:\/\/nmsstleonhard-forst.ac.at\/wp-content\/uploads\/2010\/09\/4a14-15-300x225.jpg 300w\" sizes=\"auto, (max-width: 1024px) 100vw, 1024px\" \/><\/a><\/figure>\n<\/div>\n\n\n<h3 class=\"wp-block-heading\"><strong>4b<\/strong><br \/>KV Dipl.-P\u00e4d. vHL Andreas St\u00f6ckl<br \/>Stv. Dipl.-P\u00e4d. HOL Ulrike Zeilinger<\/h3>\n\n\n<div class=\"wp-block-image\">\n<figure class=\"aligncenter\"><a href=\"https:\/\/nmsstleonhard-forst.ac.at\/wp-content\/uploads\/2010\/09\/4b14-15.jpg\"><img loading=\"lazy\" decoding=\"async\" width=\"1024\" height=\"770\" src=\"https:\/\/nmsstleonhard-forst.ac.at\/wp-content\/uploads\/2010\/09\/4b14-15.jpg\" alt=\"\" class=\"wp-image-3032\" title=\"4b14-15\" srcset=\"https:\/\/nmsstleonhard-forst.ac.at\/wp-content\/uploads\/2010\/09\/4b14-15.jpg 1024w, https:\/\/nmsstleonhard-forst.ac.at\/wp-content\/uploads\/2010\/09\/4b14-15-300x225.jpg 300w\" sizes=\"auto, (max-width: 1024px) 100vw, 1024px\" \/><\/a><\/figure>\n<\/div>\n\n\n<h3 class=\"wp-block-heading\"><strong>4c<\/strong><br \/>KV Dipl.-P\u00e4d. HOL Ilse Neubauer<\/h3>\n\n\n<div class=\"wp-block-image\">\n<figure class=\"aligncenter\"><a href=\"https:\/\/nmsstleonhard-forst.ac.at\/wp-content\/uploads\/2010\/09\/4c14-15.jpg\"><img loading=\"lazy\" decoding=\"async\" width=\"1024\" height=\"770\" src=\"https:\/\/nmsstleonhard-forst.ac.at\/wp-content\/uploads\/2010\/09\/4c14-15.jpg\" alt=\"\" class=\"wp-image-3033\" title=\"4c14-15\" srcset=\"https:\/\/nmsstleonhard-forst.ac.at\/wp-content\/uploads\/2010\/09\/4c14-15.jpg 1024w, https:\/\/nmsstleonhard-forst.ac.at\/wp-content\/uploads\/2010\/09\/4c14-15-300x225.jpg 300w\" sizes=\"auto, (max-width: 1024px) 100vw, 1024px\" \/><\/a><\/figure>\n<\/div>","protected":false},"excerpt":{"rendered":"<p>1aKV Dipl.-P\u00e4d. HOL Heidemarie Gruber 1bKV Dipl.-P\u00e4d. HL Karin Schafranek 2aKV Dipl.-P\u00e4d. HOL Brigitte HaagStv.: Dipl.-P\u00e4d. HOL Ernestine Linsberger 2bKV Dipl.-P\u00e4d. HOL Regina Scheichelbauer 3aKV Dipl.-P\u00e4d. SL Sabine WithaKV Dipl.-P\u00e4d. HL Adele DerflerSt\u00fctzkraft: Frau Andrea Hahn 3bKV Dipl.-P\u00e4d. HOL Gisela Daurer 4aKV Dipl.-P\u00e4d. SR Hilde <a class=\"more-link\" href=\"https:\/\/nmsstleonhard-forst.ac.at\/?page_id=9271\">Weiterlesen\u00a0\u2026<\/a><\/p>\n","protected":false},"author":2,"featured_media":0,"parent":62,"menu_order":0,"comment_status":"closed","ping_status":"closed","template":"","meta":{"footnotes":""},"class_list":["post-9271","page","type-page","status-publish","hentry"],"_links":{"self":[{"href":"https:\/\/nmsstleonhard-forst.ac.at\/index.php?rest_route=\/wp\/v2\/pages\/9271","targetHints":{"allow":["GET"]}}],"collection":[{"href":"https:\/\/nmsstleonhard-forst.ac.at\/index.php?rest_route=\/wp\/v2\/pages"}],"about":[{"href":"https:\/\/nmsstleonhard-forst.ac.at\/index.php?rest_route=\/wp\/v2\/types\/page"}],"author":[{"embeddable":true,"href":"https:\/\/nmsstleonhard-forst.ac.at\/index.php?rest_route=\/wp\/v2\/users\/2"}],"replies":[{"embeddable":true,"href":"https:\/\/nmsstleonhard-forst.ac.at\/index.php?rest_route=%2Fwp%2Fv2%2Fcomments&post=9271"}],"version-history":[{"count":4,"href":"https:\/\/nmsstleonhard-forst.ac.at\/index.php?rest_route=\/wp\/v2\/pages\/9271\/revisions"}],"predecessor-version":[{"id":9328,"href":"https:\/\/nmsstleonhard-forst.ac.at\/index.php?rest_route=\/wp\/v2\/pages\/9271\/revisions\/9328"}],"up":[{"embeddable":true,"href":"https:\/\/nmsstleonhard-forst.ac.at\/index.php?rest_route=\/wp\/v2\/pages\/62"}],"wp:attachment":[{"href":"https:\/\/nmsstleonhard-forst.ac.at\/index.php?rest_route=%2Fwp%2Fv2%2Fmedia&parent=9271"}],"curies":[{"name":"wp","href":"https:\/\/api.w.org\/{rel}","templated":true}]}}