{"id":9266,"date":"2022-12-08T10:43:09","date_gmt":"2022-12-08T09:43:09","guid":{"rendered":"https:\/\/nmsstleonhard-forst.ac.at\/?page_id=9266"},"modified":"2022-12-08T11:30:53","modified_gmt":"2022-12-08T10:30:53","slug":"schuljahr-2012-13","status":"publish","type":"page","link":"https:\/\/nmsstleonhard-forst.ac.at\/?page_id=9266","title":{"rendered":"Schuljahr 2012\/13"},"content":{"rendered":"\n<p><\/p>\n\n\n\n<h3 class=\"wp-block-heading\">1a<br \/>KV Dipl.-P\u00e4d. HOL Ernestine M\u00fcller<br \/>Dipl.-P\u00e4d. SL Sabine Witha<\/h3>\n\n\n<div class=\"wp-block-image\">\n<figure class=\"alignleft\"><a href=\"https:\/\/nmsstleonhard-forst.ac.at\/wp-content\/uploads\/2010\/09\/1a12-13.jpg\"><img loading=\"lazy\" decoding=\"async\" width=\"1024\" height=\"770\" src=\"https:\/\/nmsstleonhard-forst.ac.at\/wp-content\/uploads\/2010\/09\/1a12-13.jpg\" alt=\"\" class=\"wp-image-1288\" title=\"1a12-13\" srcset=\"https:\/\/nmsstleonhard-forst.ac.at\/wp-content\/uploads\/2010\/09\/1a12-13.jpg 1024w, https:\/\/nmsstleonhard-forst.ac.at\/wp-content\/uploads\/2010\/09\/1a12-13-300x225.jpg 300w\" sizes=\"auto, (max-width: 1024px) 100vw, 1024px\" \/><\/a><\/figure>\n<\/div>\n\n\n<h3 class=\"wp-block-heading\">1b<br \/>KV Dipl.-P\u00e4d. HOL Gisela Daurer<br \/>Stv. Dipl.-P\u00e4d. HL Regina Scheichelbauer<\/h3>\n\n\n<div class=\"wp-block-image\">\n<figure class=\"alignleft\"><a href=\"https:\/\/nmsstleonhard-forst.ac.at\/wp-content\/uploads\/2010\/09\/1b12-13.jpg\"><img loading=\"lazy\" decoding=\"async\" width=\"1024\" height=\"771\" src=\"https:\/\/nmsstleonhard-forst.ac.at\/wp-content\/uploads\/2010\/09\/1b12-13.jpg\" alt=\"\" class=\"wp-image-1289\" title=\"1b12-13\" srcset=\"https:\/\/nmsstleonhard-forst.ac.at\/wp-content\/uploads\/2010\/09\/1b12-13.jpg 1024w, https:\/\/nmsstleonhard-forst.ac.at\/wp-content\/uploads\/2010\/09\/1b12-13-300x225.jpg 300w\" sizes=\"auto, (max-width: 1024px) 100vw, 1024px\" \/><\/a><\/figure>\n<\/div>\n\n\n<h3 class=\"wp-block-heading\">2a<br \/>KV Dipl.-P\u00e4d. HOL Marianne Berger<br \/>Stv. Dipl.-P\u00e4d. SR Hilde Weinerer<\/h3>\n\n\n<div class=\"wp-block-image\">\n<figure class=\"alignleft\"><a href=\"https:\/\/nmsstleonhard-forst.ac.at\/wp-content\/uploads\/2010\/09\/2a12-13.jpg\"><img loading=\"lazy\" decoding=\"async\" width=\"1024\" height=\"771\" src=\"https:\/\/nmsstleonhard-forst.ac.at\/wp-content\/uploads\/2010\/09\/2a12-13.jpg\" alt=\"\" class=\"wp-image-1290\" title=\"2a12-13\" srcset=\"https:\/\/nmsstleonhard-forst.ac.at\/wp-content\/uploads\/2010\/09\/2a12-13.jpg 1024w, https:\/\/nmsstleonhard-forst.ac.at\/wp-content\/uploads\/2010\/09\/2a12-13-300x225.jpg 300w\" sizes=\"auto, (max-width: 1024px) 100vw, 1024px\" \/><\/a><\/figure>\n<\/div>\n\n\n<h3 class=\"wp-block-heading\">2b<br \/>KV Dipl.-P\u00e4d. HL Margareta Gallistl, MA<\/h3>\n\n\n<div class=\"wp-block-image\">\n<figure class=\"alignleft\"><a href=\"https:\/\/nmsstleonhard-forst.ac.at\/wp-content\/uploads\/2010\/09\/2b12-13.jpg\"><img loading=\"lazy\" decoding=\"async\" width=\"1024\" height=\"771\" src=\"https:\/\/nmsstleonhard-forst.ac.at\/wp-content\/uploads\/2010\/09\/2b12-13.jpg\" alt=\"\" class=\"wp-image-1291\" title=\"2b12-13\" srcset=\"https:\/\/nmsstleonhard-forst.ac.at\/wp-content\/uploads\/2010\/09\/2b12-13.jpg 1024w, https:\/\/nmsstleonhard-forst.ac.at\/wp-content\/uploads\/2010\/09\/2b12-13-300x225.jpg 300w\" sizes=\"auto, (max-width: 1024px) 100vw, 1024px\" \/><\/a><\/figure>\n<\/div>\n\n\n<h3 class=\"wp-block-heading\">2c<br \/>KV Dipl.-P\u00e4d. HOL Ilse Neubauer<\/h3>\n\n\n<div class=\"wp-block-image\">\n<figure class=\"alignleft\"><a href=\"https:\/\/nmsstleonhard-forst.ac.at\/wp-content\/uploads\/2010\/09\/2c12-13.jpg\"><img loading=\"lazy\" decoding=\"async\" width=\"1024\" height=\"771\" src=\"https:\/\/nmsstleonhard-forst.ac.at\/wp-content\/uploads\/2010\/09\/2c12-13.jpg\" alt=\"\" class=\"wp-image-1292\" title=\"2c12-13\" srcset=\"https:\/\/nmsstleonhard-forst.ac.at\/wp-content\/uploads\/2010\/09\/2c12-13.jpg 1024w, https:\/\/nmsstleonhard-forst.ac.at\/wp-content\/uploads\/2010\/09\/2c12-13-300x225.jpg 300w\" sizes=\"auto, (max-width: 1024px) 100vw, 1024px\" \/><\/a><\/figure>\n<\/div>\n\n\n<h3 class=\"wp-block-heading\">3a<br \/>KV Dipl.-P\u00e4d. HOL Heidemarie Gruber<\/h3>\n\n\n\n<h2 class=\"wp-block-heading\"><a href=\"https:\/\/nmsstleonhard-forst.ac.at\/wp-content\/uploads\/2010\/09\/3a12-13.jpg\"><img loading=\"lazy\" decoding=\"async\" class=\"wp-image-1293 size-full alignleft\" title=\"3a12-13\" src=\"https:\/\/nmsstleonhard-forst.ac.at\/wp-content\/uploads\/2010\/09\/3a12-13.jpg\" alt=\"\" width=\"1024\" height=\"770\" srcset=\"https:\/\/nmsstleonhard-forst.ac.at\/wp-content\/uploads\/2010\/09\/3a12-13.jpg 1024w, https:\/\/nmsstleonhard-forst.ac.at\/wp-content\/uploads\/2010\/09\/3a12-13-300x225.jpg 300w\" sizes=\"auto, (max-width: 1024px) 100vw, 1024px\" \/><\/a><\/h2>\n\n\n\n<p><\/p>\n\n\n\n<h3 class=\"wp-block-heading\">3b<br \/>KV Dipl.-P\u00e4d. HOL Anneliese Pichelmann<\/h3>\n\n\n<div class=\"wp-block-image\">\n<figure class=\"alignleft\"><a href=\"https:\/\/nmsstleonhard-forst.ac.at\/wp-content\/uploads\/2010\/09\/3b12-13.jpg\"><img loading=\"lazy\" decoding=\"async\" width=\"1024\" height=\"771\" src=\"https:\/\/nmsstleonhard-forst.ac.at\/wp-content\/uploads\/2010\/09\/3b12-13.jpg\" alt=\"\" class=\"wp-image-1294\" title=\"3b12-13\" srcset=\"https:\/\/nmsstleonhard-forst.ac.at\/wp-content\/uploads\/2010\/09\/3b12-13.jpg 1024w, https:\/\/nmsstleonhard-forst.ac.at\/wp-content\/uploads\/2010\/09\/3b12-13-300x225.jpg 300w\" sizes=\"auto, (max-width: 1024px) 100vw, 1024px\" \/><\/a><\/figure>\n<\/div>\n\n\n<h3 class=\"wp-block-heading\">4a<br \/>KV Dipl.-P\u00e4d. HOL Brigitte Haag<br \/>Dipl.-P\u00e4d. SL Birgit Puchbauer-Schnabel<\/h3>\n\n\n\n<h2 class=\"wp-block-heading\"><a href=\"https:\/\/nmsstleonhard-forst.ac.at\/wp-content\/uploads\/2010\/09\/4a12-13.jpg\"><img loading=\"lazy\" decoding=\"async\" class=\"wp-image-1295 size-full alignleft\" title=\"4a12-13\" src=\"https:\/\/nmsstleonhard-forst.ac.at\/wp-content\/uploads\/2010\/09\/4a12-13.jpg\" alt=\"\" width=\"1024\" height=\"770\" srcset=\"https:\/\/nmsstleonhard-forst.ac.at\/wp-content\/uploads\/2010\/09\/4a12-13.jpg 1024w, https:\/\/nmsstleonhard-forst.ac.at\/wp-content\/uploads\/2010\/09\/4a12-13-300x225.jpg 300w\" sizes=\"auto, (max-width: 1024px) 100vw, 1024px\" \/><\/a><\/h2>\n\n\n\n<p><\/p>\n\n\n\n<h3 class=\"wp-block-heading\">4b<br \/>KV Dipl.-P\u00e4d. SR Johann Wiesenbacher<br \/>Stv. Dipl.-P\u00e4d. SR Veronika Wiesenbacher<\/h3>\n\n\n<div class=\"wp-block-image\">\n<figure class=\"alignleft\"><a href=\"https:\/\/nmsstleonhard-forst.ac.at\/wp-content\/uploads\/2010\/09\/4b12-13.jpg\"><img loading=\"lazy\" decoding=\"async\" width=\"1024\" height=\"771\" src=\"https:\/\/nmsstleonhard-forst.ac.at\/wp-content\/uploads\/2010\/09\/4b12-13.jpg\" alt=\"\" class=\"wp-image-1297\" title=\"4b12-13\" srcset=\"https:\/\/nmsstleonhard-forst.ac.at\/wp-content\/uploads\/2010\/09\/4b12-13.jpg 1024w, https:\/\/nmsstleonhard-forst.ac.at\/wp-content\/uploads\/2010\/09\/4b12-13-300x225.jpg 300w\" sizes=\"auto, (max-width: 1024px) 100vw, 1024px\" \/><\/a><\/figure>\n<\/div>\n\n\n<h3 class=\"wp-block-heading\">4c<br \/>KV Dipl.-P\u00e4d. HOL Beate Janisch<\/h3>\n\n\n\n<h2 class=\"wp-block-heading\"><a href=\"https:\/\/nmsstleonhard-forst.ac.at\/wp-content\/uploads\/2010\/09\/4c12-13.jpg\"><img loading=\"lazy\" decoding=\"async\" class=\"wp-image-1296 size-full alignleft\" title=\"4c12-13\" src=\"https:\/\/nmsstleonhard-forst.ac.at\/wp-content\/uploads\/2010\/09\/4c12-13.jpg\" alt=\"\" width=\"1024\" height=\"770\" srcset=\"https:\/\/nmsstleonhard-forst.ac.at\/wp-content\/uploads\/2010\/09\/4c12-13.jpg 1024w, https:\/\/nmsstleonhard-forst.ac.at\/wp-content\/uploads\/2010\/09\/4c12-13-300x225.jpg 300w\" sizes=\"auto, (max-width: 1024px) 100vw, 1024px\" \/><\/a><\/h2>\n","protected":false},"excerpt":{"rendered":"<p>1aKV Dipl.-P\u00e4d. HOL Ernestine M\u00fcllerDipl.-P\u00e4d. SL Sabine Witha 1bKV Dipl.-P\u00e4d. HOL Gisela DaurerStv. Dipl.-P\u00e4d. HL Regina Scheichelbauer 2aKV Dipl.-P\u00e4d. HOL Marianne BergerStv. Dipl.-P\u00e4d. SR Hilde Weinerer 2bKV Dipl.-P\u00e4d. HL Margareta Gallistl, MA 2cKV Dipl.-P\u00e4d. HOL Ilse Neubauer 3aKV Dipl.-P\u00e4d. HOL Heidemarie Gruber 3bKV Dipl.-P\u00e4d. HOL <a class=\"more-link\" href=\"https:\/\/nmsstleonhard-forst.ac.at\/?page_id=9266\">Weiterlesen\u00a0\u2026<\/a><\/p>\n","protected":false},"author":1,"featured_media":0,"parent":62,"menu_order":0,"comment_status":"closed","ping_status":"closed","template":"","meta":{"footnotes":""},"class_list":["post-9266","page","type-page","status-publish","hentry"],"_links":{"self":[{"href":"https:\/\/nmsstleonhard-forst.ac.at\/index.php?rest_route=\/wp\/v2\/pages\/9266","targetHints":{"allow":["GET"]}}],"collection":[{"href":"https:\/\/nmsstleonhard-forst.ac.at\/index.php?rest_route=\/wp\/v2\/pages"}],"about":[{"href":"https:\/\/nmsstleonhard-forst.ac.at\/index.php?rest_route=\/wp\/v2\/types\/page"}],"author":[{"embeddable":true,"href":"https:\/\/nmsstleonhard-forst.ac.at\/index.php?rest_route=\/wp\/v2\/users\/1"}],"replies":[{"embeddable":true,"href":"https:\/\/nmsstleonhard-forst.ac.at\/index.php?rest_route=%2Fwp%2Fv2%2Fcomments&post=9266"}],"version-history":[{"count":5,"href":"https:\/\/nmsstleonhard-forst.ac.at\/index.php?rest_route=\/wp\/v2\/pages\/9266\/revisions"}],"predecessor-version":[{"id":9332,"href":"https:\/\/nmsstleonhard-forst.ac.at\/index.php?rest_route=\/wp\/v2\/pages\/9266\/revisions\/9332"}],"up":[{"embeddable":true,"href":"https:\/\/nmsstleonhard-forst.ac.at\/index.php?rest_route=\/wp\/v2\/pages\/62"}],"wp:attachment":[{"href":"https:\/\/nmsstleonhard-forst.ac.at\/index.php?rest_route=%2Fwp%2Fv2%2Fmedia&parent=9266"}],"curies":[{"name":"wp","href":"https:\/\/api.w.org\/{rel}","templated":true}]}}