{"id":9259,"date":"2022-12-08T10:37:43","date_gmt":"2022-12-08T09:37:43","guid":{"rendered":"https:\/\/nmsstleonhard-forst.ac.at\/?page_id=9259"},"modified":"2022-12-08T11:33:23","modified_gmt":"2022-12-08T10:33:23","slug":"schuljahr-2011-12","status":"publish","type":"page","link":"https:\/\/nmsstleonhard-forst.ac.at\/?page_id=9259","title":{"rendered":"Schuljahr 2011\/12"},"content":{"rendered":"\n<h3 class=\"wp-block-heading\">1a<br \/>KV Dipl.-P\u00e4d. SR Hilde Weinerer<br \/>Stv. Dipl.-P\u00e4d. HOL Marianne Berger<a href=\"https:\/\/nmsstleonhard-forst.ac.at\/wp-content\/uploads\/2010\/09\/1a-11-12.jpg\"><img loading=\"lazy\" decoding=\"async\" title=\"1a-11-12\" width=\"1024\" height=\"532\" class=\"aligncenter size-full wp-image-661\" src=\"https:\/\/nmsstleonhard-forst.ac.at\/wp-content\/uploads\/2010\/09\/1a-11-12.jpg\" alt=\"\" srcset=\"https:\/\/nmsstleonhard-forst.ac.at\/wp-content\/uploads\/2010\/09\/1a-11-12.jpg 1024w, https:\/\/nmsstleonhard-forst.ac.at\/wp-content\/uploads\/2010\/09\/1a-11-12-300x155.jpg 300w\" sizes=\"auto, (max-width: 1024px) 100vw, 1024px\" \/><\/a><\/h3>\n\n\n\n<h3 class=\"wp-block-heading\">1b<br \/>KV Dipl.-P\u00e4d. HL Margareta Gallistl, MA<\/h3>\n\n\n<div class=\"wp-block-image\">\n<figure class=\"aligncenter\"><a href=\"https:\/\/nmsstleonhard-forst.ac.at\/wp-content\/uploads\/2010\/09\/1b-11-12.jpg\"><img loading=\"lazy\" decoding=\"async\" width=\"1024\" height=\"656\" src=\"https:\/\/nmsstleonhard-forst.ac.at\/wp-content\/uploads\/2010\/09\/1b-11-12.jpg\" alt=\"\" class=\"wp-image-666\" title=\"1b-11-12\" srcset=\"https:\/\/nmsstleonhard-forst.ac.at\/wp-content\/uploads\/2010\/09\/1b-11-12.jpg 1024w, https:\/\/nmsstleonhard-forst.ac.at\/wp-content\/uploads\/2010\/09\/1b-11-12-300x192.jpg 300w\" sizes=\"auto, (max-width: 1024px) 100vw, 1024px\" \/><\/a><\/figure>\n<\/div>\n\n\n<h3 class=\"wp-block-heading\">1c<br \/>KV Dipl.-P\u00e4d. HOL Ilse Neubauer<\/h3>\n\n\n<div class=\"wp-block-image\">\n<figure class=\"aligncenter\"><a href=\"https:\/\/nmsstleonhard-forst.ac.at\/wp-content\/uploads\/2010\/09\/1c-11-12.jpg\"><img loading=\"lazy\" decoding=\"async\" width=\"1024\" height=\"539\" src=\"https:\/\/nmsstleonhard-forst.ac.at\/wp-content\/uploads\/2010\/09\/1c-11-12.jpg\" alt=\"\" class=\"wp-image-670\" title=\"1c-11-12\" srcset=\"https:\/\/nmsstleonhard-forst.ac.at\/wp-content\/uploads\/2010\/09\/1c-11-12.jpg 1024w, https:\/\/nmsstleonhard-forst.ac.at\/wp-content\/uploads\/2010\/09\/1c-11-12-300x157.jpg 300w\" sizes=\"auto, (max-width: 1024px) 100vw, 1024px\" \/><\/a><\/figure>\n<\/div>\n\n\n<h3 class=\"wp-block-heading\">2a<br \/>KV Dipl.-P\u00e4d. HOL Heidemarie Gruber<\/h3>\n\n\n\n<figure class=\"wp-block-image\"><a href=\"..\/wp-content\/uploads\/2010\/09\/1a-10-11.jpg\"><img decoding=\"async\" src=\"..\/wp-content\/uploads\/2010\/09\/1a-10-11.jpg\" alt=\"\" title=\"Schueler10_11_1a\"\/><\/a><\/figure>\n\n\n\n<h3 class=\"wp-block-heading\">2b<br \/>KV Dipl.-P\u00e4d. HOL Anneliese Pichelmann<\/h3>\n\n\n\n<h3 class=\"wp-block-heading\"><a href=\"..\/wp-content\/uploads\/2010\/09\/1b-10-11.jpg\"><img loading=\"lazy\" decoding=\"async\" title=\"Schueler10_11_1b\" src=\"..\/wp-content\/uploads\/2010\/09\/1b-10-11.jpg\" alt=\"\" width=\"600\" height=\"377\"\/><\/a><\/h3>\n\n\n\n<h3 class=\"wp-block-heading\">3a<br \/>KV Dipl.-P\u00e4d. HOL Brigitte Haag<br \/>Dipl.-P\u00e4d. SL Birgit Puchbauer-Schnabel<\/h3>\n\n\n<div class=\"wp-block-image\">\n<figure class=\"aligncenter\"><a href=\"https:\/\/nmsstleonhard-forst.ac.at\/wp-content\/uploads\/2010\/09\/PJH_3962a.jpg\"><img loading=\"lazy\" decoding=\"async\" width=\"800\" height=\"532\" src=\"https:\/\/nmsstleonhard-forst.ac.at\/wp-content\/uploads\/2010\/09\/PJH_3962a.jpg\" alt=\"\" class=\"wp-image-943\" title=\"PJH_3962a\" srcset=\"https:\/\/nmsstleonhard-forst.ac.at\/wp-content\/uploads\/2010\/09\/PJH_3962a.jpg 800w, https:\/\/nmsstleonhard-forst.ac.at\/wp-content\/uploads\/2010\/09\/PJH_3962a-300x199.jpg 300w\" sizes=\"auto, (max-width: 800px) 100vw, 800px\" \/><\/a><\/figure>\n<\/div>\n\n\n<h3 class=\"wp-block-heading\">3b<br \/>KV Dipl.-P\u00e4d. SR Johann Wiesenbacher<br \/>Stv. Dipl.-P\u00e4d. SR Veronika Wiesenbacher<\/h3>\n\n\n<div class=\"wp-block-image\">\n<figure class=\"aligncenter\"><a href=\"https:\/\/nmsstleonhard-forst.ac.at\/wp-content\/uploads\/2010\/09\/PJH_4294a.jpg\"><img loading=\"lazy\" decoding=\"async\" width=\"800\" height=\"466\" src=\"https:\/\/nmsstleonhard-forst.ac.at\/wp-content\/uploads\/2010\/09\/PJH_4294a.jpg\" alt=\"\" class=\"wp-image-963\" title=\"PJH_4294a\" srcset=\"https:\/\/nmsstleonhard-forst.ac.at\/wp-content\/uploads\/2010\/09\/PJH_4294a.jpg 800w, https:\/\/nmsstleonhard-forst.ac.at\/wp-content\/uploads\/2010\/09\/PJH_4294a-300x174.jpg 300w\" sizes=\"auto, (max-width: 800px) 100vw, 800px\" \/><\/a><\/figure>\n<\/div>\n\n\n<h3 class=\"wp-block-heading\">3c<br \/>KV Dipl.-P\u00e4d. HOL Beate Janisch<\/h3>\n\n\n<div class=\"wp-block-image\">\n<figure class=\"aligncenter\"><a href=\"https:\/\/nmsstleonhard-forst.ac.at\/wp-content\/uploads\/2010\/09\/PJH_3947a.jpg\"><img loading=\"lazy\" decoding=\"async\" width=\"800\" height=\"532\" src=\"https:\/\/nmsstleonhard-forst.ac.at\/wp-content\/uploads\/2010\/09\/PJH_3947a.jpg\" alt=\"\" class=\"wp-image-942\" title=\"PJH_3947a\" srcset=\"https:\/\/nmsstleonhard-forst.ac.at\/wp-content\/uploads\/2010\/09\/PJH_3947a.jpg 800w, https:\/\/nmsstleonhard-forst.ac.at\/wp-content\/uploads\/2010\/09\/PJH_3947a-300x199.jpg 300w\" sizes=\"auto, (max-width: 800px) 100vw, 800px\" \/><\/a><\/figure>\n<\/div>\n\n\n<h3 class=\"wp-block-heading\">4a<br \/>KV Dipl.-P\u00e4d. HOL Ulrike Zeilinger<br \/>Dipl.-P\u00e4d. SL Sabine Witha<br \/>St\u00fctzkraft: Andrea Hahn<\/h3>\n\n\n<div class=\"wp-block-image\">\n<figure class=\"aligncenter\"><a href=\"https:\/\/nmsstleonhard-forst.ac.at\/wp-content\/uploads\/2010\/09\/PJH_3966a.jpg\"><img loading=\"lazy\" decoding=\"async\" width=\"800\" height=\"462\" src=\"https:\/\/nmsstleonhard-forst.ac.at\/wp-content\/uploads\/2010\/09\/PJH_3966a.jpg\" alt=\"\" class=\"wp-image-962\" title=\"PJH_3966a\" srcset=\"https:\/\/nmsstleonhard-forst.ac.at\/wp-content\/uploads\/2010\/09\/PJH_3966a.jpg 800w, https:\/\/nmsstleonhard-forst.ac.at\/wp-content\/uploads\/2010\/09\/PJH_3966a-300x173.jpg 300w\" sizes=\"auto, (max-width: 800px) 100vw, 800px\" \/><\/a><\/figure>\n<\/div>\n\n\n<h3 class=\"wp-block-heading\">4b<br \/>KV Dipl.-P\u00e4d. HOL Ernestine Linsberger<\/h3>\n\n\n<div class=\"wp-block-image\">\n<figure class=\"aligncenter\"><a href=\"https:\/\/nmsstleonhard-forst.ac.at\/wp-content\/uploads\/2010\/09\/PJH_4581-hp.jpg\"><img loading=\"lazy\" decoding=\"async\" width=\"800\" height=\"489\" src=\"https:\/\/nmsstleonhard-forst.ac.at\/wp-content\/uploads\/2010\/09\/PJH_4581-hp.jpg\" alt=\"\" class=\"wp-image-976\" title=\"PJH_4581-hp\" srcset=\"https:\/\/nmsstleonhard-forst.ac.at\/wp-content\/uploads\/2010\/09\/PJH_4581-hp.jpg 800w, https:\/\/nmsstleonhard-forst.ac.at\/wp-content\/uploads\/2010\/09\/PJH_4581-hp-300x183.jpg 300w\" sizes=\"auto, (max-width: 800px) 100vw, 800px\" \/><\/a><\/figure>\n<\/div>\n\n\n<h3 class=\"wp-block-heading\">4c<br \/>KV Dipl.-P\u00e4d. HL Regina Scheichelbauer<\/h3>\n\n\n<div class=\"wp-block-image\">\n<figure class=\"aligncenter\"><a href=\"https:\/\/nmsstleonhard-forst.ac.at\/wp-content\/uploads\/2010\/09\/PJH_4724-hp.jpg\"><img loading=\"lazy\" decoding=\"async\" width=\"800\" height=\"533\" src=\"https:\/\/nmsstleonhard-forst.ac.at\/wp-content\/uploads\/2010\/09\/PJH_4724-hp.jpg\" alt=\"\" class=\"wp-image-995\" title=\"PJH_4724-hp\" srcset=\"https:\/\/nmsstleonhard-forst.ac.at\/wp-content\/uploads\/2010\/09\/PJH_4724-hp.jpg 800w, https:\/\/nmsstleonhard-forst.ac.at\/wp-content\/uploads\/2010\/09\/PJH_4724-hp-300x199.jpg 300w\" sizes=\"auto, (max-width: 800px) 100vw, 800px\" \/><\/a><\/figure>\n<\/div>","protected":false},"excerpt":{"rendered":"<p>1aKV Dipl.-P\u00e4d. SR Hilde WeinererStv. Dipl.-P\u00e4d. HOL Marianne Berger 1bKV Dipl.-P\u00e4d. HL Margareta Gallistl, MA 1cKV Dipl.-P\u00e4d. HOL Ilse Neubauer 2aKV Dipl.-P\u00e4d. HOL Heidemarie Gruber 2bKV Dipl.-P\u00e4d. HOL Anneliese Pichelmann 3aKV Dipl.-P\u00e4d. HOL Brigitte HaagDipl.-P\u00e4d. SL Birgit Puchbauer-Schnabel 3bKV Dipl.-P\u00e4d. SR Johann WiesenbacherStv. Dipl.-P\u00e4d. SR <a class=\"more-link\" href=\"https:\/\/nmsstleonhard-forst.ac.at\/?page_id=9259\">Weiterlesen\u00a0\u2026<\/a><\/p>\n","protected":false},"author":1,"featured_media":0,"parent":62,"menu_order":0,"comment_status":"closed","ping_status":"closed","template":"","meta":{"footnotes":""},"class_list":["post-9259","page","type-page","status-publish","hentry"],"_links":{"self":[{"href":"https:\/\/nmsstleonhard-forst.ac.at\/index.php?rest_route=\/wp\/v2\/pages\/9259","targetHints":{"allow":["GET"]}}],"collection":[{"href":"https:\/\/nmsstleonhard-forst.ac.at\/index.php?rest_route=\/wp\/v2\/pages"}],"about":[{"href":"https:\/\/nmsstleonhard-forst.ac.at\/index.php?rest_route=\/wp\/v2\/types\/page"}],"author":[{"embeddable":true,"href":"https:\/\/nmsstleonhard-forst.ac.at\/index.php?rest_route=\/wp\/v2\/users\/1"}],"replies":[{"embeddable":true,"href":"https:\/\/nmsstleonhard-forst.ac.at\/index.php?rest_route=%2Fwp%2Fv2%2Fcomments&post=9259"}],"version-history":[{"count":2,"href":"https:\/\/nmsstleonhard-forst.ac.at\/index.php?rest_route=\/wp\/v2\/pages\/9259\/revisions"}],"predecessor-version":[{"id":9334,"href":"https:\/\/nmsstleonhard-forst.ac.at\/index.php?rest_route=\/wp\/v2\/pages\/9259\/revisions\/9334"}],"up":[{"embeddable":true,"href":"https:\/\/nmsstleonhard-forst.ac.at\/index.php?rest_route=\/wp\/v2\/pages\/62"}],"wp:attachment":[{"href":"https:\/\/nmsstleonhard-forst.ac.at\/index.php?rest_route=%2Fwp%2Fv2%2Fmedia&parent=9259"}],"curies":[{"name":"wp","href":"https:\/\/api.w.org\/{rel}","templated":true}]}}