{"id":9236,"date":"2022-12-04T13:20:40","date_gmt":"2022-12-04T12:20:40","guid":{"rendered":"https:\/\/nmsstleonhard-forst.ac.at\/?page_id=9236"},"modified":"2022-12-08T11:41:22","modified_gmt":"2022-12-08T10:41:22","slug":"schuljahr-2010-11","status":"publish","type":"page","link":"https:\/\/nmsstleonhard-forst.ac.at\/?page_id=9236","title":{"rendered":"Schuljahr 2010\/11"},"content":{"rendered":"<h3>1a<br \/>\nKV Dipl.-P\u00e4d. HOL Heidemarie Gruber<\/h3>\n<p><a href=\"https:\/\/nmsstleonhard-forst.ac.at\/wp-content\/uploads\/2010\/09\/1a-10-11.jpg\"><img loading=\"lazy\" decoding=\"async\" class=\"size-full wp-image-63 alignleft\" style=\"margin-bottom: 60px;\" title=\"Schueler10_11_1a\" src=\"https:\/\/nmsstleonhard-forst.ac.at\/wp-content\/uploads\/2010\/09\/1a-10-11.jpg\" alt=\"\" width=\"600\" height=\"400\" srcset=\"https:\/\/nmsstleonhard-forst.ac.at\/wp-content\/uploads\/2010\/09\/1a-10-11.jpg 600w, https:\/\/nmsstleonhard-forst.ac.at\/wp-content\/uploads\/2010\/09\/1a-10-11-300x200.jpg 300w\" sizes=\"auto, (max-width: 600px) 100vw, 600px\" \/><\/a><\/p>\n<h3>&nbsp;<\/h3>\n<h3>&nbsp;<\/h3>\n<h3>&nbsp;<\/h3>\n<h3>&nbsp;<\/h3>\n<h3>&nbsp;<\/h3>\n<h3>&nbsp;<\/h3>\n<h3>&nbsp;<\/h3>\n<h3>&nbsp;<\/h3>\n<h3>1b<br \/>\nKV Dipl.-P\u00e4d. HOL Annelies Pichelmann<\/h3>\n<h3><a href=\"https:\/\/nmsstleonhard-forst.ac.at\/wp-content\/uploads\/2010\/09\/1b-10-11.jpg\"><img loading=\"lazy\" decoding=\"async\" class=\"size-full wp-image-64 alignleft\" style=\"margin-bottom: 60px;\" title=\"Schueler10_11_1b\" src=\"https:\/\/nmsstleonhard-forst.ac.at\/wp-content\/uploads\/2010\/09\/1b-10-11.jpg\" alt=\"\" width=\"600\" height=\"377\" srcset=\"https:\/\/nmsstleonhard-forst.ac.at\/wp-content\/uploads\/2010\/09\/1b-10-11.jpg 600w, https:\/\/nmsstleonhard-forst.ac.at\/wp-content\/uploads\/2010\/09\/1b-10-11-300x188.jpg 300w\" sizes=\"auto, (max-width: 600px) 100vw, 600px\" \/><\/a><\/h3>\n<h3>&nbsp;<\/h3>\n<h3>&nbsp;<\/h3>\n<h3>&nbsp;<\/h3>\n<h3>&nbsp;<\/h3>\n<h3>&nbsp;<\/h3>\n<h3>&nbsp;<\/h3>\n<h3>&nbsp;<\/h3>\n<h3>2a<br \/>\nKV Dipl.-P\u00e4d. HOL Brigitte Haag<br \/>\nDipl.-P\u00e4d. SOL Herta Eder<\/h3>\n<h3><a href=\"https:\/\/nmsstleonhard-forst.ac.at\/wp-content\/uploads\/2010\/09\/2a-10-11.jpg\"><img loading=\"lazy\" decoding=\"async\" class=\"size-full wp-image-65 alignleft\" style=\"margin-bottom: 60px;\" title=\"Schueler10_11_2a\" src=\"https:\/\/nmsstleonhard-forst.ac.at\/wp-content\/uploads\/2010\/09\/2a-10-11.jpg\" alt=\"\" width=\"600\" height=\"458\" srcset=\"https:\/\/nmsstleonhard-forst.ac.at\/wp-content\/uploads\/2010\/09\/2a-10-11.jpg 600w, https:\/\/nmsstleonhard-forst.ac.at\/wp-content\/uploads\/2010\/09\/2a-10-11-300x229.jpg 300w\" sizes=\"auto, (max-width: 600px) 100vw, 600px\" \/><\/a><\/h3>\n<h3>&nbsp;<\/h3>\n<h3>&nbsp;<\/h3>\n<h3>&nbsp;<\/h3>\n<h3>&nbsp;<\/h3>\n<h3>&nbsp;<\/h3>\n<h3>&nbsp;<\/h3>\n<h3>&nbsp;<\/h3>\n<h3>&nbsp;<\/h3>\n<h3>&nbsp;<\/h3>\n<h3>&nbsp;<\/h3>\n<h3>2b<br \/>\nKV Dipl.-P\u00e4d. HOL Johann Wiesenbacher<br \/>\nDipl.-P\u00e4d. HOL Veronika Wiesenbacher<\/h3>\n<p><a href=\"https:\/\/nmsstleonhard-forst.ac.at\/wp-content\/uploads\/2010\/09\/2b-10-11.jpg\"><img loading=\"lazy\" decoding=\"async\" class=\"size-full wp-image-66 alignleft\" style=\"margin-bottom: 60px;\" title=\"Schueler10_11_2b\" src=\"https:\/\/nmsstleonhard-forst.ac.at\/wp-content\/uploads\/2010\/09\/2b-10-11.jpg\" alt=\"\" width=\"600\" height=\"458\" srcset=\"https:\/\/nmsstleonhard-forst.ac.at\/wp-content\/uploads\/2010\/09\/2b-10-11.jpg 600w, https:\/\/nmsstleonhard-forst.ac.at\/wp-content\/uploads\/2010\/09\/2b-10-11-300x229.jpg 300w\" sizes=\"auto, (max-width: 600px) 100vw, 600px\" \/><\/a><\/p>\n<h3>&nbsp;<\/h3>\n<h3>&nbsp;<\/h3>\n<h3>&nbsp;<\/h3>\n<h3>&nbsp;<\/h3>\n<h3>&nbsp;<\/h3>\n<h3>&nbsp;<\/h3>\n<h3>&nbsp;<\/h3>\n<h3>&nbsp;<\/h3>\n<h3>2c<br \/>\nKV Dipl.-P\u00e4d. HOL Beate Janisch<\/h3>\n<p><a href=\"https:\/\/nmsstleonhard-forst.ac.at\/wp-content\/uploads\/2010\/09\/2c-10-11.jpg\"><img loading=\"lazy\" decoding=\"async\" class=\"size-full wp-image-67 alignleft\" style=\"margin-bottom: 60px;\" title=\"Schueler10_11_2c\" src=\"https:\/\/nmsstleonhard-forst.ac.at\/wp-content\/uploads\/2010\/09\/2c-10-11.jpg\" alt=\"\" width=\"600\" height=\"458\" srcset=\"https:\/\/nmsstleonhard-forst.ac.at\/wp-content\/uploads\/2010\/09\/2c-10-11.jpg 600w, https:\/\/nmsstleonhard-forst.ac.at\/wp-content\/uploads\/2010\/09\/2c-10-11-300x229.jpg 300w\" sizes=\"auto, (max-width: 600px) 100vw, 600px\" \/><\/a><\/p>\n<h3>&nbsp;<\/h3>\n<h3>&nbsp;<\/h3>\n<h3>&nbsp;<\/h3>\n<h3>&nbsp;<\/h3>\n<h3>&nbsp;<\/h3>\n<h3>&nbsp;<\/h3>\n<h3>&nbsp;<\/h3>\n<h3>&nbsp;<\/h3>\n<h3>&nbsp;<\/h3>\n<h3>3a<br \/>\nKV Dipl.-P\u00e4d. HOL Ulrike Zeilinger<br \/>\nDipl. P\u00e4d. SL Sabine Witha<br \/>\nFr. Andrea Hahn (St\u00fctzkraft)<\/h3>\n<h3><a href=\"https:\/\/nmsstleonhard-forst.ac.at\/wp-content\/uploads\/2010\/09\/3a-10-11.jpg\"><img loading=\"lazy\" decoding=\"async\" class=\"size-full wp-image-68 alignleft\" style=\"margin-bottom: 60px;\" title=\"Schueler10_11_3a\" src=\"https:\/\/nmsstleonhard-forst.ac.at\/wp-content\/uploads\/2010\/09\/3a-10-11.jpg\" alt=\"\" width=\"600\" height=\"458\" srcset=\"https:\/\/nmsstleonhard-forst.ac.at\/wp-content\/uploads\/2010\/09\/3a-10-11.jpg 600w, https:\/\/nmsstleonhard-forst.ac.at\/wp-content\/uploads\/2010\/09\/3a-10-11-300x229.jpg 300w\" sizes=\"auto, (max-width: 600px) 100vw, 600px\" \/><\/a><\/h3>\n<h3>&nbsp;<\/h3>\n<h3>&nbsp;<\/h3>\n<h3>&nbsp;<\/h3>\n<h3>&nbsp;<\/h3>\n<h3>&nbsp;<\/h3>\n<h3>&nbsp;<\/h3>\n<h3>&nbsp;<\/h3>\n<h3>&nbsp;<\/h3>\n<h3>&nbsp;<\/h3>\n<h3>3b<br \/>\nKV Dipl.-P\u00e4d. HOL Gabriele Mosch, MSc<\/h3>\n<h3><a href=\"https:\/\/nmsstleonhard-forst.ac.at\/wp-content\/uploads\/2010\/09\/3b-10-11.jpg\"><img loading=\"lazy\" decoding=\"async\" class=\"size-full wp-image-69 alignleft\" style=\"margin-bottom: 60px;\" title=\"Schueler10_11_3b\" src=\"https:\/\/nmsstleonhard-forst.ac.at\/wp-content\/uploads\/2010\/09\/3b-10-11.jpg\" alt=\"\" width=\"600\" height=\"458\" srcset=\"https:\/\/nmsstleonhard-forst.ac.at\/wp-content\/uploads\/2010\/09\/3b-10-11.jpg 600w, https:\/\/nmsstleonhard-forst.ac.at\/wp-content\/uploads\/2010\/09\/3b-10-11-300x229.jpg 300w\" sizes=\"auto, (max-width: 600px) 100vw, 600px\" \/><\/a><\/h3>\n<h3>&nbsp;<\/h3>\n<h3>&nbsp;<\/h3>\n<h3>&nbsp;<\/h3>\n<h3>&nbsp;<\/h3>\n<h3>&nbsp;<\/h3>\n<h3>&nbsp;<\/h3>\n<h3>&nbsp;<\/h3>\n<h3>&nbsp;<\/h3>\n<h3>&nbsp;<\/h3>\n<h3>3c<br \/>\nKV Dipl.-P\u00e4d. HL Regina Scheichelbauer<\/h3>\n<h3><a href=\"https:\/\/nmsstleonhard-forst.ac.at\/wp-content\/uploads\/2010\/09\/3c-10-11.jpg\"><img loading=\"lazy\" decoding=\"async\" class=\"size-full wp-image-70 alignleft\" style=\"margin-bottom: 60px;\" title=\"Schueler10_11_3c\" src=\"https:\/\/nmsstleonhard-forst.ac.at\/wp-content\/uploads\/2010\/09\/3c-10-11.jpg\" alt=\"\" width=\"600\" height=\"458\" srcset=\"https:\/\/nmsstleonhard-forst.ac.at\/wp-content\/uploads\/2010\/09\/3c-10-11.jpg 600w, https:\/\/nmsstleonhard-forst.ac.at\/wp-content\/uploads\/2010\/09\/3c-10-11-300x229.jpg 300w\" sizes=\"auto, (max-width: 600px) 100vw, 600px\" \/><\/a><\/h3>\n<h3>&nbsp;<\/h3>\n<h3>&nbsp;<\/h3>\n<h3>&nbsp;<\/h3>\n<h3>&nbsp;<\/h3>\n<h3>&nbsp;<\/h3>\n<h3>&nbsp;<\/h3>\n<h3>&nbsp;<\/h3>\n<h3>&nbsp;<\/h3>\n<h3>&nbsp;<\/h3>\n<h3>4a<br \/>\nKV Dipl.-P\u00e4d. HL Margareta Gallistl, MA<br \/>\nDipl. P\u00e4d. vSL Birgit Puchbauer-Schnabel<\/h3>\n<h3><a href=\"https:\/\/nmsstleonhard-forst.ac.at\/wp-content\/uploads\/2010\/09\/4a-10-11.jpg\"><img loading=\"lazy\" decoding=\"async\" class=\"size-full wp-image-71 alignleft\" style=\"margin-bottom: 60px;\" title=\"Schueler10_11_4a\" src=\"https:\/\/nmsstleonhard-forst.ac.at\/wp-content\/uploads\/2010\/09\/4a-10-11.jpg\" alt=\"\" width=\"600\" height=\"458\" srcset=\"https:\/\/nmsstleonhard-forst.ac.at\/wp-content\/uploads\/2010\/09\/4a-10-11.jpg 600w, https:\/\/nmsstleonhard-forst.ac.at\/wp-content\/uploads\/2010\/09\/4a-10-11-300x229.jpg 300w\" sizes=\"auto, (max-width: 600px) 100vw, 600px\" \/><\/a><\/h3>\n<h3>&nbsp;<\/h3>\n<h3>&nbsp;<\/h3>\n<h3>&nbsp;<\/h3>\n<h3>&nbsp;<\/h3>\n<h3>&nbsp;<\/h3>\n<h3>&nbsp;<\/h3>\n<h3>&nbsp;<\/h3>\n<h3>&nbsp;<\/h3>\n<h3>4b<br \/>\nKV Dipl.-P\u00e4d. HOL Marianne Berger<br \/>\nDipl.-P\u00e4d. HOL Hilde Weinere<a href=\"https:\/\/nmsstleonhard-forst.ac.at\/wp-content\/uploads\/2010\/09\/4b-10-11.jpg\"><img loading=\"lazy\" decoding=\"async\" class=\"size-full wp-image-72 alignleft\" style=\"margin-bottom: 60px;\" title=\"Schueler10_11_4b\" src=\"https:\/\/nmsstleonhard-forst.ac.at\/wp-content\/uploads\/2010\/09\/4b-10-11.jpg\" alt=\"\" width=\"600\" height=\"458\" srcset=\"https:\/\/nmsstleonhard-forst.ac.at\/wp-content\/uploads\/2010\/09\/4b-10-11.jpg 600w, https:\/\/nmsstleonhard-forst.ac.at\/wp-content\/uploads\/2010\/09\/4b-10-11-300x229.jpg 300w\" sizes=\"auto, (max-width: 600px) 100vw, 600px\" \/><\/a>r<\/h3>\n<h3>&nbsp;<\/h3>\n<h3>&nbsp;<\/h3>\n<h3>&nbsp;<\/h3>\n<h3>&nbsp;<\/h3>\n<h3>&nbsp;<\/h3>\n<h3>&nbsp;<\/h3>\n<h3>&nbsp;<\/h3>\n<h3>&nbsp;<\/h3>\n<h3>&nbsp;<\/h3>\n<h3>&nbsp;<\/h3>\n<h3>4c<br \/>\nKV Dipl.-P\u00e4d. HOL Gisela Daurer<\/h3>\n<h3><a href=\"https:\/\/nmsstleonhard-forst.ac.at\/wp-content\/uploads\/2010\/09\/4c-10-11.jpg\"><img loading=\"lazy\" decoding=\"async\" class=\"size-full wp-image-73 alignleft\" style=\"margin-bottom: 60px;\" title=\"Schueler10_11_4c\" src=\"https:\/\/nmsstleonhard-forst.ac.at\/wp-content\/uploads\/2010\/09\/4c-10-11.jpg\" alt=\"\" width=\"600\" height=\"458\" srcset=\"https:\/\/nmsstleonhard-forst.ac.at\/wp-content\/uploads\/2010\/09\/4c-10-11.jpg 600w, https:\/\/nmsstleonhard-forst.ac.at\/wp-content\/uploads\/2010\/09\/4c-10-11-300x229.jpg 300w\" sizes=\"auto, (max-width: 600px) 100vw, 600px\" \/><\/a><\/h3>\n","protected":false},"excerpt":{"rendered":"<p>1a KV Dipl.-P\u00e4d. HOL Heidemarie Gruber &nbsp; &nbsp; &nbsp; &nbsp; &nbsp; &nbsp; &nbsp; &nbsp; 1b KV Dipl.-P\u00e4d. HOL Annelies Pichelmann &nbsp; &nbsp; &nbsp; &nbsp; &nbsp; &nbsp; &nbsp; 2a KV Dipl.-P\u00e4d. HOL Brigitte Haag Dipl.-P\u00e4d. SOL Herta Eder &nbsp; &nbsp; &nbsp; &nbsp; &nbsp; &nbsp; &nbsp; &nbsp; <a class=\"more-link\" href=\"https:\/\/nmsstleonhard-forst.ac.at\/?page_id=9236\">Weiterlesen\u00a0\u2026<\/a><\/p>\n","protected":false},"author":1,"featured_media":0,"parent":62,"menu_order":0,"comment_status":"closed","ping_status":"closed","template":"","meta":{"footnotes":""},"class_list":["post-9236","page","type-page","status-publish","hentry"],"_links":{"self":[{"href":"https:\/\/nmsstleonhard-forst.ac.at\/index.php?rest_route=\/wp\/v2\/pages\/9236","targetHints":{"allow":["GET"]}}],"collection":[{"href":"https:\/\/nmsstleonhard-forst.ac.at\/index.php?rest_route=\/wp\/v2\/pages"}],"about":[{"href":"https:\/\/nmsstleonhard-forst.ac.at\/index.php?rest_route=\/wp\/v2\/types\/page"}],"author":[{"embeddable":true,"href":"https:\/\/nmsstleonhard-forst.ac.at\/index.php?rest_route=\/wp\/v2\/users\/1"}],"replies":[{"embeddable":true,"href":"https:\/\/nmsstleonhard-forst.ac.at\/index.php?rest_route=%2Fwp%2Fv2%2Fcomments&post=9236"}],"version-history":[{"count":5,"href":"https:\/\/nmsstleonhard-forst.ac.at\/index.php?rest_route=\/wp\/v2\/pages\/9236\/revisions"}],"predecessor-version":[{"id":9336,"href":"https:\/\/nmsstleonhard-forst.ac.at\/index.php?rest_route=\/wp\/v2\/pages\/9236\/revisions\/9336"}],"up":[{"embeddable":true,"href":"https:\/\/nmsstleonhard-forst.ac.at\/index.php?rest_route=\/wp\/v2\/pages\/62"}],"wp:attachment":[{"href":"https:\/\/nmsstleonhard-forst.ac.at\/index.php?rest_route=%2Fwp%2Fv2%2Fmedia&parent=9236"}],"curies":[{"name":"wp","href":"https:\/\/api.w.org\/{rel}","templated":true}]}}