{"id":8732,"date":"2021-12-15T15:06:06","date_gmt":"2021-12-15T14:06:06","guid":{"rendered":"https:\/\/nmsstleonhard-forst.ac.at\/?page_id=8732"},"modified":"2026-02-27T10:04:45","modified_gmt":"2026-02-27T09:04:45","slug":"mittagessen","status":"publish","type":"page","link":"https:\/\/nmsstleonhard-forst.ac.at\/?page_id=8732","title":{"rendered":"Mittagessen"},"content":{"rendered":"<div class=\"wp-block-image is-style-default\">\n<figure class=\"alignright size-full is-resized\"><img loading=\"lazy\" decoding=\"async\" width=\"1024\" height=\"768\" src=\"https:\/\/nmsstleonhard-forst.ac.at\/wp-content\/uploads\/2021\/12\/Mittagessen_Ank..jpg\" alt=\"\" class=\"wp-image-8733\" style=\"width:256px;height:192px\" srcset=\"https:\/\/nmsstleonhard-forst.ac.at\/wp-content\/uploads\/2021\/12\/Mittagessen_Ank..jpg 1024w, https:\/\/nmsstleonhard-forst.ac.at\/wp-content\/uploads\/2021\/12\/Mittagessen_Ank.-768x576.jpg 768w\" sizes=\"auto, (max-width: 1024px) 100vw, 1024px\" \/><\/figure>\n<\/div>\n\n\n<p>In unserer Schule gibt es das Angebot eines Mittagessens im Mittagsraum.\u00a0Die Sch\u00fcler\/innen k\u00f6nnen zwischen mehreren Gerichten w\u00e4hlen, die Verpflegung wird frisch geliefert. Im Anschluss an die Mittagspause folgt der Nachmittagsunterricht, au\u00dferdem k\u00f6nnen im Lerncoach die Haus\u00fcbungen unter Aufsicht von Lehrpersonen im Rahmen der schulischen Nachmittagsbetreuung erledigt werden.<\/p>\n\n\n\n<p><\/p>\n","protected":false},"excerpt":{"rendered":"<p>In unserer Schule gibt es das Angebot eines Mittagessens im Mittagsraum.\u00a0Die Sch\u00fcler\/innen k\u00f6nnen zwischen mehreren Gerichten w\u00e4hlen, die Verpflegung wird frisch geliefert. Im Anschluss an die Mittagspause folgt der Nachmittagsunterricht, au\u00dferdem k\u00f6nnen im Lerncoach die Haus\u00fcbungen unter Aufsicht von Lehrpersonen im Rahmen der schulischen Nachmittagsbetreuung <a class=\"more-link\" href=\"https:\/\/nmsstleonhard-forst.ac.at\/?page_id=8732\">Weiterlesen\u00a0\u2026<\/a><\/p>\n","protected":false},"author":1,"featured_media":0,"parent":113,"menu_order":0,"comment_status":"closed","ping_status":"closed","template":"","meta":{"footnotes":""},"class_list":["post-8732","page","type-page","status-publish","hentry"],"_links":{"self":[{"href":"https:\/\/nmsstleonhard-forst.ac.at\/index.php?rest_route=\/wp\/v2\/pages\/8732","targetHints":{"allow":["GET"]}}],"collection":[{"href":"https:\/\/nmsstleonhard-forst.ac.at\/index.php?rest_route=\/wp\/v2\/pages"}],"about":[{"href":"https:\/\/nmsstleonhard-forst.ac.at\/index.php?rest_route=\/wp\/v2\/types\/page"}],"author":[{"embeddable":true,"href":"https:\/\/nmsstleonhard-forst.ac.at\/index.php?rest_route=\/wp\/v2\/users\/1"}],"replies":[{"embeddable":true,"href":"https:\/\/nmsstleonhard-forst.ac.at\/index.php?rest_route=%2Fwp%2Fv2%2Fcomments&post=8732"}],"version-history":[{"count":12,"href":"https:\/\/nmsstleonhard-forst.ac.at\/index.php?rest_route=\/wp\/v2\/pages\/8732\/revisions"}],"predecessor-version":[{"id":11231,"href":"https:\/\/nmsstleonhard-forst.ac.at\/index.php?rest_route=\/wp\/v2\/pages\/8732\/revisions\/11231"}],"up":[{"embeddable":true,"href":"https:\/\/nmsstleonhard-forst.ac.at\/index.php?rest_route=\/wp\/v2\/pages\/113"}],"wp:attachment":[{"href":"https:\/\/nmsstleonhard-forst.ac.at\/index.php?rest_route=%2Fwp%2Fv2%2Fmedia&parent=8732"}],"curies":[{"name":"wp","href":"https:\/\/api.w.org\/{rel}","templated":true}]}}