{"id":8686,"date":"2021-12-01T11:31:40","date_gmt":"2021-12-01T10:31:40","guid":{"rendered":"https:\/\/nmsstleonhard-forst.ac.at\/?page_id=8686"},"modified":"2021-12-01T11:31:40","modified_gmt":"2021-12-01T10:31:40","slug":"fussball","status":"publish","type":"page","link":"https:\/\/nmsstleonhard-forst.ac.at\/?page_id=8686","title":{"rendered":"Fu\u00dfball"},"content":{"rendered":"\n<div class=\"wp-block-image is-style-rounded\"><figure class=\"alignright size-large is-resized\"><img loading=\"lazy\" decoding=\"async\" src=\"https:\/\/nmsstleonhard-forst.ac.at\/wp-content\/uploads\/2021\/12\/UUe_Fussball_Ank.-HP.jpg\" alt=\"\" class=\"wp-image-8687\" width=\"229\" height=\"512\"\/><\/figure><\/div>\n\n\n\n<p>In der \u201eUnverbindliche \u00dcbung Fu\u00dfball\u201c nutzen die Sch\u00fclerInnen mit Ihrem Trainer Johannes Schmidt sowohl den Fu\u00dfballplatz des FCL, als auch die Sporthalle. Die motivierten Burschen und M\u00e4dchen messen ihr fu\u00dfballerisches K\u00f6nnen auch bei Matches gegen Nachbarschulen im Rahmen der Sch\u00fclerliga. Dank einer Spende vom 1. Leonhofner Fun &amp; Action Tag konnten neue Fu\u00dfb\u00e4lle angeschafft werden, damit macht das Training noch mehr Spa\u00df! \u00a0<\/p>\n\n\n\n<figure class=\"wp-block-image size-large is-resized is-style-rounded\"><img loading=\"lazy\" decoding=\"async\" src=\"https:\/\/nmsstleonhard-forst.ac.at\/wp-content\/uploads\/2021\/12\/Fussball-hp.jpg\" alt=\"\" class=\"wp-image-8681\" width=\"512\" height=\"384\" srcset=\"https:\/\/nmsstleonhard-forst.ac.at\/wp-content\/uploads\/2021\/12\/Fussball-hp.jpg 1024w, https:\/\/nmsstleonhard-forst.ac.at\/wp-content\/uploads\/2021\/12\/Fussball-hp-768x576.jpg 768w\" sizes=\"auto, (max-width: 512px) 100vw, 512px\" \/><\/figure>\n","protected":false},"excerpt":{"rendered":"<p>In der \u201eUnverbindliche \u00dcbung Fu\u00dfball\u201c nutzen die Sch\u00fclerInnen mit Ihrem Trainer Johannes Schmidt sowohl den Fu\u00dfballplatz des FCL, als auch die Sporthalle. Die motivierten Burschen und M\u00e4dchen messen ihr fu\u00dfballerisches K\u00f6nnen auch bei Matches gegen Nachbarschulen im Rahmen der Sch\u00fclerliga. Dank einer Spende vom 1. <a class=\"more-link\" href=\"https:\/\/nmsstleonhard-forst.ac.at\/?page_id=8686\">Weiterlesen\u00a0\u2026<\/a><\/p>\n","protected":false},"author":7,"featured_media":0,"parent":7987,"menu_order":0,"comment_status":"closed","ping_status":"closed","template":"","meta":{"footnotes":""},"class_list":["post-8686","page","type-page","status-publish","hentry"],"_links":{"self":[{"href":"https:\/\/nmsstleonhard-forst.ac.at\/index.php?rest_route=\/wp\/v2\/pages\/8686","targetHints":{"allow":["GET"]}}],"collection":[{"href":"https:\/\/nmsstleonhard-forst.ac.at\/index.php?rest_route=\/wp\/v2\/pages"}],"about":[{"href":"https:\/\/nmsstleonhard-forst.ac.at\/index.php?rest_route=\/wp\/v2\/types\/page"}],"author":[{"embeddable":true,"href":"https:\/\/nmsstleonhard-forst.ac.at\/index.php?rest_route=\/wp\/v2\/users\/7"}],"replies":[{"embeddable":true,"href":"https:\/\/nmsstleonhard-forst.ac.at\/index.php?rest_route=%2Fwp%2Fv2%2Fcomments&post=8686"}],"version-history":[{"count":7,"href":"https:\/\/nmsstleonhard-forst.ac.at\/index.php?rest_route=\/wp\/v2\/pages\/8686\/revisions"}],"predecessor-version":[{"id":8695,"href":"https:\/\/nmsstleonhard-forst.ac.at\/index.php?rest_route=\/wp\/v2\/pages\/8686\/revisions\/8695"}],"up":[{"embeddable":true,"href":"https:\/\/nmsstleonhard-forst.ac.at\/index.php?rest_route=\/wp\/v2\/pages\/7987"}],"wp:attachment":[{"href":"https:\/\/nmsstleonhard-forst.ac.at\/index.php?rest_route=%2Fwp%2Fv2%2Fmedia&parent=8686"}],"curies":[{"name":"wp","href":"https:\/\/api.w.org\/{rel}","templated":true}]}}