{"id":8342,"date":"2021-02-23T14:25:46","date_gmt":"2021-02-23T13:25:46","guid":{"rendered":"https:\/\/nmsstleonhard-forst.ac.at\/?page_id=8342"},"modified":"2021-02-23T14:25:47","modified_gmt":"2021-02-23T13:25:47","slug":"gesunde-ernaehrung","status":"publish","type":"page","link":"https:\/\/nmsstleonhard-forst.ac.at\/?page_id=8342","title":{"rendered":"Gesunde Ern\u00e4hrung"},"content":{"rendered":"\n<div class=\"wp-block-image is-style-rounded\"><figure class=\"alignright size-large is-resized\"><img loading=\"lazy\" decoding=\"async\" src=\"https:\/\/nmsstleonhard-forst.ac.at\/wp-content\/uploads\/2021\/02\/GE_4.jpg\" alt=\"\" class=\"wp-image-8344\" width=\"334\" height=\"222\"\/><\/figure><\/div>\n\n\n\n<p>Unsere Schule bietet im Rahmen der unverbindlichen \u00dcbungen das Fach \u201eGesunde Ern\u00e4hrung\u201c an. Im Zentrum steht die praktische Umsetzung von gesunden Gerichten. Au\u00dferdem besch\u00e4ftigen wir uns mit Fragen rund um einen gesunden Lebensstil. In unserem Schulgarten bewirtschaften wir neben einer Kr\u00e4uterspirale auch zwei Hochbeete, welche wir im Herbst bzw. im Fr\u00fchling bepflanzen. Im Fr\u00fchsommer k\u00f6nnen wir die Ernte einholen und zu k\u00f6stlichen Speisen verarbeiten.<\/p>\n\n\n\n<div class=\"wp-block-image is-style-rounded\"><figure class=\"alignleft size-large is-resized\"><img loading=\"lazy\" decoding=\"async\" src=\"https:\/\/nmsstleonhard-forst.ac.at\/wp-content\/uploads\/2021\/02\/GE-5.jpg\" alt=\"\" class=\"wp-image-8345\" width=\"256\" height=\"170\" srcset=\"https:\/\/nmsstleonhard-forst.ac.at\/wp-content\/uploads\/2021\/02\/GE-5.jpg 1024w, https:\/\/nmsstleonhard-forst.ac.at\/wp-content\/uploads\/2021\/02\/GE-5-768x510.jpg 768w\" sizes=\"auto, (max-width: 256px) 100vw, 256px\" \/><\/figure><\/div>\n\n\n\n<p>Der Unterricht findet geblockt zu je drei Stunden statt, damit wir nach der Kochbesprechung ausreichend Zeit f\u00fcr die Zubereitung und den Verzehr der Gerichte haben.<\/p>\n\n\n\n<p>Ein allj\u00e4hrliches Highlight stellt unsere Weihnachtsstunde dar. Hier bringen die Sch\u00fclerinnen und Sch\u00fcler Keksrezepte mit, die wir gemeinschaftlich backen.<\/p>\n\n\n\n<p>Ich freue mich auf zahlreiche Anmeldungen f\u00fcr unsere unverbindliche \u00dcbung \u201eGesunde Ern\u00e4hrung\u201c.<\/p>\n\n\n\n<figure class=\"wp-block-gallery columns-2 is-cropped wp-block-gallery-1 is-layout-flex wp-block-gallery-is-layout-flex\"><ul class=\"blocks-gallery-grid\"><li class=\"blocks-gallery-item\"><figure><img loading=\"lazy\" decoding=\"async\" width=\"634\" height=\"422\" src=\"https:\/\/nmsstleonhard-forst.ac.at\/wp-content\/uploads\/2021\/02\/GE_2.jpg\" alt=\"\" data-id=\"8347\" data-full-url=\"https:\/\/nmsstleonhard-forst.ac.at\/wp-content\/uploads\/2021\/02\/GE_2.jpg\" data-link=\"https:\/\/nmsstleonhard-forst.ac.at\/?attachment_id=8347#main\" class=\"wp-image-8347\"\/><\/figure><\/li><li class=\"blocks-gallery-item\"><figure><img loading=\"lazy\" decoding=\"async\" width=\"568\" height=\"378\" src=\"https:\/\/nmsstleonhard-forst.ac.at\/wp-content\/uploads\/2021\/02\/GE_1.jpg\" alt=\"\" data-id=\"8346\" data-full-url=\"https:\/\/nmsstleonhard-forst.ac.at\/wp-content\/uploads\/2021\/02\/GE_1.jpg\" data-link=\"https:\/\/nmsstleonhard-forst.ac.at\/?attachment_id=8346#main\" class=\"wp-image-8346\"\/><\/figure><\/li><\/ul><\/figure>\n\n\n\n<p><\/p>\n","protected":false},"excerpt":{"rendered":"<p>Unsere Schule bietet im Rahmen der unverbindlichen \u00dcbungen das Fach \u201eGesunde Ern\u00e4hrung\u201c an. Im Zentrum steht die praktische Umsetzung von gesunden Gerichten. Au\u00dferdem besch\u00e4ftigen wir uns mit Fragen rund um einen gesunden Lebensstil. In unserem Schulgarten bewirtschaften wir neben einer Kr\u00e4uterspirale auch zwei Hochbeete, welche <a class=\"more-link\" href=\"https:\/\/nmsstleonhard-forst.ac.at\/?page_id=8342\">Weiterlesen\u00a0\u2026<\/a><\/p>\n","protected":false},"author":1,"featured_media":0,"parent":7987,"menu_order":0,"comment_status":"closed","ping_status":"closed","template":"","meta":{"footnotes":""},"class_list":["post-8342","page","type-page","status-publish","hentry"],"_links":{"self":[{"href":"https:\/\/nmsstleonhard-forst.ac.at\/index.php?rest_route=\/wp\/v2\/pages\/8342","targetHints":{"allow":["GET"]}}],"collection":[{"href":"https:\/\/nmsstleonhard-forst.ac.at\/index.php?rest_route=\/wp\/v2\/pages"}],"about":[{"href":"https:\/\/nmsstleonhard-forst.ac.at\/index.php?rest_route=\/wp\/v2\/types\/page"}],"author":[{"embeddable":true,"href":"https:\/\/nmsstleonhard-forst.ac.at\/index.php?rest_route=\/wp\/v2\/users\/1"}],"replies":[{"embeddable":true,"href":"https:\/\/nmsstleonhard-forst.ac.at\/index.php?rest_route=%2Fwp%2Fv2%2Fcomments&post=8342"}],"version-history":[{"count":9,"href":"https:\/\/nmsstleonhard-forst.ac.at\/index.php?rest_route=\/wp\/v2\/pages\/8342\/revisions"}],"predecessor-version":[{"id":8358,"href":"https:\/\/nmsstleonhard-forst.ac.at\/index.php?rest_route=\/wp\/v2\/pages\/8342\/revisions\/8358"}],"up":[{"embeddable":true,"href":"https:\/\/nmsstleonhard-forst.ac.at\/index.php?rest_route=\/wp\/v2\/pages\/7987"}],"wp:attachment":[{"href":"https:\/\/nmsstleonhard-forst.ac.at\/index.php?rest_route=%2Fwp%2Fv2%2Fmedia&parent=8342"}],"curies":[{"name":"wp","href":"https:\/\/api.w.org\/{rel}","templated":true}]}}