{"id":8280,"date":"2021-01-29T09:09:35","date_gmt":"2021-01-29T08:09:35","guid":{"rendered":"https:\/\/nmsstleonhard-forst.ac.at\/?page_id=8280"},"modified":"2026-02-26T11:24:02","modified_gmt":"2026-02-26T10:24:02","slug":"volleyball","status":"publish","type":"page","link":"https:\/\/nmsstleonhard-forst.ac.at\/?page_id=8280","title":{"rendered":"Volleyball"},"content":{"rendered":"\n<p>Du liebst Ballsportarten, m\u00f6chtest dich weiter verbessern oder sogar eine neue Ballsportart f\u00fcr dich entdecken? Dann bist du hier richtig!<\/p>\n\n\n\n<p>Die unverbindliche \u00dcbung Volleyball findet mit zwei Unterrichtsstunden vierzehnt\u00e4gig geblockt am Nachmittag statt. Wir lernen sowohl die Grundtechniken (oberes und unteres Zuspielen; genannt: Pritschen und Baggern), als auch&nbsp;die Servicetechniken kennen und trainieren Match- und Spielabl\u00e4ufe.<\/p>\n\n\n\n<p>Die Umsetzung in eine Spielsituation bereitet allen TeilnehmerInnen gro\u00dfe Freude.<\/p>\n\n\n\n<p>Als Highlight pr\u00e4sentieren wir unser K\u00f6nnen bei Turnieren und Wettbewerben. Wir freuen uns auf dich!<\/p>\n\n\n\n<figure class=\"wp-block-image size-full is-style-default\"><img loading=\"lazy\" decoding=\"async\" width=\"1175\" height=\"888\" src=\"https:\/\/nmsstleonhard-forst.ac.at\/wp-content\/uploads\/2026\/02\/Bild1-4.jpg\" alt=\"\" class=\"wp-image-11219\" srcset=\"https:\/\/nmsstleonhard-forst.ac.at\/wp-content\/uploads\/2026\/02\/Bild1-4.jpg 1175w, https:\/\/nmsstleonhard-forst.ac.at\/wp-content\/uploads\/2026\/02\/Bild1-4-768x580.jpg 768w\" sizes=\"auto, (max-width: 1175px) 100vw, 1175px\" \/><\/figure>\n","protected":false},"excerpt":{"rendered":"<p>Du liebst Ballsportarten, m\u00f6chtest dich weiter verbessern oder sogar eine neue Ballsportart f\u00fcr dich entdecken? Dann bist du hier richtig! Die unverbindliche \u00dcbung Volleyball findet mit zwei Unterrichtsstunden vierzehnt\u00e4gig geblockt am Nachmittag statt. Wir lernen sowohl die Grundtechniken (oberes und unteres Zuspielen; genannt: Pritschen und <a class=\"more-link\" href=\"https:\/\/nmsstleonhard-forst.ac.at\/?page_id=8280\">Weiterlesen\u00a0\u2026<\/a><\/p>\n","protected":false},"author":1,"featured_media":0,"parent":7987,"menu_order":0,"comment_status":"closed","ping_status":"closed","template":"","meta":{"footnotes":""},"class_list":["post-8280","page","type-page","status-publish","hentry"],"_links":{"self":[{"href":"https:\/\/nmsstleonhard-forst.ac.at\/index.php?rest_route=\/wp\/v2\/pages\/8280","targetHints":{"allow":["GET"]}}],"collection":[{"href":"https:\/\/nmsstleonhard-forst.ac.at\/index.php?rest_route=\/wp\/v2\/pages"}],"about":[{"href":"https:\/\/nmsstleonhard-forst.ac.at\/index.php?rest_route=\/wp\/v2\/types\/page"}],"author":[{"embeddable":true,"href":"https:\/\/nmsstleonhard-forst.ac.at\/index.php?rest_route=\/wp\/v2\/users\/1"}],"replies":[{"embeddable":true,"href":"https:\/\/nmsstleonhard-forst.ac.at\/index.php?rest_route=%2Fwp%2Fv2%2Fcomments&post=8280"}],"version-history":[{"count":7,"href":"https:\/\/nmsstleonhard-forst.ac.at\/index.php?rest_route=\/wp\/v2\/pages\/8280\/revisions"}],"predecessor-version":[{"id":11220,"href":"https:\/\/nmsstleonhard-forst.ac.at\/index.php?rest_route=\/wp\/v2\/pages\/8280\/revisions\/11220"}],"up":[{"embeddable":true,"href":"https:\/\/nmsstleonhard-forst.ac.at\/index.php?rest_route=\/wp\/v2\/pages\/7987"}],"wp:attachment":[{"href":"https:\/\/nmsstleonhard-forst.ac.at\/index.php?rest_route=%2Fwp%2Fv2%2Fmedia&parent=8280"}],"curies":[{"name":"wp","href":"https:\/\/api.w.org\/{rel}","templated":true}]}}