{"id":8273,"date":"2021-01-28T08:44:46","date_gmt":"2021-01-28T07:44:46","guid":{"rendered":"https:\/\/nmsstleonhard-forst.ac.at\/?page_id=8273"},"modified":"2021-01-28T08:44:47","modified_gmt":"2021-01-28T07:44:47","slug":"lerncoach","status":"publish","type":"page","link":"https:\/\/nmsstleonhard-forst.ac.at\/?page_id=8273","title":{"rendered":"Lerncoach"},"content":{"rendered":"\n<div class=\"wp-block-image\"><figure class=\"alignleft size-large is-resized\"><img loading=\"lazy\" decoding=\"async\" src=\"https:\/\/nmsstleonhard-forst.ac.at\/wp-content\/uploads\/2021\/01\/Lerncoach.jpg\" alt=\"\" class=\"wp-image-8274\" width=\"171\" height=\"180\"\/><\/figure><\/div>\n\n\n\n<p>Der Lerncoach ist die kostenlose Lernstunde der Nachmittagsbetreuung und wird von Montag bis Donnerstag von 14:00 bis 14:50 Uhr angeboten. In dieser Zeit k\u00f6nnen die Sch\u00fclerinnen und Sch\u00fcler mit Unterst\u00fctzung einer Lehrperson in der Schule ihre Haus\u00fcbung machen und sich f\u00fcr Schularbeiten und Tests vorbereiten. Auch vers\u00e4umte Inhalte k\u00f6nnen in dieser Zeit nachgeholt werden. F\u00fcr den Lerncoach k\u00f6nnen sich die Sch\u00fclerinnen und Sch\u00fcler freiwillig eintragen (die Liste h\u00e4ngt in der Schule), aber auch von einer Lehrperson eingeteilt werden, um bestimmte Lerninhalte zu bearbeiten, nachzuholen, etc.<\/p>\n","protected":false},"excerpt":{"rendered":"<p>Der Lerncoach ist die kostenlose Lernstunde der Nachmittagsbetreuung und wird von Montag bis Donnerstag von 14:00 bis 14:50 Uhr angeboten. In dieser Zeit k\u00f6nnen die Sch\u00fclerinnen und Sch\u00fcler mit Unterst\u00fctzung einer Lehrperson in der Schule ihre Haus\u00fcbung machen und sich f\u00fcr Schularbeiten und Tests vorbereiten. <a class=\"more-link\" href=\"https:\/\/nmsstleonhard-forst.ac.at\/?page_id=8273\">Weiterlesen\u00a0\u2026<\/a><\/p>\n","protected":false},"author":1,"featured_media":0,"parent":113,"menu_order":0,"comment_status":"closed","ping_status":"closed","template":"","meta":{"footnotes":""},"class_list":["post-8273","page","type-page","status-publish","hentry"],"_links":{"self":[{"href":"https:\/\/nmsstleonhard-forst.ac.at\/index.php?rest_route=\/wp\/v2\/pages\/8273","targetHints":{"allow":["GET"]}}],"collection":[{"href":"https:\/\/nmsstleonhard-forst.ac.at\/index.php?rest_route=\/wp\/v2\/pages"}],"about":[{"href":"https:\/\/nmsstleonhard-forst.ac.at\/index.php?rest_route=\/wp\/v2\/types\/page"}],"author":[{"embeddable":true,"href":"https:\/\/nmsstleonhard-forst.ac.at\/index.php?rest_route=\/wp\/v2\/users\/1"}],"replies":[{"embeddable":true,"href":"https:\/\/nmsstleonhard-forst.ac.at\/index.php?rest_route=%2Fwp%2Fv2%2Fcomments&post=8273"}],"version-history":[{"count":3,"href":"https:\/\/nmsstleonhard-forst.ac.at\/index.php?rest_route=\/wp\/v2\/pages\/8273\/revisions"}],"predecessor-version":[{"id":8277,"href":"https:\/\/nmsstleonhard-forst.ac.at\/index.php?rest_route=\/wp\/v2\/pages\/8273\/revisions\/8277"}],"up":[{"embeddable":true,"href":"https:\/\/nmsstleonhard-forst.ac.at\/index.php?rest_route=\/wp\/v2\/pages\/113"}],"wp:attachment":[{"href":"https:\/\/nmsstleonhard-forst.ac.at\/index.php?rest_route=%2Fwp%2Fv2%2Fmedia&parent=8273"}],"curies":[{"name":"wp","href":"https:\/\/api.w.org\/{rel}","templated":true}]}}