{"id":8148,"date":"2021-01-15T08:50:15","date_gmt":"2021-01-15T07:50:15","guid":{"rendered":"https:\/\/nmsstleonhard-forst.ac.at\/?page_id=8148"},"modified":"2021-01-15T08:50:15","modified_gmt":"2021-01-15T07:50:15","slug":"sport-spiel-spass","status":"publish","type":"page","link":"https:\/\/nmsstleonhard-forst.ac.at\/?page_id=8148","title":{"rendered":"Sport-Spiel-Spa\u00df"},"content":{"rendered":"\n<div class=\"wp-block-image\"><figure class=\"alignright size-large is-resized\"><img loading=\"lazy\" decoding=\"async\" src=\"https:\/\/nmsstleonhard-forst.ac.at\/wp-content\/uploads\/2021\/01\/SPS12.jpg\" alt=\"\" class=\"wp-image-8162\" width=\"291\" height=\"219\"\/><\/figure><\/div>\n\n\n\n<p>In \u201eSport-Spiel-Spa\u00df\u201c lernen die Sch\u00fclerinnen und Sch\u00fcler verschiedene Spiele &#8211; mit und ohne Ball &#8211; kennen. Weiters sollen die Teilnehmerinnen und Teilnehmer durch kreative \u00dcbungen einen Einblick in neue Bewegungserfahrungen bekommen und dadurch ihre F\u00e4higkeiten&nbsp;verbessern bzw. neue St\u00e4rken entdecken. Neben der sportlichen Herausforderung steht vor allem der Faktor Spa\u00df&nbsp;im Mittelpunkt. Jede Sch\u00fclerin bzw. jeder Sch\u00fcler kann sich in dieser Unverbindlichen \u00dcbung individuell in den einzelnen Sportarten verbessern.<\/p>\n\n\n\n<figure class=\"wp-block-gallery aligncenter columns-2 is-cropped wp-block-gallery-1 is-layout-flex wp-block-gallery-is-layout-flex\"><ul class=\"blocks-gallery-grid\"><li class=\"blocks-gallery-item\"><figure><img loading=\"lazy\" decoding=\"async\" width=\"640\" height=\"480\" src=\"https:\/\/nmsstleonhard-forst.ac.at\/wp-content\/uploads\/2021\/01\/SPS2.jpg\" alt=\"\" data-id=\"8149\" data-full-url=\"https:\/\/nmsstleonhard-forst.ac.at\/wp-content\/uploads\/2021\/01\/SPS2.jpg\" data-link=\"https:\/\/nmsstleonhard-forst.ac.at\/?attachment_id=8149#main\" class=\"wp-image-8149\"\/><\/figure><\/li><li class=\"blocks-gallery-item\"><figure><img loading=\"lazy\" decoding=\"async\" width=\"640\" height=\"480\" src=\"https:\/\/nmsstleonhard-forst.ac.at\/wp-content\/uploads\/2021\/01\/SPS3.jpg\" alt=\"\" data-id=\"8150\" data-full-url=\"https:\/\/nmsstleonhard-forst.ac.at\/wp-content\/uploads\/2021\/01\/SPS3.jpg\" data-link=\"https:\/\/nmsstleonhard-forst.ac.at\/?attachment_id=8150#main\" class=\"wp-image-8150\"\/><\/figure><\/li><\/ul><\/figure>\n","protected":false},"excerpt":{"rendered":"<p>In \u201eSport-Spiel-Spa\u00df\u201c lernen die Sch\u00fclerinnen und Sch\u00fcler verschiedene Spiele &#8211; mit und ohne Ball &#8211; kennen. Weiters sollen die Teilnehmerinnen und Teilnehmer durch kreative \u00dcbungen einen Einblick in neue Bewegungserfahrungen bekommen und dadurch ihre F\u00e4higkeiten&nbsp;verbessern bzw. neue St\u00e4rken entdecken. Neben der sportlichen Herausforderung steht vor <a class=\"more-link\" href=\"https:\/\/nmsstleonhard-forst.ac.at\/?page_id=8148\">Weiterlesen\u00a0\u2026<\/a><\/p>\n","protected":false},"author":1,"featured_media":0,"parent":7987,"menu_order":0,"comment_status":"closed","ping_status":"closed","template":"","meta":{"footnotes":""},"class_list":["post-8148","page","type-page","status-publish","hentry"],"_links":{"self":[{"href":"https:\/\/nmsstleonhard-forst.ac.at\/index.php?rest_route=\/wp\/v2\/pages\/8148","targetHints":{"allow":["GET"]}}],"collection":[{"href":"https:\/\/nmsstleonhard-forst.ac.at\/index.php?rest_route=\/wp\/v2\/pages"}],"about":[{"href":"https:\/\/nmsstleonhard-forst.ac.at\/index.php?rest_route=\/wp\/v2\/types\/page"}],"author":[{"embeddable":true,"href":"https:\/\/nmsstleonhard-forst.ac.at\/index.php?rest_route=\/wp\/v2\/users\/1"}],"replies":[{"embeddable":true,"href":"https:\/\/nmsstleonhard-forst.ac.at\/index.php?rest_route=%2Fwp%2Fv2%2Fcomments&post=8148"}],"version-history":[{"count":16,"href":"https:\/\/nmsstleonhard-forst.ac.at\/index.php?rest_route=\/wp\/v2\/pages\/8148\/revisions"}],"predecessor-version":[{"id":8169,"href":"https:\/\/nmsstleonhard-forst.ac.at\/index.php?rest_route=\/wp\/v2\/pages\/8148\/revisions\/8169"}],"up":[{"embeddable":true,"href":"https:\/\/nmsstleonhard-forst.ac.at\/index.php?rest_route=\/wp\/v2\/pages\/7987"}],"wp:attachment":[{"href":"https:\/\/nmsstleonhard-forst.ac.at\/index.php?rest_route=%2Fwp%2Fv2%2Fmedia&parent=8148"}],"curies":[{"name":"wp","href":"https:\/\/api.w.org\/{rel}","templated":true}]}}