{"id":8123,"date":"2021-01-15T08:49:39","date_gmt":"2021-01-15T07:49:39","guid":{"rendered":"https:\/\/nmsstleonhard-forst.ac.at\/?page_id=8123"},"modified":"2021-01-15T08:49:39","modified_gmt":"2021-01-15T07:49:39","slug":"outdoor-abenteuer","status":"publish","type":"page","link":"https:\/\/nmsstleonhard-forst.ac.at\/?page_id=8123","title":{"rendered":"Outdoor-Abenteuer"},"content":{"rendered":"\n<p><strong>&nbsp;\u201eOutdoor ist die Fortsetzung dessen, was ich als Kind Abenteuer nannte.\u201c<\/strong> (Daniel B.)<\/p>\n\n\n\n<div class=\"wp-block-image\"><figure class=\"alignleft size-large is-resized\"><img loading=\"lazy\" decoding=\"async\" src=\"https:\/\/nmsstleonhard-forst.ac.at\/wp-content\/uploads\/2021\/01\/Outdoor2.jpeg\" alt=\"\" class=\"wp-image-8125\" width=\"400\" height=\"300\" srcset=\"https:\/\/nmsstleonhard-forst.ac.at\/wp-content\/uploads\/2021\/01\/Outdoor2.jpeg 1599w, https:\/\/nmsstleonhard-forst.ac.at\/wp-content\/uploads\/2021\/01\/Outdoor2-768x576.jpeg 768w, https:\/\/nmsstleonhard-forst.ac.at\/wp-content\/uploads\/2021\/01\/Outdoor2-1536x1153.jpeg 1536w\" sizes=\"auto, (max-width: 400px) 100vw, 400px\" \/><\/figure><\/div>\n\n\n\n<p>Der Outdoorunterricht wird an einem Nachmittag mit drei Unterrichtsstunden geblockt und findet immer im Freien statt.<\/p>\n\n\n\n<p>Wir suchen uns mit den Sch\u00fclerinnen und Sch\u00fcler einen geeigneten Platz und f\u00fchren mit ihnen unterschiedliche Outdoorspiele, wie zum Beispiel Unterschlupf bauen, Naturmandala legen, Kugelbahn bauen, blinde F\u00fchrung durch den Wald, Bilderr\u00e4tsel, \u2026 durch. Nach einer kurzen Aufgabenstellung agieren die Kinder selbstst\u00e4ndig und versuchen, gemeinsam einen L\u00f6sungsweg zu finden.<\/p>\n\n\n\n<div class=\"wp-block-image\"><figure class=\"alignright size-large is-resized\"><img loading=\"lazy\" decoding=\"async\" src=\"https:\/\/nmsstleonhard-forst.ac.at\/wp-content\/uploads\/2021\/01\/Outdoor3.jpeg\" alt=\"\" class=\"wp-image-8126\" width=\"400\" height=\"300\" srcset=\"https:\/\/nmsstleonhard-forst.ac.at\/wp-content\/uploads\/2021\/01\/Outdoor3.jpeg 1599w, https:\/\/nmsstleonhard-forst.ac.at\/wp-content\/uploads\/2021\/01\/Outdoor3-768x576.jpeg 768w, https:\/\/nmsstleonhard-forst.ac.at\/wp-content\/uploads\/2021\/01\/Outdoor3-1536x1153.jpeg 1536w\" sizes=\"auto, (max-width: 400px) 100vw, 400px\" \/><\/figure><\/div>\n\n\n\n<p>Ziele:<\/p>\n\n\n\n<ul class=\"wp-block-list\"><li>Spa\u00df und Erlebnis stehen im Vordergrund<\/li><li>Zeit an der frischen Luft<\/li><li>Gruppendynamik<\/li><li>eigene Rolle in der Gruppen finden<\/li><li>Verantwortung und Vertrauen<\/li><li>unvergessliche Abenteuer<\/li><li>Lernen mit allen Sinnen<\/li><li>Kennenlernspiele, kooperative \u00dcbungen, gemeinsame Aktivit\u00e4ten<\/li><\/ul>\n\n\n\n<p>Wir freuen uns \u00fcber deine Anmeldung!<\/p>\n","protected":false},"excerpt":{"rendered":"<p>&nbsp;\u201eOutdoor ist die Fortsetzung dessen, was ich als Kind Abenteuer nannte.\u201c (Daniel B.) Der Outdoorunterricht wird an einem Nachmittag mit drei Unterrichtsstunden geblockt und findet immer im Freien statt. Wir suchen uns mit den Sch\u00fclerinnen und Sch\u00fcler einen geeigneten Platz und f\u00fchren mit ihnen unterschiedliche <a class=\"more-link\" href=\"https:\/\/nmsstleonhard-forst.ac.at\/?page_id=8123\">Weiterlesen\u00a0\u2026<\/a><\/p>\n","protected":false},"author":1,"featured_media":0,"parent":7987,"menu_order":0,"comment_status":"closed","ping_status":"closed","template":"","meta":{"footnotes":""},"class_list":["post-8123","page","type-page","status-publish","hentry"],"_links":{"self":[{"href":"https:\/\/nmsstleonhard-forst.ac.at\/index.php?rest_route=\/wp\/v2\/pages\/8123","targetHints":{"allow":["GET"]}}],"collection":[{"href":"https:\/\/nmsstleonhard-forst.ac.at\/index.php?rest_route=\/wp\/v2\/pages"}],"about":[{"href":"https:\/\/nmsstleonhard-forst.ac.at\/index.php?rest_route=\/wp\/v2\/types\/page"}],"author":[{"embeddable":true,"href":"https:\/\/nmsstleonhard-forst.ac.at\/index.php?rest_route=\/wp\/v2\/users\/1"}],"replies":[{"embeddable":true,"href":"https:\/\/nmsstleonhard-forst.ac.at\/index.php?rest_route=%2Fwp%2Fv2%2Fcomments&post=8123"}],"version-history":[{"count":8,"href":"https:\/\/nmsstleonhard-forst.ac.at\/index.php?rest_route=\/wp\/v2\/pages\/8123\/revisions"}],"predecessor-version":[{"id":8135,"href":"https:\/\/nmsstleonhard-forst.ac.at\/index.php?rest_route=\/wp\/v2\/pages\/8123\/revisions\/8135"}],"up":[{"embeddable":true,"href":"https:\/\/nmsstleonhard-forst.ac.at\/index.php?rest_route=\/wp\/v2\/pages\/7987"}],"wp:attachment":[{"href":"https:\/\/nmsstleonhard-forst.ac.at\/index.php?rest_route=%2Fwp%2Fv2%2Fmedia&parent=8123"}],"curies":[{"name":"wp","href":"https:\/\/api.w.org\/{rel}","templated":true}]}}