{"id":7989,"date":"2021-01-15T08:48:45","date_gmt":"2021-01-15T07:48:45","guid":{"rendered":"https:\/\/nmsstleonhard-forst.ac.at\/?page_id=7989"},"modified":"2026-02-26T11:30:22","modified_gmt":"2026-02-26T10:30:22","slug":"kreativwerkstatt","status":"publish","type":"page","link":"https:\/\/nmsstleonhard-forst.ac.at\/?page_id=7989","title":{"rendered":"Bodenturnen"},"content":{"rendered":"\n<p><\/p>\n\n\n\n<p><strong>Kraft, K\u00f6rperspannung und Koordination:<\/strong> Im Rahmen der unverbindlichen \u00dcbung Bodenturnen haben die Sch\u00fclerinnen und Sch\u00fcler die M\u00f6glichkeit, zentrale turnerische Grundelemente wie Rollen, R\u00e4der, Handst\u00e4nde oder Salti zu erlernen und zu festigen.<\/p>\n\n\n\n<p>Neben dem Bodenturnen kommen auch verschiedene Ger\u00e4te wie die Airtrackbahn, der Balken, das Reck, die Ringe, der Kasten oder das Minitrampolin zum Einsatz. Diese bieten vielf\u00e4ltige Bewegungsanreize und f\u00f6rdern Sicherheit, Bewegungsfreude und K\u00f6rperwahrnehmung.<\/p>\n\n\n\n<p>Die \u00dcbungseinheiten finden alle zwei Wochen geblockt am Nachmittag statt. Dabei geht es vor allem darum, jedes Kind individuell zu f\u00f6rdern und die Freude an der Sportart zu st\u00e4rken.<\/p>\n\n\n\n<figure class=\"wp-block-image size-full is-style-rounded\"><img loading=\"lazy\" decoding=\"async\" width=\"2560\" height=\"1700\" src=\"https:\/\/nmsstleonhard-forst.ac.at\/wp-content\/uploads\/2026\/02\/DSC_2147-scaled.jpg\" alt=\"\" class=\"wp-image-11222\" srcset=\"https:\/\/nmsstleonhard-forst.ac.at\/wp-content\/uploads\/2026\/02\/DSC_2147-scaled.jpg 2560w, https:\/\/nmsstleonhard-forst.ac.at\/wp-content\/uploads\/2026\/02\/DSC_2147-768x510.jpg 768w, https:\/\/nmsstleonhard-forst.ac.at\/wp-content\/uploads\/2026\/02\/DSC_2147-1536x1020.jpg 1536w, https:\/\/nmsstleonhard-forst.ac.at\/wp-content\/uploads\/2026\/02\/DSC_2147-2048x1360.jpg 2048w\" sizes=\"auto, (max-width: 2560px) 100vw, 2560px\" \/><\/figure>\n","protected":false},"excerpt":{"rendered":"<p>Kraft, K\u00f6rperspannung und Koordination: Im Rahmen der unverbindlichen \u00dcbung Bodenturnen haben die Sch\u00fclerinnen und Sch\u00fcler die M\u00f6glichkeit, zentrale turnerische Grundelemente wie Rollen, R\u00e4der, Handst\u00e4nde oder Salti zu erlernen und zu festigen. Neben dem Bodenturnen kommen auch verschiedene Ger\u00e4te wie die Airtrackbahn, der Balken, das Reck, <a class=\"more-link\" href=\"https:\/\/nmsstleonhard-forst.ac.at\/?page_id=7989\">Weiterlesen\u00a0\u2026<\/a><\/p>\n","protected":false},"author":1,"featured_media":0,"parent":7987,"menu_order":0,"comment_status":"closed","ping_status":"closed","template":"","meta":{"footnotes":""},"class_list":["post-7989","page","type-page","status-publish","hentry"],"_links":{"self":[{"href":"https:\/\/nmsstleonhard-forst.ac.at\/index.php?rest_route=\/wp\/v2\/pages\/7989","targetHints":{"allow":["GET"]}}],"collection":[{"href":"https:\/\/nmsstleonhard-forst.ac.at\/index.php?rest_route=\/wp\/v2\/pages"}],"about":[{"href":"https:\/\/nmsstleonhard-forst.ac.at\/index.php?rest_route=\/wp\/v2\/types\/page"}],"author":[{"embeddable":true,"href":"https:\/\/nmsstleonhard-forst.ac.at\/index.php?rest_route=\/wp\/v2\/users\/1"}],"replies":[{"embeddable":true,"href":"https:\/\/nmsstleonhard-forst.ac.at\/index.php?rest_route=%2Fwp%2Fv2%2Fcomments&post=7989"}],"version-history":[{"count":6,"href":"https:\/\/nmsstleonhard-forst.ac.at\/index.php?rest_route=\/wp\/v2\/pages\/7989\/revisions"}],"predecessor-version":[{"id":11223,"href":"https:\/\/nmsstleonhard-forst.ac.at\/index.php?rest_route=\/wp\/v2\/pages\/7989\/revisions\/11223"}],"up":[{"embeddable":true,"href":"https:\/\/nmsstleonhard-forst.ac.at\/index.php?rest_route=\/wp\/v2\/pages\/7987"}],"wp:attachment":[{"href":"https:\/\/nmsstleonhard-forst.ac.at\/index.php?rest_route=%2Fwp%2Fv2%2Fmedia&parent=7989"}],"curies":[{"name":"wp","href":"https:\/\/api.w.org\/{rel}","templated":true}]}}