{"id":7973,"date":"2021-01-14T11:51:38","date_gmt":"2021-01-14T10:51:38","guid":{"rendered":"https:\/\/nmsstleonhard-forst.ac.at\/?page_id=7973"},"modified":"2021-01-14T11:51:39","modified_gmt":"2021-01-14T10:51:39","slug":"masterkurs","status":"publish","type":"page","link":"https:\/\/nmsstleonhard-forst.ac.at\/?page_id=7973","title":{"rendered":"Masterkurs"},"content":{"rendered":"\n<div class=\"wp-block-image is-style-default\"><figure class=\"alignright size-large\"><img loading=\"lazy\" decoding=\"async\" width=\"300\" height=\"300\" src=\"https:\/\/nmsstleonhard-forst.ac.at\/wp-content\/uploads\/2021\/01\/Beitragsbild.jpg\" alt=\"\" class=\"wp-image-7975\" srcset=\"https:\/\/nmsstleonhard-forst.ac.at\/wp-content\/uploads\/2021\/01\/Beitragsbild.jpg 300w, https:\/\/nmsstleonhard-forst.ac.at\/wp-content\/uploads\/2021\/01\/Beitragsbild-150x150.jpg 150w, https:\/\/nmsstleonhard-forst.ac.at\/wp-content\/uploads\/2021\/01\/Beitragsbild-200x200.jpg 200w\" sizes=\"auto, (max-width: 300px) 100vw, 300px\" \/><\/figure><\/div>\n\n\n\n<p><strong>Masterkurs f\u00fcr die <\/strong><strong>Standard-AHS Gruppe der 4. Klassen<\/strong><\/p>\n\n\n\n<p>Als Vorbereitung der Abschlussklassen auf den \u00dcbertritt in weiterf\u00fchrende Schulen bietet unsere Schule in den drei Hauptgegenst\u00e4nden Masterkurse an. An mehreren Nachmittagen &#8211; verteilt auf das Winter- und Sommersemester &#8211; k\u00f6nnen Sch\u00fclerinnen und Sch\u00fcler der Standard-AHS Gruppe die Kurse im jeweiligen Fach nach erfolgter Anmeldung freiwillig besuchen.<\/p>\n\n\n\n<p>Schwerpunkte in Englisch sind Grammatikkapitel, die im Regelunterricht bereits durchgenommen wurden. Diese Stoffgebiete werden im Kurs vertieft und erweitert, und auch die Schreibkompetenz wird gef\u00f6rdert.<\/p>\n\n\n\n<div class=\"wp-block-image is-style-default\"><figure class=\"alignleft size-large is-resized\"><img loading=\"lazy\" decoding=\"async\" src=\"https:\/\/nmsstleonhard-forst.ac.at\/wp-content\/uploads\/2021\/01\/knowledge-4171793_960_720-edited.jpg\" alt=\"\" class=\"wp-image-7982\" width=\"336\" height=\"252\" srcset=\"https:\/\/nmsstleonhard-forst.ac.at\/wp-content\/uploads\/2021\/01\/knowledge-4171793_960_720-edited.jpg 853w, https:\/\/nmsstleonhard-forst.ac.at\/wp-content\/uploads\/2021\/01\/knowledge-4171793_960_720-edited-768x576.jpg 768w\" sizes=\"auto, (max-width: 336px) 100vw, 336px\" \/><\/figure><\/div>\n\n\n\n<p>Die Kursinhalte im Deutsch-Masterkurs beziehen sich auf vertiefendes Grammatikwissen und die Anwendung verschiedener Textsorten.<\/p>\n\n\n\n<p>Im Mathematik-Masterkurs werden Themengebiete wie Bruchgleichungen, K\u00f6rperberechnungen und das L\u00f6sen von Textgleichungen vertieft.<\/p>\n\n\n\n<p>Die Absolventen erhalten bei erfolgreichem Abschluss eine Urkunde als Teilnahmebest\u00e4tigung.<\/p>\n","protected":false},"excerpt":{"rendered":"<p>Masterkurs f\u00fcr die Standard-AHS Gruppe der 4. Klassen Als Vorbereitung der Abschlussklassen auf den \u00dcbertritt in weiterf\u00fchrende Schulen bietet unsere Schule in den drei Hauptgegenst\u00e4nden Masterkurse an. An mehreren Nachmittagen &#8211; verteilt auf das Winter- und Sommersemester &#8211; k\u00f6nnen Sch\u00fclerinnen und Sch\u00fcler der Standard-AHS Gruppe <a class=\"more-link\" href=\"https:\/\/nmsstleonhard-forst.ac.at\/?page_id=7973\">Weiterlesen\u00a0\u2026<\/a><\/p>\n","protected":false},"author":1,"featured_media":0,"parent":113,"menu_order":0,"comment_status":"closed","ping_status":"closed","template":"","meta":{"footnotes":""},"class_list":["post-7973","page","type-page","status-publish","hentry"],"_links":{"self":[{"href":"https:\/\/nmsstleonhard-forst.ac.at\/index.php?rest_route=\/wp\/v2\/pages\/7973","targetHints":{"allow":["GET"]}}],"collection":[{"href":"https:\/\/nmsstleonhard-forst.ac.at\/index.php?rest_route=\/wp\/v2\/pages"}],"about":[{"href":"https:\/\/nmsstleonhard-forst.ac.at\/index.php?rest_route=\/wp\/v2\/types\/page"}],"author":[{"embeddable":true,"href":"https:\/\/nmsstleonhard-forst.ac.at\/index.php?rest_route=\/wp\/v2\/users\/1"}],"replies":[{"embeddable":true,"href":"https:\/\/nmsstleonhard-forst.ac.at\/index.php?rest_route=%2Fwp%2Fv2%2Fcomments&post=7973"}],"version-history":[{"count":8,"href":"https:\/\/nmsstleonhard-forst.ac.at\/index.php?rest_route=\/wp\/v2\/pages\/7973\/revisions"}],"predecessor-version":[{"id":7984,"href":"https:\/\/nmsstleonhard-forst.ac.at\/index.php?rest_route=\/wp\/v2\/pages\/7973\/revisions\/7984"}],"up":[{"embeddable":true,"href":"https:\/\/nmsstleonhard-forst.ac.at\/index.php?rest_route=\/wp\/v2\/pages\/113"}],"wp:attachment":[{"href":"https:\/\/nmsstleonhard-forst.ac.at\/index.php?rest_route=%2Fwp%2Fv2%2Fmedia&parent=7973"}],"curies":[{"name":"wp","href":"https:\/\/api.w.org\/{rel}","templated":true}]}}