{"id":5438,"date":"2017-09-27T19:39:47","date_gmt":"2017-09-27T17:39:47","guid":{"rendered":"http:\/\/nmsstleonhard-forst.ac.at\/?page_id=5438"},"modified":"2026-04-21T09:15:54","modified_gmt":"2026-04-21T07:15:54","slug":"downloads","status":"publish","type":"page","link":"https:\/\/nmsstleonhard-forst.ac.at\/?page_id=5438","title":{"rendered":"Downloads"},"content":{"rendered":"<h3>Infobl\u00e4tter und Formulare zum Download:<\/h3>\n<p><a href=\"https:\/\/nmsstleonhard-forst.ac.at\/wp-content\/uploads\/2021\/01\/Leistungsbeurteilung-in-der-Mittelschule.pdf\">Beurteilungsrichtlinien<\/a><\/p>\n<p><a href=\"https:\/\/nmsstleonhard-forst.ac.at\/wp-content\/uploads\/2020\/02\/Checkliste-Wintersportwoche.pdf\">Checkliste Wintersportwoche<\/a><\/p>\n<p><a href=\"https:\/\/nmsstleonhard-forst.ac.at\/wp-content\/uploads\/2019\/11\/Information-Skabies.pdf\">Information &#8211; Skabies<\/a><\/p>\n<p><a href=\"https:\/\/nmsstleonhard-forst.ac.at\/wp-content\/uploads\/2019\/03\/Beilage-3....Informationsschreiben_Masern_und_kostenfreie_Kinde.pdf\" target=\"_blank\" rel=\"noopener noreferrer\">Information &#8211; Impfungen<\/a><\/p>\n<p><a href=\"https:\/\/nmsstleonhard-forst.ac.at\/wp-content\/uploads\/2019\/11\/Information-Kopfl\u00e4use.pdf\">Information &#8211; Kopfl\u00e4use<\/a><\/p>\n<p><a href=\"https:\/\/nmsstleonhard-forst.ac.at\/wp-content\/uploads\/2019\/09\/Kaliumjodid-Tabletten-Info.pdf\">Kaliumjodid-Tabletten Info<\/a><\/p>\n<hr \/>\n<p><a href=\"https:\/\/nmsstleonhard-forst.ac.at\/wp-content\/uploads\/2019\/09\/Schoolfox-f\u00fcr-Eltern-Erstanmeldung.pdf\">Schoolfox f\u00fcr Eltern &#8211; Erstanmeldung<\/a><\/p>\n<p><a href=\"https:\/\/nmsstleonhard-forst.ac.at\/wp-content\/uploads\/2023\/10\/Standortbezogenes-Foerderkonzept.pdf\">Standortbezogenes F\u00f6rderkonzept<\/a><\/p>\n<p><a href=\"https:\/\/nmsstleonhard-forst.ac.at\/wp-content\/uploads\/2021\/10\/Schnupperinfo_Eltern_2021_22.pdf\">Schnupperinfoblatt\u00a0<\/a> und <a href=\"https:\/\/nmsstleonhard-forst.ac.at\/wp-content\/uploads\/2021\/10\/Schnupperformular_20221_22.pdf\">Schnupperbest\u00e4tigung<\/a>, <a href=\"https:\/\/nmsstleonhard-forst.ac.at\/wp-content\/uploads\/2019\/10\/WKO_Schnupperformular_au\u00dferhalb_des_Unterrichts.pdf\">WKO_Schnupperformular_au\u00dferhalb_des_Unterrichts<\/a><\/p>\n<p><a href=\"https:\/\/nmsstleonhard-forst.ac.at\/wp-content\/uploads\/2023\/01\/Schulautonome-Stundentafel_NMS-und-MMS.doc\">Schulautonome Stundentafel Mittelschule &#8211; Musischer Schwerpunkt<\/a><\/p>\n\n\n<p><a href=\"https:\/\/nmsstleonhard-forst.ac.at\/wp-content\/uploads\/2026\/01\/Anmeldung_NMS2025_26-1.pdf\">Anmeldeformular<\/a><\/p>\n\n\n\n<p><\/p>\n","protected":false},"excerpt":{"rendered":"<p>Infobl\u00e4tter und Formulare zum Download: Beurteilungsrichtlinien Checkliste Wintersportwoche Information &#8211; Skabies Information &#8211; Impfungen Information &#8211; Kopfl\u00e4use Kaliumjodid-Tabletten Info Schoolfox f\u00fcr Eltern &#8211; Erstanmeldung Standortbezogenes F\u00f6rderkonzept Schnupperinfoblatt\u00a0 und Schnupperbest\u00e4tigung, WKO_Schnupperformular_au\u00dferhalb_des_Unterrichts Schulautonome Stundentafel Mittelschule &#8211; Musischer Schwerpunkt Anmeldeformular<\/p>\n","protected":false},"author":1,"featured_media":0,"parent":3668,"menu_order":0,"comment_status":"closed","ping_status":"closed","template":"","meta":{"footnotes":""},"class_list":["post-5438","page","type-page","status-publish","hentry"],"_links":{"self":[{"href":"https:\/\/nmsstleonhard-forst.ac.at\/index.php?rest_route=\/wp\/v2\/pages\/5438","targetHints":{"allow":["GET"]}}],"collection":[{"href":"https:\/\/nmsstleonhard-forst.ac.at\/index.php?rest_route=\/wp\/v2\/pages"}],"about":[{"href":"https:\/\/nmsstleonhard-forst.ac.at\/index.php?rest_route=\/wp\/v2\/types\/page"}],"author":[{"embeddable":true,"href":"https:\/\/nmsstleonhard-forst.ac.at\/index.php?rest_route=\/wp\/v2\/users\/1"}],"replies":[{"embeddable":true,"href":"https:\/\/nmsstleonhard-forst.ac.at\/index.php?rest_route=%2Fwp%2Fv2%2Fcomments&post=5438"}],"version-history":[{"count":53,"href":"https:\/\/nmsstleonhard-forst.ac.at\/index.php?rest_route=\/wp\/v2\/pages\/5438\/revisions"}],"predecessor-version":[{"id":11298,"href":"https:\/\/nmsstleonhard-forst.ac.at\/index.php?rest_route=\/wp\/v2\/pages\/5438\/revisions\/11298"}],"up":[{"embeddable":true,"href":"https:\/\/nmsstleonhard-forst.ac.at\/index.php?rest_route=\/wp\/v2\/pages\/3668"}],"wp:attachment":[{"href":"https:\/\/nmsstleonhard-forst.ac.at\/index.php?rest_route=%2Fwp%2Fv2%2Fmedia&parent=5438"}],"curies":[{"name":"wp","href":"https:\/\/api.w.org\/{rel}","templated":true}]}}