{"id":306,"date":"2010-12-12T20:03:53","date_gmt":"2010-12-12T18:03:53","guid":{"rendered":"http:\/\/hsstleonhard-forst.ac.at\/?page_id=306"},"modified":"2026-01-26T09:03:21","modified_gmt":"2026-01-26T08:03:21","slug":"elternverein","status":"publish","type":"page","link":"https:\/\/nmsstleonhard-forst.ac.at\/?page_id=306","title":{"rendered":"Elternverein"},"content":{"rendered":"\n<p><\/p>\n\n\n\n<p>Obfrau: <strong>Karin Freunberger<\/strong><\/p>\n\n\n\n<p>Kontakt: 0676 4751980, freunberger@wibs.at<\/p>\n\n\n\n<p><strong><br \/><\/strong>Stellvertreterin: <strong>Elisabeth Fichtinger<br \/><\/strong>Schriftf\u00fchrerin: <strong>Eva-Maria Bauer <\/strong>(nicht am Bild)<strong><br \/><\/strong>Stellvertreterin: <strong>Kathrin Hofschwaiger <\/strong>(nicht am Bild)<strong><br \/><\/strong>Kassierin: <strong>Martina Schmid<br \/><\/strong>Kassierstellvertreterin: <strong>Gerlinde Heigl-Gallistl<\/strong><\/p>\n\n\n\n<figure class=\"wp-block-image size-full\"><img loading=\"lazy\" decoding=\"async\" width=\"2560\" height=\"1701\" src=\"https:\/\/nmsstleonhard-forst.ac.at\/wp-content\/uploads\/2024\/10\/9.-Elternverein-fertig-scaled.jpg\" alt=\"\" class=\"wp-image-10505\" srcset=\"https:\/\/nmsstleonhard-forst.ac.at\/wp-content\/uploads\/2024\/10\/9.-Elternverein-fertig-scaled.jpg 2560w, https:\/\/nmsstleonhard-forst.ac.at\/wp-content\/uploads\/2024\/10\/9.-Elternverein-fertig-768x510.jpg 768w, https:\/\/nmsstleonhard-forst.ac.at\/wp-content\/uploads\/2024\/10\/9.-Elternverein-fertig-1536x1020.jpg 1536w, https:\/\/nmsstleonhard-forst.ac.at\/wp-content\/uploads\/2024\/10\/9.-Elternverein-fertig-2048x1361.jpg 2048w\" sizes=\"auto, (max-width: 2560px) 100vw, 2560px\" \/><\/figure>\n\n\n\n<p class=\"has-text-align-center\">**************<\/p>\n\n\n\n<p>Jahreshauptversammlung am 20. 10. 2022<\/p>\n\n\n\n<p><strong>Elternvereinsvorstand \u2013 2022\/23<\/strong><\/p>\n\n\n\n<p>Obfrau: <strong>Cornelia Wenninger<br \/><\/strong>Stellvertreterin: <strong>Martina Gruber<br \/><\/strong>Schriftf\u00fchrerin: <strong>Regina Koll<br \/><\/strong>Stellvertreterin: <strong>Martina Stumpf<br \/><\/strong>Kassierin: <strong>Sabine Resel<br \/><\/strong>Kassierstellvertreterin: <strong>Nadine Sch\u00f6nbichler<\/strong><\/p>\n\n\n\n<p><img loading=\"lazy\" decoding=\"async\" class=\"alignnone size-full wp-image-9185\" src=\"https:\/\/nmsstleonhard-forst.ac.at\/wp-content\/uploads\/2022\/11\/Elternverein.jpg\" alt=\"\" width=\"1024\" height=\"680\" srcset=\"https:\/\/nmsstleonhard-forst.ac.at\/wp-content\/uploads\/2022\/11\/Elternverein.jpg 1024w, https:\/\/nmsstleonhard-forst.ac.at\/wp-content\/uploads\/2022\/11\/Elternverein-768x510.jpg 768w\" sizes=\"auto, (max-width: 1024px) 100vw, 1024px\" \/>nicht im Bild: Martina Stumpf<\/p>\n\n\n\n<p class=\"has-text-align-center\">**************<\/p>\n\n\n\n<p>Jahreshauptversammlung am 18.10.2018<\/p>\n\n\n\n<p><strong>Elternvereinsvorstand &#8211; 2020\/21<br \/><\/strong><\/p>\n\n\n\n<p>Obfrau: <strong>Inge B\u00f6ck<br \/><\/strong>Stellvertreterin: <strong>Martina Gruber<\/strong><br \/>Schriftf\u00fchrerin: <strong>Regina Koll<\/strong><br \/>Stellvertreterin: <strong>Martina Stumpf<\/strong><br \/>Kassierin: <strong>Eva Kaltenbrunner<\/strong><br \/>Kassierstellvertreterin: <strong>Sabine Resel<\/strong><\/p>\n\n\n<div class=\"wp-block-image\">\n<figure class=\"aligncenter\"><a href=\"https:\/\/nmsstleonhard-forst.ac.at\/wp-content\/uploads\/2018\/10\/DSC08267.jpg\"><img loading=\"lazy\" decoding=\"async\" width=\"1024\" height=\"577\" src=\"https:\/\/nmsstleonhard-forst.ac.at\/wp-content\/uploads\/2018\/10\/DSC08267.jpg\" alt=\"\" class=\"wp-image-6164\" srcset=\"https:\/\/nmsstleonhard-forst.ac.at\/wp-content\/uploads\/2018\/10\/DSC08267.jpg 1024w, https:\/\/nmsstleonhard-forst.ac.at\/wp-content\/uploads\/2018\/10\/DSC08267-300x169.jpg 300w, https:\/\/nmsstleonhard-forst.ac.at\/wp-content\/uploads\/2018\/10\/DSC08267-768x433.jpg 768w, https:\/\/nmsstleonhard-forst.ac.at\/wp-content\/uploads\/2018\/10\/DSC08267-350x197.jpg 350w, https:\/\/nmsstleonhard-forst.ac.at\/wp-content\/uploads\/2018\/10\/DSC08267-860x484.jpg 860w\" sizes=\"auto, (max-width: 1024px) 100vw, 1024px\" \/><\/a><\/figure>\n<\/div>\n\n\n<p>nicht im Bild: Martina Stumpf<\/p>\n\n\n\n<p class=\"has-text-align-center\">**************<\/p>\n\n\n\n<p>Jahreshauptversammlung am 17.10.2017<\/p>\n\n\n\n<p><strong>Elternvereinsvorstand &#8211; 2017\/18<br \/><\/strong><\/p>\n\n\n\n<p>Obfrau: <strong>Martina Wally<br \/><\/strong>&nbsp;&nbsp;&nbsp;&nbsp;&nbsp;&nbsp;&nbsp;&nbsp;&nbsp;&nbsp;&nbsp;&nbsp;&nbsp;&nbsp;&nbsp; martina.wally@mvnet.at &#8211; 0676 7777090<br \/>Stellvertreterin: <strong>Gerlinde Riedl<\/strong><br \/>Schriftf\u00fchrerin: <strong>Beatrix Kaufmann<\/strong><br \/>Stellvertreterin: <strong>Elfriede Emsenhuber<\/strong><br \/>Kassierin: <strong>Marlene Daurer<\/strong><br \/>Kassierstellvertreterin: <strong>Birgit Hollaus<\/strong><\/p>\n\n\n\n<p>Rechnungspr\u00fcferinnen: <strong>Mario Aigner<\/strong> und <strong>Manfred Babinger<\/strong><\/p>\n\n\n\n<p class=\"has-text-align-center\">**************<\/p>\n\n\n\n<p>Jahreshauptversammlung am 20.10.2016 &#8211; u. a. mit Nachbesetzungen freigewordener Stellen<\/p>\n\n\n\n<p><strong><span style=\"color: #000000;\">Elternvereinsvorstand &#8211; 2016\/17<br \/><\/span><\/strong><\/p>\n\n\n\n<p>Obfrau: <strong>Martina Wally<br \/><\/strong>&nbsp;&nbsp;&nbsp;&nbsp;&nbsp;&nbsp;&nbsp;&nbsp;&nbsp;&nbsp;&nbsp;&nbsp;&nbsp;&nbsp;&nbsp; martina.wally@mvnet.at &#8211; 0676 7777090<br \/>Stellvertreterin: <strong>Gerlinde Riedl<\/strong><br \/>Schriftf\u00fchrerin: <strong>Angelika P\u00f6llendorfer<\/strong><br \/>Stellvertreterin: <strong>Beatrix Kaufmann<\/strong><br \/>Kassierin: <strong>Marlene Daurer<\/strong><br \/>Kassierstellvertreterin: <strong>Birgit Hollaus <\/strong>(neu)<\/p>\n\n\n\n<p>Rechnungspr\u00fcferinnen: <strong>Manuela Handl <\/strong>(neu)<strong>, Michaela Plank <\/strong>(neu)<br \/><a href=\"https:\/\/nmsstleonhard-forst.ac.at\/wp-content\/uploads\/2016\/10\/PJH_7635hp.jpg\"><img loading=\"lazy\" decoding=\"async\" class=\"alignnone size-full wp-image-4781\" src=\"https:\/\/nmsstleonhard-forst.ac.at\/wp-content\/uploads\/2016\/10\/PJH_7635hp.jpg\" alt=\"pjh_7635hp\" width=\"800\" height=\"368\" srcset=\"https:\/\/nmsstleonhard-forst.ac.at\/wp-content\/uploads\/2016\/10\/PJH_7635hp.jpg 800w, https:\/\/nmsstleonhard-forst.ac.at\/wp-content\/uploads\/2016\/10\/PJH_7635hp-300x138.jpg 300w, https:\/\/nmsstleonhard-forst.ac.at\/wp-content\/uploads\/2016\/10\/PJH_7635hp-768x353.jpg 768w\" sizes=\"auto, (max-width: 800px) 100vw, 800px\" \/><\/a><\/p>\n\n\n\n<p class=\"has-text-align-center\">**************<\/p>\n\n\n\n<p><span style=\"color: #000000;\">Elternvereinsvorstand 2015\/16<br \/><\/span><\/p>\n\n\n\n<p>Wahl am 28.10.2015<\/p>\n\n\n\n<p>Obfrau: <strong>Martina Wally<br \/><\/strong>&nbsp;&nbsp;&nbsp;&nbsp;&nbsp;&nbsp;&nbsp;&nbsp;&nbsp;&nbsp;&nbsp;&nbsp;&nbsp;&nbsp;&nbsp; martina.wally@mvnet.at &#8211; 0676 7777090<br \/>Stellvertreterin: <strong>Gerlinde Riedl<\/strong><br \/>Schriftf\u00fchrerin: <strong>Angelika P\u00f6llendorfer<\/strong><br \/>Stellvertreterin: <strong>Beatrix Kaufmann<\/strong><br \/>Kassierin: <strong>Marlene Daurer<\/strong><br \/>Stellvertreterin: <strong>Sonja Spies<\/strong><\/p>\n\n\n\n<p>Rechnungspr\u00fcferinnen: <strong>Birgit Hollaus, Regina Koll<\/strong><\/p>\n\n\n\n<p>Der Elternverein hat immer ein offenes Ohr f\u00fcr Anliegen der Schule. Er unterst\u00fctzt den Ankauf von Medien, organisiert Vortr\u00e4ge und finanziert zum Teil Veranstaltungen f\u00fcr die Sch\u00fcler.<\/p>\n\n\n<div class=\"wp-block-image\">\n<figure class=\"alignright\"><a href=\"https:\/\/nmsstleonhard-forst.ac.at\/wp-content\/uploads\/2015\/10\/PJH_8709hp.jpg\"><img loading=\"lazy\" decoding=\"async\" width=\"1024\" height=\"552\" src=\"https:\/\/nmsstleonhard-forst.ac.at\/wp-content\/uploads\/2015\/10\/PJH_8709hp.jpg\" alt=\"PJH_8709hp\" class=\"wp-image-3830\" srcset=\"https:\/\/nmsstleonhard-forst.ac.at\/wp-content\/uploads\/2015\/10\/PJH_8709hp.jpg 1024w, https:\/\/nmsstleonhard-forst.ac.at\/wp-content\/uploads\/2015\/10\/PJH_8709hp-300x162.jpg 300w\" sizes=\"auto, (max-width: 1024px) 100vw, 1024px\" \/><\/a><\/figure>\n<\/div>\n\n\n<p class=\"has-text-align-center\"><\/p>\n\n\n\n<p><\/p>\n","protected":false},"excerpt":{"rendered":"<p>Obfrau: Karin Freunberger Kontakt: 0676 4751980, freunberger@wibs.at Stellvertreterin: Elisabeth FichtingerSchriftf\u00fchrerin: Eva-Maria Bauer (nicht am Bild)Stellvertreterin: Kathrin Hofschwaiger (nicht am Bild)Kassierin: Martina SchmidKassierstellvertreterin: Gerlinde Heigl-Gallistl ************** Jahreshauptversammlung am 20. 10. 2022 Elternvereinsvorstand \u2013 2022\/23 Obfrau: Cornelia WenningerStellvertreterin: Martina GruberSchriftf\u00fchrerin: Regina KollStellvertreterin: Martina StumpfKassierin: Sabine ReselKassierstellvertreterin: Nadine <a class=\"more-link\" href=\"https:\/\/nmsstleonhard-forst.ac.at\/?page_id=306\">Weiterlesen\u00a0\u2026<\/a><\/p>\n","protected":false},"author":2,"featured_media":0,"parent":96,"menu_order":3,"comment_status":"closed","ping_status":"closed","template":"","meta":{"footnotes":""},"class_list":["post-306","page","type-page","status-publish","hentry"],"_links":{"self":[{"href":"https:\/\/nmsstleonhard-forst.ac.at\/index.php?rest_route=\/wp\/v2\/pages\/306","targetHints":{"allow":["GET"]}}],"collection":[{"href":"https:\/\/nmsstleonhard-forst.ac.at\/index.php?rest_route=\/wp\/v2\/pages"}],"about":[{"href":"https:\/\/nmsstleonhard-forst.ac.at\/index.php?rest_route=\/wp\/v2\/types\/page"}],"author":[{"embeddable":true,"href":"https:\/\/nmsstleonhard-forst.ac.at\/index.php?rest_route=\/wp\/v2\/users\/2"}],"replies":[{"embeddable":true,"href":"https:\/\/nmsstleonhard-forst.ac.at\/index.php?rest_route=%2Fwp%2Fv2%2Fcomments&post=306"}],"version-history":[{"count":49,"href":"https:\/\/nmsstleonhard-forst.ac.at\/index.php?rest_route=\/wp\/v2\/pages\/306\/revisions"}],"predecessor-version":[{"id":11132,"href":"https:\/\/nmsstleonhard-forst.ac.at\/index.php?rest_route=\/wp\/v2\/pages\/306\/revisions\/11132"}],"up":[{"embeddable":true,"href":"https:\/\/nmsstleonhard-forst.ac.at\/index.php?rest_route=\/wp\/v2\/pages\/96"}],"wp:attachment":[{"href":"https:\/\/nmsstleonhard-forst.ac.at\/index.php?rest_route=%2Fwp%2Fv2%2Fmedia&parent=306"}],"curies":[{"name":"wp","href":"https:\/\/api.w.org\/{rel}","templated":true}]}}