{"id":2997,"date":"2014-09-13T16:01:04","date_gmt":"2014-09-13T14:01:04","guid":{"rendered":"http:\/\/hsstleonhard-forst.ac.at\/?page_id=2997"},"modified":"2022-09-14T22:08:20","modified_gmt":"2022-09-14T20:08:20","slug":"reinigungspersonal","status":"publish","type":"page","link":"https:\/\/nmsstleonhard-forst.ac.at\/?page_id=2997","title":{"rendered":"Reinigungspersonal"},"content":{"rendered":"<p>Meist unauff\u00e4llig im Hintergrund, aber nicht minder wichtig:<\/p>\n<p>der Schulwart und sein Reinigungsteam. Sie sind die Ersten im Haus und meist auch die Letzten, die es verlassen. Ohne ihren st\u00e4ndigen Einsatz, k\u00f6nnte kein reibungsloser Ablauf des Schultages gew\u00e4hrleistet werden.<\/p>\n\n\n<figure class=\"wp-block-image size-full\"><img loading=\"lazy\" decoding=\"async\" width=\"1024\" height=\"613\" src=\"https:\/\/nmsstleonhard-forst.ac.at\/wp-content\/uploads\/2022\/09\/PJH_5714a-1.jpg\" alt=\"\" class=\"wp-image-9055\" srcset=\"https:\/\/nmsstleonhard-forst.ac.at\/wp-content\/uploads\/2022\/09\/PJH_5714a-1.jpg 1024w, https:\/\/nmsstleonhard-forst.ac.at\/wp-content\/uploads\/2022\/09\/PJH_5714a-1-768x460.jpg 768w\" sizes=\"auto, (max-width: 1024px) 100vw, 1024px\" \/><\/figure>\n\n\n\n<p>vlnr.: Sigrid Schmoll, Susanne Himetzberger, Harald Streimelweger (Schulwart),&nbsp;Rosa Schirgenhofer  und&nbsp;Anita Buresch<\/p>\n","protected":false},"excerpt":{"rendered":"<p>Meist unauff\u00e4llig im Hintergrund, aber nicht minder wichtig: der Schulwart und sein Reinigungsteam. Sie sind die Ersten im Haus und meist auch die Letzten, die es verlassen. Ohne ihren st\u00e4ndigen Einsatz, k\u00f6nnte kein reibungsloser Ablauf des Schultages gew\u00e4hrleistet werden. vlnr.: Sigrid Schmoll, Susanne Himetzberger, Harald <a class=\"more-link\" href=\"https:\/\/nmsstleonhard-forst.ac.at\/?page_id=2997\">Weiterlesen\u00a0\u2026<\/a><\/p>\n","protected":false},"author":2,"featured_media":0,"parent":96,"menu_order":2,"comment_status":"closed","ping_status":"closed","template":"","meta":{"footnotes":""},"class_list":["post-2997","page","type-page","status-publish","hentry"],"_links":{"self":[{"href":"https:\/\/nmsstleonhard-forst.ac.at\/index.php?rest_route=\/wp\/v2\/pages\/2997","targetHints":{"allow":["GET"]}}],"collection":[{"href":"https:\/\/nmsstleonhard-forst.ac.at\/index.php?rest_route=\/wp\/v2\/pages"}],"about":[{"href":"https:\/\/nmsstleonhard-forst.ac.at\/index.php?rest_route=\/wp\/v2\/types\/page"}],"author":[{"embeddable":true,"href":"https:\/\/nmsstleonhard-forst.ac.at\/index.php?rest_route=\/wp\/v2\/users\/2"}],"replies":[{"embeddable":true,"href":"https:\/\/nmsstleonhard-forst.ac.at\/index.php?rest_route=%2Fwp%2Fv2%2Fcomments&post=2997"}],"version-history":[{"count":16,"href":"https:\/\/nmsstleonhard-forst.ac.at\/index.php?rest_route=\/wp\/v2\/pages\/2997\/revisions"}],"predecessor-version":[{"id":9057,"href":"https:\/\/nmsstleonhard-forst.ac.at\/index.php?rest_route=\/wp\/v2\/pages\/2997\/revisions\/9057"}],"up":[{"embeddable":true,"href":"https:\/\/nmsstleonhard-forst.ac.at\/index.php?rest_route=\/wp\/v2\/pages\/96"}],"wp:attachment":[{"href":"https:\/\/nmsstleonhard-forst.ac.at\/index.php?rest_route=%2Fwp%2Fv2%2Fmedia&parent=2997"}],"curies":[{"name":"wp","href":"https:\/\/api.w.org\/{rel}","templated":true}]}}