{"id":1978,"date":"2013-10-05T18:52:56","date_gmt":"2013-10-05T16:52:56","guid":{"rendered":"http:\/\/hsstleonhard-forst.ac.at\/?page_id=1978"},"modified":"2026-04-21T09:14:35","modified_gmt":"2026-04-21T07:14:35","slug":"berufsorientierung","status":"publish","type":"page","link":"https:\/\/nmsstleonhard-forst.ac.at\/?page_id=1978","title":{"rendered":"Berufsinformation"},"content":{"rendered":"<div class=\"wp-block-image\">\n<figure class=\"alignright is-resized\"><a href=\"https:\/\/nmsstleonhard-forst.ac.at\/wp-content\/uploads\/2013\/10\/PJH_8375hp-e1570019616576.jpg\"><img loading=\"lazy\" decoding=\"async\" width=\"275\" height=\"300\" src=\"https:\/\/nmsstleonhard-forst.ac.at\/wp-content\/uploads\/2013\/10\/PJH_8375hp-275x300.jpg\" alt=\"\" class=\"wp-image-3765\" style=\"aspect-ratio:0.9167655534836413;width:207px;height:auto\"\/><\/a><\/figure>\n<\/div>\n\n\n<h3 class=\"wp-block-heading\">Unsere Schule wurde mit dem Berufsorientierungs-G\u00fctesiegel ausgezeichnet.<\/h3>\n\n\n\n<p><span style=\"color: #0000ff;\"><strong><span style=\"color: #800080;\">Meine Zukunft,<br \/>meine Karriere!<\/span><\/strong><\/span><\/p>\n\n\n\n<p>Bildungs- und Berufsentscheidungen sind wichtige Lebensentscheidungen. Daher ist es wichtig, sich rechtzeitig auf sie vorzubereiten.<\/p>\n\n\n\n<p>Berufsorientierung wird an unserer Schule in der 7. und 8. Schulstufe als Pflichtgegenstand, sowie integrativ gef\u00fchrt.<\/p>\n\n\n\n<figure class=\"wp-block-gallery has-nested-images columns-default is-cropped wp-block-gallery-1 is-layout-flex wp-block-gallery-is-layout-flex\">\n<figure class=\"wp-block-image size-large\"><img loading=\"lazy\" decoding=\"async\" width=\"640\" height=\"480\" data-id=\"11236\" src=\"https:\/\/nmsstleonhard-forst.ac.at\/wp-content\/uploads\/2026\/02\/BO3-1.jpg\" alt=\"\" class=\"wp-image-11236\"\/><\/figure>\n<\/figure>\n\n\n\n<p>Themen aus der Berufs- und Arbeitswelt&nbsp; werden in m\u00f6glichst vielen Gegenst\u00e4nden im Unterricht behandelt und durch Realbegegnungen, wie Betriebsbesichtigungen, sowie Exkursionen und den Besuch von Experten in der Schule erg\u00e4nzt. Weiters haben die Sch\u00fclerInnen die M\u00f6glichkeit im Rahmen der individuellen Berufsorientierung Einblick in die Berufswelt zu erlangen.<\/p>\n\n\n\n<p>Berufsorientierung ist ein Wegweiser f\u00fcr die Zukunft der Sch\u00fclerInnen, sei es in weiterf\u00fchrende Schulen, zur Polytechnischen Schule oder zum Direkteinstieg in den Beruf.<\/p>\n\n\n\n<p><\/p>\n\n\n\n<div class=\"wp-block-file\"><a id=\"wp-block-file--media-00e4b2d1-7544-44f1-b3c9-3d38b8f8c930\" href=\"https:\/\/nmsstleonhard-forst.ac.at\/wp-content\/uploads\/2021\/10\/Schnupperinfo_Eltern_2021_22.pdf\">Schnupperinfoblatt<\/a><a href=\"https:\/\/nmsstleonhard-forst.ac.at\/wp-content\/uploads\/2021\/10\/Schnupperinfo_Eltern_2021_22.pdf\" class=\"wp-block-file__button wp-element-button\" download aria-describedby=\"wp-block-file--media-00e4b2d1-7544-44f1-b3c9-3d38b8f8c930\">Herunterladen<\/a><\/div>\n\n\n\n<div class=\"wp-block-file\"><a id=\"wp-block-file--media-b97492ab-c851-4e5a-8447-496f8bbebe5b\" href=\"https:\/\/nmsstleonhard-forst.ac.at\/wp-content\/uploads\/2021\/10\/Schnupperformular_20221_22.pdf\">Schnupperbest\u00e4tigung<\/a><a href=\"https:\/\/nmsstleonhard-forst.ac.at\/wp-content\/uploads\/2021\/10\/Schnupperformular_20221_22.pdf\" class=\"wp-block-file__button wp-element-button\" download aria-describedby=\"wp-block-file--media-b97492ab-c851-4e5a-8447-496f8bbebe5b\">Herunterladen<\/a><\/div>\n\n\n\n<p><a href=\"https:\/\/nmsstleonhard-forst.ac.at\/wp-content\/uploads\/2019\/10\/WKO_Schnupperformular_au\u00dferhalb_des_Unterrichts.pdf\">WKO_Schnupperformular_au\u00dferhalb_des_Unterrichts<\/a><\/p>\n","protected":false},"excerpt":{"rendered":"<p>Unsere Schule wurde mit dem Berufsorientierungs-G\u00fctesiegel ausgezeichnet. Meine Zukunft,meine Karriere! Bildungs- und Berufsentscheidungen sind wichtige Lebensentscheidungen. Daher ist es wichtig, sich rechtzeitig auf sie vorzubereiten. Berufsorientierung wird an unserer Schule in der 7. und 8. Schulstufe als Pflichtgegenstand, sowie integrativ gef\u00fchrt. Themen aus der Berufs- <a class=\"more-link\" href=\"https:\/\/nmsstleonhard-forst.ac.at\/?page_id=1978\">Weiterlesen\u00a0\u2026<\/a><\/p>\n","protected":false},"author":2,"featured_media":0,"parent":113,"menu_order":5,"comment_status":"closed","ping_status":"closed","template":"","meta":{"footnotes":""},"class_list":["post-1978","page","type-page","status-publish","hentry"],"_links":{"self":[{"href":"https:\/\/nmsstleonhard-forst.ac.at\/index.php?rest_route=\/wp\/v2\/pages\/1978","targetHints":{"allow":["GET"]}}],"collection":[{"href":"https:\/\/nmsstleonhard-forst.ac.at\/index.php?rest_route=\/wp\/v2\/pages"}],"about":[{"href":"https:\/\/nmsstleonhard-forst.ac.at\/index.php?rest_route=\/wp\/v2\/types\/page"}],"author":[{"embeddable":true,"href":"https:\/\/nmsstleonhard-forst.ac.at\/index.php?rest_route=\/wp\/v2\/users\/2"}],"replies":[{"embeddable":true,"href":"https:\/\/nmsstleonhard-forst.ac.at\/index.php?rest_route=%2Fwp%2Fv2%2Fcomments&post=1978"}],"version-history":[{"count":64,"href":"https:\/\/nmsstleonhard-forst.ac.at\/index.php?rest_route=\/wp\/v2\/pages\/1978\/revisions"}],"predecessor-version":[{"id":11297,"href":"https:\/\/nmsstleonhard-forst.ac.at\/index.php?rest_route=\/wp\/v2\/pages\/1978\/revisions\/11297"}],"up":[{"embeddable":true,"href":"https:\/\/nmsstleonhard-forst.ac.at\/index.php?rest_route=\/wp\/v2\/pages\/113"}],"wp:attachment":[{"href":"https:\/\/nmsstleonhard-forst.ac.at\/index.php?rest_route=%2Fwp%2Fv2%2Fmedia&parent=1978"}],"curies":[{"name":"wp","href":"https:\/\/api.w.org\/{rel}","templated":true}]}}