{"id":113,"date":"2010-09-29T19:01:49","date_gmt":"2010-09-29T17:01:49","guid":{"rendered":"http:\/\/hsstleonhard-forst.ac.at\/?page_id=113"},"modified":"2021-01-28T08:45:48","modified_gmt":"2021-01-28T07:45:48","slug":"dies-und-das","status":"publish","type":"page","link":"https:\/\/nmsstleonhard-forst.ac.at\/?page_id=113","title":{"rendered":"ANGEBOTE"},"content":{"rendered":"<p>Auf diesen Seiten berichten wir \u00fcber verschiedene Angebote, die an der NMS St. Leonhard\/Forst durchgef\u00fchrt werden.<\/p>\n<p><strong>Angebote unserer Schule<\/strong><\/p>\n<ul>\n<li><a href=\"https:\/\/nmsstleonhard-forst.ac.at\/?page_id=8273\" target=\"_blank\" rel=\"noopener\">Lerncoach<\/a> (=Nachmittagsbetreuung): t\u00e4glich von 14.00 \u2013 14.50 Uhr<br \/>\nDie Anmeldung erfolgt durch Eintragen in die Lerncoachliste, die in der Schule aush\u00e4ngt.<\/li>\n<li><a href=\"https:\/\/nmsstleonhard-forst.ac.at\/?page_id=5135\" target=\"_blank\" rel=\"noopener\">F\u00f6rderunterricht<\/a> in Deutsch, Englisch und Mathematik (Einteilung siehe Termine\/F\u00f6rderunterricht)<\/li>\n<li><a href=\"https:\/\/nmsstleonhard-forst.ac.at\/?page_id=7973\" target=\"_blank\" rel=\"noopener\">Masterkurs<\/a> f\u00fcr die Standard AHS Gruppen der 4. Klassen in Deutsch, Englisch und Mathematik<\/li>\n<li><a href=\"https:\/\/nmsstleonhard-forst.ac.at\/?page_id=7985\" target=\"_blank\" rel=\"noopener\">Lerntreff <\/a>(t\u00e4glich von 7.20 \u2013 7.45 Uhr)<\/li>\n<li><a href=\"https:\/\/nmsstleonhard-forst.ac.at\/?page_id=8263\" target=\"_blank\" rel=\"noopener\">Bewegte Pause<\/a><\/li>\n<li><a href=\"https:\/\/nmsstleonhard-forst.ac.at\/?page_id=8013\" target=\"_blank\" rel=\"noopener\">Wahlfplichtf\u00e4cher<\/a> in der 7. und 8. Schulstufe<\/li>\n<li><a href=\"https:\/\/nmsstleonhard-forst.ac.at\/?page_id=7987\" target=\"_blank\" rel=\"noopener\">Unverbindliche \u00dcbungen<\/a> f\u00fcr alle Sch\u00fclerinnen und Sch\u00fcler<\/li>\n<li><a href=\"https:\/\/nmsstleonhard-forst.ac.at\/?page_id=7960\" target=\"_blank\" rel=\"noopener\">Lesef\u00f6rderung<\/a> f\u00fcr Sch\u00fclerinnen und Sch\u00fcler der 5. Schulstufe<\/li>\n<li>eine gut ausgestattete <a href=\"https:\/\/nmsstleonhard-forst.ac.at\/?page_id=7931\" target=\"_blank\" rel=\"noreferrer noopener\" data-rich-text-format-boundary=\"true\">Schulbibliothek<\/a><\/li>\n<li>ein <a href=\"https:\/\/nmsstleonhard-forst.ac.at\/?page_id=116\" target=\"_blank\" rel=\"noopener\">Jausenbuffet<\/a> von der Caritas<\/li>\n<li>das Fach <a href=\"https:\/\/nmsstleonhard-forst.ac.at\/?page_id=1978\" target=\"_blank\" rel=\"noopener\">Berufsorientierung<\/a> in der 7. und 8. Schulstufe<\/li>\n<\/ul>\n","protected":false},"excerpt":{"rendered":"<p>Auf diesen Seiten berichten wir \u00fcber verschiedene Angebote, die an der NMS St. Leonhard\/Forst durchgef\u00fchrt werden. Angebote unserer Schule Lerncoach (=Nachmittagsbetreuung): t\u00e4glich von 14.00 \u2013 14.50 Uhr Die Anmeldung erfolgt durch Eintragen in die Lerncoachliste, die in der Schule aush\u00e4ngt. F\u00f6rderunterricht in Deutsch, Englisch und <a class=\"more-link\" href=\"https:\/\/nmsstleonhard-forst.ac.at\/?page_id=113\">Weiterlesen\u00a0\u2026<\/a><\/p>\n","protected":false},"author":2,"featured_media":0,"parent":0,"menu_order":4,"comment_status":"closed","ping_status":"closed","template":"","meta":{"footnotes":""},"class_list":["post-113","page","type-page","status-publish","hentry"],"_links":{"self":[{"href":"https:\/\/nmsstleonhard-forst.ac.at\/index.php?rest_route=\/wp\/v2\/pages\/113","targetHints":{"allow":["GET"]}}],"collection":[{"href":"https:\/\/nmsstleonhard-forst.ac.at\/index.php?rest_route=\/wp\/v2\/pages"}],"about":[{"href":"https:\/\/nmsstleonhard-forst.ac.at\/index.php?rest_route=\/wp\/v2\/types\/page"}],"author":[{"embeddable":true,"href":"https:\/\/nmsstleonhard-forst.ac.at\/index.php?rest_route=\/wp\/v2\/users\/2"}],"replies":[{"embeddable":true,"href":"https:\/\/nmsstleonhard-forst.ac.at\/index.php?rest_route=%2Fwp%2Fv2%2Fcomments&post=113"}],"version-history":[{"count":52,"href":"https:\/\/nmsstleonhard-forst.ac.at\/index.php?rest_route=\/wp\/v2\/pages\/113\/revisions"}],"predecessor-version":[{"id":8279,"href":"https:\/\/nmsstleonhard-forst.ac.at\/index.php?rest_route=\/wp\/v2\/pages\/113\/revisions\/8279"}],"wp:attachment":[{"href":"https:\/\/nmsstleonhard-forst.ac.at\/index.php?rest_route=%2Fwp%2Fv2%2Fmedia&parent=113"}],"curies":[{"name":"wp","href":"https:\/\/api.w.org\/{rel}","templated":true}]}}