{"id":101,"date":"2010-09-29T16:16:44","date_gmt":"2010-09-29T14:16:44","guid":{"rendered":"http:\/\/hsstleonhard-forst.ac.at\/?page_id=101"},"modified":"2026-01-26T09:10:02","modified_gmt":"2026-01-26T08:10:02","slug":"zusammenleben","status":"publish","type":"page","link":"https:\/\/nmsstleonhard-forst.ac.at\/?page_id=101","title":{"rendered":"ZUSAMMENLEBEN"},"content":{"rendered":"<p>Ein engagiertes Lehreteam und die moderne Schulausstattung erm\u00f6glichen einen zeitgem\u00e4\u00dfen Unterricht. Unsere Schule bietet N\u00e4he zum Wohnort, Lerncoaching in Deutsch, Englisch und Mathematik, Integration f\u00fcr Sch\u00fclerInnen mit besonderen Bed\u00fcrfnissen und Nachmittagsbetreuung gemeinsam mit der Volksschule Ruprechtshofen. Erg\u00e4nzt wird das Bildungsangebot durch einen musischen Schwerpunkt, projektorientierten Unterricht, Schwerpunktwochen (z. B. Sommer- und Wintersportwoche, Wienwoche, Sprachwoche oder English-Project Week) und Unverbindliche \u00dcbungen zur F\u00f6rderung des sportlichen, kreativen und sprachlichen Bereiches. In Zusammenarbeit mit der Caritaswerkst\u00e4tte wird t\u00e4glich eine \u201eGesunde Jause\u201c beim Schulbuffet angeboten.<\/p>\n<p>Unsere Sch\u00fcler\/innen sind bei Wettbewerben immer wieder erfolgreich. Mehr als 50% wechseln nach der 8. Schulstufe in weiterf\u00fchrende Schulen, unsere Schulabg\u00e4nger sind bei den Betrieben als Lehrlinge gefragt. Ein positives Schulklima und die gute Zusammenarbeit mit den Eltern, den Volksschulen und dem <a href=\"http:\/\/www.sz-ybbs.ac.at\">Schulzentrum Ybbs\/Donau<\/a>, unserer Partnerschule, im Sinne einer lebendigen Schulpartnerschaft erleichtern den Umstieg.<\/p>\n","protected":false},"excerpt":{"rendered":"<p>Ein engagiertes Lehreteam und die moderne Schulausstattung erm\u00f6glichen einen zeitgem\u00e4\u00dfen Unterricht. Unsere Schule bietet N\u00e4he zum Wohnort, Lerncoaching in Deutsch, Englisch und Mathematik, Integration f\u00fcr Sch\u00fclerInnen mit besonderen Bed\u00fcrfnissen und Nachmittagsbetreuung gemeinsam mit der Volksschule Ruprechtshofen. Erg\u00e4nzt wird das Bildungsangebot durch einen musischen Schwerpunkt, projektorientierten <a class=\"more-link\" href=\"https:\/\/nmsstleonhard-forst.ac.at\/?page_id=101\">Weiterlesen\u00a0\u2026<\/a><\/p>\n","protected":false},"author":2,"featured_media":0,"parent":0,"menu_order":2,"comment_status":"closed","ping_status":"closed","template":"","meta":{"footnotes":""},"class_list":["post-101","page","type-page","status-publish","hentry"],"_links":{"self":[{"href":"https:\/\/nmsstleonhard-forst.ac.at\/index.php?rest_route=\/wp\/v2\/pages\/101","targetHints":{"allow":["GET"]}}],"collection":[{"href":"https:\/\/nmsstleonhard-forst.ac.at\/index.php?rest_route=\/wp\/v2\/pages"}],"about":[{"href":"https:\/\/nmsstleonhard-forst.ac.at\/index.php?rest_route=\/wp\/v2\/types\/page"}],"author":[{"embeddable":true,"href":"https:\/\/nmsstleonhard-forst.ac.at\/index.php?rest_route=\/wp\/v2\/users\/2"}],"replies":[{"embeddable":true,"href":"https:\/\/nmsstleonhard-forst.ac.at\/index.php?rest_route=%2Fwp%2Fv2%2Fcomments&post=101"}],"version-history":[{"count":31,"href":"https:\/\/nmsstleonhard-forst.ac.at\/index.php?rest_route=\/wp\/v2\/pages\/101\/revisions"}],"predecessor-version":[{"id":11139,"href":"https:\/\/nmsstleonhard-forst.ac.at\/index.php?rest_route=\/wp\/v2\/pages\/101\/revisions\/11139"}],"wp:attachment":[{"href":"https:\/\/nmsstleonhard-forst.ac.at\/index.php?rest_route=%2Fwp%2Fv2%2Fmedia&parent=101"}],"curies":[{"name":"wp","href":"https:\/\/api.w.org\/{rel}","templated":true}]}}